{"id":12709,"date":"2019-01-17T12:06:46","date_gmt":"2019-01-17T11:06:46","guid":{"rendered":"https:\/\/www2.palagina.eu\/k-zip\/"},"modified":"2021-05-13T18:00:01","modified_gmt":"2021-05-13T16:00:01","slug":"k-zip","status":"publish","type":"page","link":"https:\/\/www2.palagina.eu\/de\/k-zip\/","title":{"rendered":"K-zip"},"content":{"rendered":"<div class=\"n2-section-smartslider fitvidsignore \" data-ssid=\"6\" tabindex=\"0\" role=\"region\" aria-label=\"Slider\"><div id=\"n2-ss-6-align\" class=\"n2-ss-align\"><div class=\"n2-padding\"><div id=\"n2-ss-6\" data-creator=\"Smart Slider 3\" data-responsive=\"auto\" class=\"n2-ss-slider n2-ow n2-has-hover n2notransition  \"><div class=\"n2-ss-slider-wrapper-inside\">\n        <div class=\"n2-ss-slider-1 n2_ss__touch_element n2-ow\">\n            <div class=\"n2-ss-slider-2 n2-ow\">\n                                                <div class=\"n2-ss-slider-3 n2-ow\">\n\n                    <div class=\"n2-ss-slide-backgrounds n2-ow-all\"><div class=\"n2-ss-slide-background\" data-public-id=\"1\" data-mode=\"fill\"><div class=\"n2-ss-slide-background-image\" data-blur=\"0\" data-opacity=\"100\" data-x=\"50\" data-y=\"50\" data-alt=\"\" data-title=\"\"><picture class=\"skip-lazy\" data-skip-lazy=\"1\"><img src=\"\/\/www2.palagina.eu\/wp-content\/uploads\/2018\/12\/IMG_8760.jpg\" alt=\"\" title=\"\" loading=\"lazy\" class=\"skip-lazy\" data-skip-lazy=\"1\"><\/picture><\/div><div data-color=\"RGBA(255,255,255,0)\" style=\"background-color: RGBA(255,255,255,0);\" class=\"n2-ss-slide-background-color\"><\/div><\/div><div class=\"n2-ss-slide-background\" data-public-id=\"2\" data-mode=\"fill\"><div class=\"n2-ss-slide-background-image\" data-blur=\"0\" data-opacity=\"100\" data-x=\"50\" data-y=\"50\" data-alt=\"\" data-title=\"\"><picture class=\"skip-lazy\" data-skip-lazy=\"1\"><img src=\"\/\/www2.palagina.eu\/wp-content\/uploads\/2018\/12\/kzip-nizza-2017.jpg\" alt=\"\" title=\"\" loading=\"lazy\" class=\"skip-lazy\" data-skip-lazy=\"1\"><\/picture><\/div><div data-color=\"RGBA(255,255,255,0)\" style=\"background-color: RGBA(255,255,255,0);\" class=\"n2-ss-slide-background-color\"><\/div><\/div><div class=\"n2-ss-slide-background\" data-public-id=\"3\" data-mode=\"fill\"><div class=\"n2-ss-slide-background-image\" data-blur=\"0\" data-opacity=\"100\" data-x=\"50\" data-y=\"50\" data-alt=\"\" data-title=\"\"><picture class=\"skip-lazy\" data-skip-lazy=\"1\"><img src=\"\/\/www2.palagina.eu\/wp-content\/uploads\/2018\/11\/Paolo_9380.jpg\" alt=\"\" title=\"\" loading=\"lazy\" class=\"skip-lazy\" data-skip-lazy=\"1\"><\/picture><\/div><div data-color=\"RGBA(255,255,255,0)\" style=\"background-color: RGBA(255,255,255,0);\" class=\"n2-ss-slide-background-color\"><\/div><\/div><div class=\"n2-ss-slide-background\" data-public-id=\"4\" data-mode=\"fill\"><div class=\"n2-ss-slide-background-image\" data-blur=\"0\" data-opacity=\"100\" data-x=\"50\" data-y=\"50\" data-alt=\"\" data-title=\"\"><picture class=\"skip-lazy\" data-skip-lazy=\"1\"><img src=\"\/\/www2.palagina.eu\/wp-content\/uploads\/2018\/11\/Paolo_9387.jpg\" alt=\"\" title=\"\" loading=\"lazy\" class=\"skip-lazy\" data-skip-lazy=\"1\"><\/picture><\/div><div data-color=\"RGBA(255,255,255,0)\" style=\"background-color: RGBA(255,255,255,0);\" class=\"n2-ss-slide-background-color\"><\/div><\/div><div class=\"n2-ss-slide-background\" data-public-id=\"5\" data-mode=\"fill\"><div class=\"n2-ss-slide-background-image\" data-blur=\"0\" data-opacity=\"100\" data-x=\"50\" data-y=\"50\" data-alt=\"\" data-title=\"\"><picture class=\"skip-lazy\" data-skip-lazy=\"1\"><img src=\"\/\/www2.palagina.eu\/wp-content\/uploads\/2018\/12\/IMG7206.jpg\" alt=\"\" title=\"\" loading=\"lazy\" class=\"skip-lazy\" data-skip-lazy=\"1\"><\/picture><\/div><div data-color=\"RGBA(255,255,255,0)\" style=\"background-color: RGBA(255,255,255,0);\" class=\"n2-ss-slide-background-color\"><\/div><\/div><div class=\"n2-ss-slide-background\" data-public-id=\"6\" data-mode=\"fill\"><div class=\"n2-ss-slide-background-image\" data-blur=\"0\" data-opacity=\"100\" data-x=\"50\" data-y=\"50\" data-alt=\"\" data-title=\"\"><picture class=\"skip-lazy\" data-skip-lazy=\"1\"><img src=\"\/\/www2.palagina.eu\/wp-content\/uploads\/2018\/12\/IMG_5359.jpg\" alt=\"\" title=\"\" loading=\"lazy\" class=\"skip-lazy\" data-skip-lazy=\"1\"><\/picture><\/div><div data-color=\"RGBA(255,255,255,0)\" style=\"background-color: RGBA(255,255,255,0);\" class=\"n2-ss-slide-background-color\"><\/div><\/div><div class=\"n2-ss-slide-background\" data-public-id=\"7\" data-mode=\"fill\"><div class=\"n2-ss-slide-background-image\" data-blur=\"0\" data-opacity=\"100\" data-x=\"50\" data-y=\"50\" data-alt=\"\" data-title=\"\"><picture class=\"skip-lazy\" data-skip-lazy=\"1\"><img src=\"\/\/www2.palagina.eu\/wp-content\/uploads\/2018\/12\/IMG_3294.jpg\" alt=\"\" title=\"\" loading=\"lazy\" class=\"skip-lazy\" data-skip-lazy=\"1\"><\/picture><\/div><div data-color=\"RGBA(255,255,255,0)\" style=\"background-color: RGBA(255,255,255,0);\" class=\"n2-ss-slide-background-color\"><\/div><\/div><div class=\"n2-ss-slide-background\" data-public-id=\"8\" data-mode=\"fill\"><div class=\"n2-ss-slide-background-image\" data-blur=\"0\" data-opacity=\"100\" data-x=\"50\" data-y=\"50\" data-alt=\"\" data-title=\"\"><picture class=\"skip-lazy\" data-skip-lazy=\"1\"><img src=\"\/\/www2.palagina.eu\/wp-content\/uploads\/2018\/12\/IMG_8793.jpg\" alt=\"\" title=\"\" loading=\"lazy\" class=\"skip-lazy\" data-skip-lazy=\"1\"><\/picture><\/div><div data-color=\"RGBA(255,255,255,0)\" style=\"background-color: RGBA(255,255,255,0);\" class=\"n2-ss-slide-background-color\"><\/div><\/div><div class=\"n2-ss-slide-background\" data-public-id=\"9\" data-mode=\"fill\"><div class=\"n2-ss-slide-background-image\" data-blur=\"0\" data-opacity=\"100\" data-x=\"50\" data-y=\"50\" data-alt=\"\" data-title=\"\"><picture class=\"skip-lazy\" data-skip-lazy=\"1\"><img src=\"\/\/www2.palagina.eu\/wp-content\/uploads\/2018\/12\/20180906_193045.jpg\" alt=\"\" title=\"\" loading=\"lazy\" class=\"skip-lazy\" data-skip-lazy=\"1\"><\/picture><\/div><div data-color=\"RGBA(255,255,255,0)\" style=\"background-color: RGBA(255,255,255,0);\" class=\"n2-ss-slide-background-color\"><\/div><\/div><div class=\"n2-ss-slide-background\" data-public-id=\"10\" data-mode=\"fill\"><div class=\"n2-ss-slide-background-image\" data-blur=\"0\" data-opacity=\"100\" data-x=\"50\" data-y=\"50\" data-alt=\"\" data-title=\"\"><picture class=\"skip-lazy\" data-skip-lazy=\"1\"><img src=\"\/\/www2.palagina.eu\/wp-content\/uploads\/2018\/12\/HEATH-2.jpg\" alt=\"\" title=\"\" loading=\"lazy\" class=\"skip-lazy\" data-skip-lazy=\"1\"><\/picture><\/div><div data-color=\"RGBA(255,255,255,0)\" style=\"background-color: RGBA(255,255,255,0);\" class=\"n2-ss-slide-background-color\"><\/div><\/div><div class=\"n2-ss-slide-background\" data-public-id=\"11\" data-mode=\"fill\"><div class=\"n2-ss-slide-background-image\" data-blur=\"0\" data-opacity=\"100\" data-x=\"50\" data-y=\"50\" data-alt=\"\" data-title=\"\"><picture class=\"skip-lazy\" data-skip-lazy=\"1\"><img src=\"\/\/www2.palagina.eu\/wp-content\/uploads\/2018\/12\/IMG_5888.jpg\" alt=\"\" title=\"\" loading=\"lazy\" class=\"skip-lazy\" data-skip-lazy=\"1\"><\/picture><\/div><div data-color=\"RGBA(255,255,255,0)\" style=\"background-color: RGBA(255,255,255,0);\" class=\"n2-ss-slide-background-color\"><\/div><\/div><\/div>                    <div class=\"n2-ss-slider-4 n2-ow\">\n                        <svg xmlns=\"http:\/\/www.w3.org\/2000\/svg\" viewBox=\"0 0 1000 400\" data-related-device=\"desktopPortrait\" class=\"n2-ow n2-ss-preserve-size n2-ss-preserve-size--slider n2-ss-slide-limiter\"><\/svg><div data-first=\"1\" data-slide-duration=\"0\" data-id=\"49\" data-slide-public-id=\"1\" data-title=\"k.zip; zip; cristal; palagina\" class=\"n2-ss-slide n2-ow  n2-ss-slide-49\"><div role=\"note\" class=\"n2-ss-slide--focus\" tabindex=\"-1\">k.zip; zip; cristal; palagina<\/div><div class=\"n2-ss-layers-container n2-ss-slide-limiter n2-ow\"><div class=\"n2-ss-layer n2-ow n-uc-U77P0UqTtv6L\" data-sstype=\"slide\" data-pm=\"default\"><\/div><\/div><\/div><div data-slide-duration=\"0\" data-id=\"51\" data-slide-public-id=\"2\" data-title=\"kzip nizza 2017\" class=\"n2-ss-slide n2-ow  n2-ss-slide-51\"><div role=\"note\" class=\"n2-ss-slide--focus\" tabindex=\"-1\">kzip nizza 2017<\/div><div class=\"n2-ss-layers-container n2-ss-slide-limiter n2-ow\"><div class=\"n2-ss-layer n2-ow n-uc-lyHxHrYnPPyL\" data-sstype=\"slide\" data-pm=\"default\"><\/div><\/div><\/div><div data-slide-duration=\"0\" data-id=\"53\" data-slide-public-id=\"3\" data-title=\"Paolo_9380\" class=\"n2-ss-slide n2-ow  n2-ss-slide-53\"><div role=\"note\" class=\"n2-ss-slide--focus\" tabindex=\"-1\">Paolo_9380<\/div><div class=\"n2-ss-layers-container n2-ss-slide-limiter n2-ow\"><div class=\"n2-ss-layer n2-ow n-uc-U04GyEvujZKa\" data-sstype=\"slide\" data-pm=\"default\"><\/div><\/div><\/div><div data-slide-duration=\"0\" data-id=\"54\" data-slide-public-id=\"4\" data-title=\"Paolo_9387\" class=\"n2-ss-slide n2-ow  n2-ss-slide-54\"><div role=\"note\" class=\"n2-ss-slide--focus\" tabindex=\"-1\">Paolo_9387<\/div><div class=\"n2-ss-layers-container n2-ss-slide-limiter n2-ow\"><div class=\"n2-ss-layer n2-ow n-uc-8OfSyzisSlkc\" data-sstype=\"slide\" data-pm=\"default\"><\/div><\/div><\/div><div data-slide-duration=\"0\" data-id=\"56\" data-slide-public-id=\"5\" data-title=\"_IMG7206\" class=\"n2-ss-slide n2-ow  n2-ss-slide-56\"><div role=\"note\" class=\"n2-ss-slide--focus\" tabindex=\"-1\">_IMG7206<\/div><div class=\"n2-ss-layers-container n2-ss-slide-limiter n2-ow\"><div class=\"n2-ss-layer n2-ow n-uc-nQ6ODsyi9XwE\" data-sstype=\"slide\" data-pm=\"default\"><\/div><\/div><\/div><div data-slide-duration=\"0\" data-id=\"57\" data-slide-public-id=\"6\" data-title=\"IMG_5359\" class=\"n2-ss-slide n2-ow  n2-ss-slide-57\"><div role=\"note\" class=\"n2-ss-slide--focus\" tabindex=\"-1\">IMG_5359<\/div><div class=\"n2-ss-layers-container n2-ss-slide-limiter n2-ow\"><div class=\"n2-ss-layer n2-ow n-uc-4hgTIDsZxAWo\" data-sstype=\"slide\" data-pm=\"default\"><\/div><\/div><\/div><div data-slide-duration=\"0\" data-id=\"58\" data-slide-public-id=\"7\" data-title=\"IMG_3294\" class=\"n2-ss-slide n2-ow  n2-ss-slide-58\"><div role=\"note\" class=\"n2-ss-slide--focus\" tabindex=\"-1\">IMG_3294<\/div><div class=\"n2-ss-layers-container n2-ss-slide-limiter n2-ow\"><div class=\"n2-ss-layer n2-ow n-uc-32pzhUsWu42l\" data-sstype=\"slide\" data-pm=\"default\"><\/div><\/div><\/div><div data-slide-duration=\"0\" data-id=\"50\" data-slide-public-id=\"8\" data-title=\"k.zip; zip; cristal; palagina\" class=\"n2-ss-slide n2-ow  n2-ss-slide-50\"><div role=\"note\" class=\"n2-ss-slide--focus\" tabindex=\"-1\">k.zip; zip; cristal; palagina<\/div><div class=\"n2-ss-layers-container n2-ss-slide-limiter n2-ow\"><div class=\"n2-ss-layer n2-ow n-uc-ihgthlZuUedC\" data-sstype=\"slide\" data-pm=\"default\"><\/div><\/div><\/div><div data-slide-duration=\"0\" data-id=\"59\" data-slide-public-id=\"9\" data-title=\"20180906_193045\" class=\"n2-ss-slide n2-ow  n2-ss-slide-59\"><div role=\"note\" class=\"n2-ss-slide--focus\" tabindex=\"-1\">20180906_193045<\/div><div class=\"n2-ss-layers-container n2-ss-slide-limiter n2-ow\"><div class=\"n2-ss-layer n2-ow n-uc-CppI0iRJbBOt\" data-sstype=\"slide\" data-pm=\"default\"><\/div><\/div><\/div><div data-slide-duration=\"0\" data-id=\"60\" data-slide-public-id=\"10\" data-title=\"HEATH (2)\" class=\"n2-ss-slide n2-ow  n2-ss-slide-60\"><div role=\"note\" class=\"n2-ss-slide--focus\" tabindex=\"-1\">HEATH (2)<\/div><div class=\"n2-ss-layers-container n2-ss-slide-limiter n2-ow\"><div class=\"n2-ss-layer n2-ow n-uc-0Rg2zsu7o2JQ\" data-sstype=\"slide\" data-pm=\"default\"><\/div><\/div><\/div><div data-slide-duration=\"0\" data-id=\"61\" data-slide-public-id=\"11\" data-title=\"IMG_5888\" class=\"n2-ss-slide n2-ow  n2-ss-slide-61\"><div role=\"note\" class=\"n2-ss-slide--focus\" tabindex=\"-1\">IMG_5888<\/div><div class=\"n2-ss-layers-container n2-ss-slide-limiter n2-ow\"><div class=\"n2-ss-layer n2-ow n-uc-jjU7zefoygsc\" data-sstype=\"slide\" data-pm=\"default\"><\/div><\/div><\/div>                    <\/div>\n\n                                    <\/div>\n            <\/div>\n        <\/div>\n        <div class=\"n2-ss-slider-controls n2-ss-slider-controls-absolute-left-center\"><div style=\"--widget-offset:15px;\" class=\"n2-ss-widget nextend-arrow n2-ow-all nextend-arrow-previous  nextend-arrow-animated-fade\" data-hide-mobileportrait=\"1\" id=\"n2-ss-6-arrow-previous\" role=\"button\" aria-label=\"previous arrow\" tabindex=\"0\"><img loading=\"lazy\" width=\"32\" height=\"32\" class=\"skip-lazy\" data-skip-lazy=\"1\" src=\"data:image\/svg+xml;base64,PHN2ZyB3aWR0aD0iMzIiIGhlaWdodD0iMzIiIHZpZXdCb3g9IjAgMCAzMiAzMiIgeG1sbnM9Imh0dHA6Ly93d3cudzMub3JnLzIwMDAvc3ZnIj4KICAgIDxwYXRoIGQ9Ik0xMS40MzMgMTUuOTkyTDIyLjY5IDUuNzEyYy4zOTMtLjM5LjM5My0xLjAzIDAtMS40Mi0uMzkzLS4zOS0xLjAzLS4zOS0xLjQyMyAwbC0xMS45OCAxMC45NGMtLjIxLjIxLS4zLjQ5LS4yODUuNzYtLjAxNS4yOC4wNzUuNTYuMjg0Ljc3bDExLjk4IDEwLjk0Yy4zOTMuMzkgMS4wMy4zOSAxLjQyNCAwIC4zOTMtLjQuMzkzLTEuMDMgMC0xLjQybC0xMS4yNTctMTAuMjkiCiAgICAgICAgICBmaWxsPSIjZmZmZmZmIiBvcGFjaXR5PSIwLjgiIGZpbGwtcnVsZT0iZXZlbm9kZCIvPgo8L3N2Zz4=\" alt=\"previous arrow\"><\/div><\/div><div class=\"n2-ss-slider-controls n2-ss-slider-controls-absolute-right-center\"><div style=\"--widget-offset:15px;\" class=\"n2-ss-widget nextend-arrow n2-ow-all nextend-arrow-next  nextend-arrow-animated-fade\" data-hide-mobileportrait=\"1\" id=\"n2-ss-6-arrow-next\" role=\"button\" aria-label=\"next arrow\" tabindex=\"0\"><img loading=\"lazy\" width=\"32\" height=\"32\" class=\"skip-lazy\" data-skip-lazy=\"1\" src=\"data:image\/svg+xml;base64,PHN2ZyB3aWR0aD0iMzIiIGhlaWdodD0iMzIiIHZpZXdCb3g9IjAgMCAzMiAzMiIgeG1sbnM9Imh0dHA6Ly93d3cudzMub3JnLzIwMDAvc3ZnIj4KICAgIDxwYXRoIGQ9Ik0xMC43MjIgNC4yOTNjLS4zOTQtLjM5LTEuMDMyLS4zOS0xLjQyNyAwLS4zOTMuMzktLjM5MyAxLjAzIDAgMS40MmwxMS4yODMgMTAuMjgtMTEuMjgzIDEwLjI5Yy0uMzkzLjM5LS4zOTMgMS4wMiAwIDEuNDIuMzk1LjM5IDEuMDMzLjM5IDEuNDI3IDBsMTIuMDA3LTEwLjk0Yy4yMS0uMjEuMy0uNDkuMjg0LS43Ny4wMTQtLjI3LS4wNzYtLjU1LS4yODYtLjc2TDEwLjcyIDQuMjkzeiIKICAgICAgICAgIGZpbGw9IiNmZmZmZmYiIG9wYWNpdHk9IjAuOCIgZmlsbC1ydWxlPSJldmVub2RkIi8+Cjwvc3ZnPg==\" alt=\"next arrow\"><\/div><\/div><\/div><\/div><ss3-loader><\/ss3-loader><\/div><\/div><div class=\"n2_clear\"><\/div><\/div>\n\n\n<div class=\"wp-block-image\"><figure class=\"alignleft\"><img loading=\"lazy\" width=\"150\" height=\"150\" src=\"https:\/\/www2.palagina.eu\/wp-content\/uploads\/2019\/01\/Bott_Kzip-150x150.png\" alt=\"\" class=\"wp-image-12710\"\/><\/figure><\/div>\n\n\n\n<h4>Unsere K.zip Rollos vereinen schlichtes, modernes Design und High-Tech. Sie sind flach, wasserdicht, windfest und einfach zu bedienen.<\/h4>\n\n\n\n<p><\/p>\n\n\n\n<h4>Die hochtransparenten Cristal Gewebe sind ideal um Ihre Au\u00dfenbereiche zu verschlie\u00dfen. Weiterhin bietet K.zip auch eine gro\u00dfe Auswahl an Screen,-, Verdunkelungs- und Filtergeweben.<\/h4>\n\n\n\n<div style=\"height:100px\" aria-hidden=\"true\" class=\"wp-block-spacer\"><\/div>\n\n\n\n<div class=\"wp-container-4 wp-block-columns alignwide has-3-columns\">\n<div class=\"wp-container-1 wp-block-column\">\n<h4 class=\"has-text-align-center\">MOTORISIERTES<\/h4>\n\n\n\n<div class=\"wp-block-image\"><figure class=\"aligncenter\"><img loading=\"lazy\" width=\"300\" height=\"300\" src=\"https:\/\/www2.palagina.eu\/wp-content\/uploads\/2019\/01\/Motorizzata-Copia-300x300.jpg\" alt=\"\" class=\"wp-image-12718\"\/><figcaption><br>Aktiviert \u00fcber Funksteuerung oder Smarthomesyteme.<\/figcaption><\/figure><\/div>\n<\/div>\n\n\n\n<div class=\"wp-container-2 wp-block-column\">\n<h4 class=\"has-text-align-center\" id=\"mce_14\">KURBEL<\/h4>\n\n\n\n<div class=\"wp-block-image\"><figure class=\"aligncenter\"><img loading=\"lazy\" width=\"300\" height=\"300\" src=\"https:\/\/www2.palagina.eu\/wp-content\/uploads\/2019\/01\/Argano-Copia-300x300.jpg\" alt=\"\" class=\"wp-image-12722\"\/><figcaption><br>Man\u00f6vrieren mit klassischen Kurbelmechanismen f\u00fcr leichte Bewegung.<br><\/figcaption><\/figure><\/div>\n<\/div>\n\n\n\n<div class=\"wp-container-3 wp-block-column\">\n<h4 class=\"has-text-align-center\" id=\"mce_14\">SMART<\/h4>\n\n\n\n<div class=\"wp-block-image\"><figure class=\"aligncenter\"><img loading=\"lazy\" width=\"300\" height=\"300\" src=\"https:\/\/www2.palagina.eu\/wp-content\/uploads\/2019\/01\/Smart-Copia-300x300.jpg\" alt=\"\" class=\"wp-image-12714\"\/><figcaption><br>Das neue K.zip SMART kann einfach durch einen Griff, welcher die Griffstange entriegelt und auch als Pedal verwendet werden kann, bewegt werden. Die Leichtigkeit der Bewegung wird durch eine einstellbare Feder garantiert.<br><\/figcaption><\/figure><\/div>\n<\/div>\n<\/div>\n","protected":false},"excerpt":{"rendered":"<p>Unsere K.zip Rollos vereinen schlichtes, modernes Design und High-Tech. Sie sind flach, wasserdicht, windfest und einfach zu bedienen. Die hochtransparenten Cristal Gewebe sind ideal um Ihre Au\u00dfenbereiche zu verschlie\u00dfen. Weiterhin bietet K.zip auch eine gro\u00dfe Auswahl an Screen,-, Verdunkelungs- und Filtergeweben. MOTORISIERTES KURBEL SMART<\/p>\n","protected":false},"author":1867,"featured_media":0,"parent":0,"menu_order":0,"comment_status":"closed","ping_status":"closed","template":"","meta":[],"acf":[],"yoast_head":"<!-- This site is optimized with the Yoast SEO plugin v19.8 - https:\/\/yoast.com\/wordpress\/plugins\/seo\/ -->\n<title>K-zip - PALAGINA<\/title>\n<meta name=\"robots\" content=\"noindex, follow, max-snippet:-1, max-image-preview:large, max-video-preview:-1\" \/>\n<meta property=\"og:locale\" content=\"de_DE\" \/>\n<meta property=\"og:type\" content=\"article\" \/>\n<meta property=\"og:title\" content=\"K-zip - PALAGINA\" \/>\n<meta property=\"og:description\" content=\"Unsere K.zip Rollos vereinen schlichtes, modernes Design und High-Tech. Sie sind flach, wasserdicht, windfest und einfach zu bedienen. Die hochtransparenten Cristal Gewebe sind ideal um Ihre Au\u00dfenbereiche zu verschlie\u00dfen. Weiterhin bietet K.zip auch eine gro\u00dfe Auswahl an Screen,-, Verdunkelungs- und Filtergeweben. MOTORISIERTES KURBEL SMART\" \/>\n<meta property=\"og:url\" content=\"https:\/\/www2.palagina.eu\/de\/k-zip\/\" \/>\n<meta property=\"og:site_name\" content=\"PALAGINA\" \/>\n<meta property=\"article:publisher\" content=\"https:\/\/www.facebook.com\/palaginazanzariere\/\" \/>\n<meta property=\"article:modified_time\" content=\"2021-05-13T16:00:01+00:00\" \/>\n<meta property=\"og:image\" content=\"https:\/\/www2.palagina.eu\/wp-content\/uploads\/2019\/01\/Bott_Kzip-150x150.png\" \/>\n<meta name=\"twitter:card\" content=\"summary_large_image\" \/>\n<meta name=\"twitter:label1\" content=\"Gesch\u00e4tzte Lesezeit\" \/>\n\t<meta name=\"twitter:data1\" content=\"2 Minuten\" \/>\n<script type=\"application\/ld+json\" class=\"yoast-schema-graph\">{\"@context\":\"https:\/\/schema.org\",\"@graph\":[{\"@type\":\"WebPage\",\"@id\":\"https:\/\/www2.palagina.eu\/de\/k-zip\/\",\"url\":\"https:\/\/www2.palagina.eu\/de\/k-zip\/\",\"name\":\"K-zip - PALAGINA\",\"isPartOf\":{\"@id\":\"https:\/\/www2.palagina.eu\/#website\"},\"datePublished\":\"2019-01-17T11:06:46+00:00\",\"dateModified\":\"2021-05-13T16:00:01+00:00\",\"breadcrumb\":{\"@id\":\"https:\/\/www2.palagina.eu\/de\/k-zip\/#breadcrumb\"},\"inLanguage\":\"de-DE\",\"potentialAction\":[{\"@type\":\"ReadAction\",\"target\":[\"https:\/\/www2.palagina.eu\/de\/k-zip\/\"]}]},{\"@type\":\"BreadcrumbList\",\"@id\":\"https:\/\/www2.palagina.eu\/de\/k-zip\/#breadcrumb\",\"itemListElement\":[{\"@type\":\"ListItem\",\"position\":1,\"name\":\"Home\",\"item\":\"https:\/\/www2.palagina.eu\/de\/\"},{\"@type\":\"ListItem\",\"position\":2,\"name\":\"K-zip\"}]},{\"@type\":\"WebSite\",\"@id\":\"https:\/\/www2.palagina.eu\/#website\",\"url\":\"https:\/\/www2.palagina.eu\/\",\"name\":\"PALAGINA\",\"description\":\"Il modo migliore di proteggersi\",\"publisher\":{\"@id\":\"https:\/\/www2.palagina.eu\/#organization\"},\"potentialAction\":[{\"@type\":\"SearchAction\",\"target\":{\"@type\":\"EntryPoint\",\"urlTemplate\":\"https:\/\/www2.palagina.eu\/?s={search_term_string}\"},\"query-input\":\"required name=search_term_string\"}],\"inLanguage\":\"de-DE\"},{\"@type\":\"Organization\",\"@id\":\"https:\/\/www2.palagina.eu\/#organization\",\"name\":\"Palagina\",\"url\":\"https:\/\/www2.palagina.eu\/\",\"sameAs\":[\"https:\/\/www.youtube.com\/user\/PALAGINAZANZARIERE\",\"https:\/\/www.facebook.com\/palaginazanzariere\/\"],\"logo\":{\"@type\":\"ImageObject\",\"inLanguage\":\"de-DE\",\"@id\":\"https:\/\/www2.palagina.eu\/#\/schema\/logo\/image\/\",\"url\":\"https:\/\/www2.palagina.eu\/wp-content\/uploads\/2019\/02\/SimboloMarchio.jpg\",\"contentUrl\":\"https:\/\/www2.palagina.eu\/wp-content\/uploads\/2019\/02\/SimboloMarchio.jpg\",\"width\":1490,\"height\":270,\"caption\":\"Palagina\"},\"image\":{\"@id\":\"https:\/\/www2.palagina.eu\/#\/schema\/logo\/image\/\"}}]}<\/script>\n<!-- \/ Yoast SEO plugin. -->","yoast_head_json":{"title":"K-zip - PALAGINA","robots":{"index":"noindex","follow":"follow","max-snippet":"max-snippet:-1","max-image-preview":"max-image-preview:large","max-video-preview":"max-video-preview:-1"},"og_locale":"de_DE","og_type":"article","og_title":"K-zip - PALAGINA","og_description":"Unsere K.zip Rollos vereinen schlichtes, modernes Design und High-Tech. Sie sind flach, wasserdicht, windfest und einfach zu bedienen. Die hochtransparenten Cristal Gewebe sind ideal um Ihre Au\u00dfenbereiche zu verschlie\u00dfen. Weiterhin bietet K.zip auch eine gro\u00dfe Auswahl an Screen,-, Verdunkelungs- und Filtergeweben. MOTORISIERTES KURBEL SMART","og_url":"https:\/\/www2.palagina.eu\/de\/k-zip\/","og_site_name":"PALAGINA","article_publisher":"https:\/\/www.facebook.com\/palaginazanzariere\/","article_modified_time":"2021-05-13T16:00:01+00:00","og_image":[{"url":"https:\/\/www2.palagina.eu\/wp-content\/uploads\/2019\/01\/Bott_Kzip-150x150.png"}],"twitter_card":"summary_large_image","twitter_misc":{"Gesch\u00e4tzte Lesezeit":"2 Minuten"},"schema":{"@context":"https:\/\/schema.org","@graph":[{"@type":"WebPage","@id":"https:\/\/www2.palagina.eu\/de\/k-zip\/","url":"https:\/\/www2.palagina.eu\/de\/k-zip\/","name":"K-zip - PALAGINA","isPartOf":{"@id":"https:\/\/www2.palagina.eu\/#website"},"datePublished":"2019-01-17T11:06:46+00:00","dateModified":"2021-05-13T16:00:01+00:00","breadcrumb":{"@id":"https:\/\/www2.palagina.eu\/de\/k-zip\/#breadcrumb"},"inLanguage":"de-DE","potentialAction":[{"@type":"ReadAction","target":["https:\/\/www2.palagina.eu\/de\/k-zip\/"]}]},{"@type":"BreadcrumbList","@id":"https:\/\/www2.palagina.eu\/de\/k-zip\/#breadcrumb","itemListElement":[{"@type":"ListItem","position":1,"name":"Home","item":"https:\/\/www2.palagina.eu\/de\/"},{"@type":"ListItem","position":2,"name":"K-zip"}]},{"@type":"WebSite","@id":"https:\/\/www2.palagina.eu\/#website","url":"https:\/\/www2.palagina.eu\/","name":"PALAGINA","description":"Il modo migliore di proteggersi","publisher":{"@id":"https:\/\/www2.palagina.eu\/#organization"},"potentialAction":[{"@type":"SearchAction","target":{"@type":"EntryPoint","urlTemplate":"https:\/\/www2.palagina.eu\/?s={search_term_string}"},"query-input":"required name=search_term_string"}],"inLanguage":"de-DE"},{"@type":"Organization","@id":"https:\/\/www2.palagina.eu\/#organization","name":"Palagina","url":"https:\/\/www2.palagina.eu\/","sameAs":["https:\/\/www.youtube.com\/user\/PALAGINAZANZARIERE","https:\/\/www.facebook.com\/palaginazanzariere\/"],"logo":{"@type":"ImageObject","inLanguage":"de-DE","@id":"https:\/\/www2.palagina.eu\/#\/schema\/logo\/image\/","url":"https:\/\/www2.palagina.eu\/wp-content\/uploads\/2019\/02\/SimboloMarchio.jpg","contentUrl":"https:\/\/www2.palagina.eu\/wp-content\/uploads\/2019\/02\/SimboloMarchio.jpg","width":1490,"height":270,"caption":"Palagina"},"image":{"@id":"https:\/\/www2.palagina.eu\/#\/schema\/logo\/image\/"}}]}},"_links":{"self":[{"href":"https:\/\/www2.palagina.eu\/de\/wp-json\/wp\/v2\/pages\/12709"}],"collection":[{"href":"https:\/\/www2.palagina.eu\/de\/wp-json\/wp\/v2\/pages"}],"about":[{"href":"https:\/\/www2.palagina.eu\/de\/wp-json\/wp\/v2\/types\/page"}],"author":[{"embeddable":true,"href":"https:\/\/www2.palagina.eu\/de\/wp-json\/wp\/v2\/users\/1867"}],"replies":[{"embeddable":true,"href":"https:\/\/www2.palagina.eu\/de\/wp-json\/wp\/v2\/comments?post=12709"}],"version-history":[{"count":0,"href":"https:\/\/www2.palagina.eu\/de\/wp-json\/wp\/v2\/pages\/12709\/revisions"}],"wp:attachment":[{"href":"https:\/\/www2.palagina.eu\/de\/wp-json\/wp\/v2\/media?parent=12709"}],"curies":[{"name":"wp","href":"https:\/\/api.w.org\/{rel}","templated":true}]}}