{"id":17878,"date":"2019-05-07T14:51:32","date_gmt":"2019-05-07T12:51:32","guid":{"rendered":"https:\/\/www2.palagina.eu\/produkte\/"},"modified":"2019-05-20T09:54:37","modified_gmt":"2019-05-20T07:54:37","slug":"produkte","status":"publish","type":"page","link":"https:\/\/www2.palagina.eu\/de\/produkte\/","title":{"rendered":"Produkte"},"content":{"rendered":"<div class=\"wpb-content-wrapper\"><p>[vc_row][vc_column][vc_single_image image=&#8221;13373&#8243; img_size=&#8221;full&#8221;][\/vc_column][\/vc_row][vc_row][vc_column width=&#8221;1\/2&#8243;][vc_btn title=&#8221;Online Katalog &#8221; align=&#8221;center&#8221; button_block=&#8221;true&#8221; link=&#8221;url:https%3A%2F%2Fwww2.palagina.eu%2Fcatalogo%2F|&#8221;][\/vc_column][vc_column width=&#8221;1\/2&#8243;][vc_btn title=&#8221;PDF Katalog&#8221; align=&#8221;center&#8221; button_block=&#8221;true&#8221; link=&#8221;url:https%3A%2F%2Fwww2.palagina.eu%2Fde%2Fprodukte%2Fpdf-kataloge%2F|&#8221;][\/vc_column][\/vc_row][vc_row][vc_column width=&#8221;1\/3&#8243;][vc_empty_space][vc_text_separator title=&#8221;Insektenschutz&#8221;][vc_hoverbox image=&#8221;11115&#8243; primary_title=&#8221;Insektenschutz&#8221; primary_title_font_container=&#8221;color:%23ffffff&#8221; primary_title_use_theme_fonts=&#8221;yes&#8221; hover_title=&#8221;Insektenschutz&#8221; shape=&#8221;square&#8221; hover_btn_title=&#8221;Erfahren Sie mehr!&#8221; use_custom_fonts_primary_title=&#8221;true&#8221; hover_add_button=&#8221;true&#8221; hover_btn_link=&#8221;url:https%3A%2F%2Fwww2.palagina.eu%2Fde%2Fprodukte%2Finsektenschutz%2F|&#8221;]Wenn Sie Ihre Insektenschutzrollos auch bei Tageslicht geschlossen halten, k\u00f6nnen Sie Ihr Zuhause und Ihre Umgebung leben, ohne Brummen!<\/p>\n<p>[\/vc_hoverbox][\/vc_column][vc_column width=&#8221;1\/3&#8243;][vc_empty_space][vc_text_separator title=&#8221;Au\u00dfen Rollos&#8221;][vc_hoverbox image=&#8221;13803&#8243; primary_title=&#8221;Au\u00dfen Rollos&#8221; primary_title_font_container=&#8221;color:%23ffffff&#8221; primary_title_use_theme_fonts=&#8221;yes&#8221; hover_title=&#8221;Au\u00dfen Rollos&#8221; shape=&#8221;square&#8221; hover_btn_title=&#8221;Erfahren Sie mehr!&#8221; use_custom_fonts_primary_title=&#8221;true&#8221; hover_add_button=&#8221;true&#8221; hover_btn_link=&#8221;url:https%3A%2F%2Fwww2.palagina.eu%2Fde%2Fprodukte%2Fausen-rollos%2F|&#8221;]Au\u00dfen Rollos sch\u00fctzen vor Hitze und erh\u00f6hen den Wohnkomfort.<\/p>\n<p>[\/vc_hoverbox][\/vc_column][vc_column width=&#8221;1\/3&#8243;][vc_empty_space][vc_text_separator title=&#8221;Innere Rollos&#8221;][vc_hoverbox image=&#8221;14046&#8243; primary_title=&#8221;Innere Rollos&#8221; primary_title_font_container=&#8221;color:%23ffffff&#8221; primary_title_use_theme_fonts=&#8221;yes&#8221; hover_title=&#8221;Innere Rollos&#8221; shape=&#8221;square&#8221; hover_btn_title=&#8221;Erfahren Sie mehr!&#8221; use_custom_fonts_primary_title=&#8221;true&#8221; hover_add_button=&#8221;true&#8221; hover_btn_link=&#8221;url:https%3A%2F%2Fwww2.palagina.eu%2Fde%2Fprodukte%2Finnere-rollos%2F|&#8221;]Die Innen Rollos sch\u00fctzen Ihre R\u00e4ume vor Privatsph\u00e4re.<\/p>\n<p>[\/vc_hoverbox][\/vc_column][\/vc_row]<\/p>\n<\/div>","protected":false},"excerpt":{"rendered":"<p>[vc_row][vc_column][vc_single_image image=&#8221;13373&#8243; img_size=&#8221;full&#8221;][\/vc_column][\/vc_row][vc_row][vc_column width=&#8221;1\/2&#8243;][vc_btn title=&#8221;Online Katalog &#8221; align=&#8221;center&#8221; button_block=&#8221;true&#8221; link=&#8221;url:https%3A%2F%2Fwww2.palagina.eu%2Fcatalogo%2F|&#8221;][\/vc_column][vc_column width=&#8221;1\/2&#8243;][vc_btn title=&#8221;PDF Katalog&#8221; align=&#8221;center&#8221; button_block=&#8221;true&#8221; link=&#8221;url:https%3A%2F%2Fwww2.palagina.eu%2Fde%2Fprodukte%2Fpdf-kataloge%2F|&#8221;][\/vc_column][\/vc_row][vc_row][vc_column width=&#8221;1\/3&#8243;][vc_empty_space][vc_text_separator title=&#8221;Insektenschutz&#8221;][vc_hoverbox image=&#8221;11115&#8243; primary_title=&#8221;Insektenschutz&#8221; primary_title_font_container=&#8221;color:%23ffffff&#8221; primary_title_use_theme_fonts=&#8221;yes&#8221; hover_title=&#8221;Insektenschutz&#8221; shape=&#8221;square&#8221; hover_btn_title=&#8221;Erfahren Sie mehr!&#8221; use_custom_fonts_primary_title=&#8221;true&#8221; hover_add_button=&#8221;true&#8221; hover_btn_link=&#8221;url:https%3A%2F%2Fwww2.palagina.eu%2Fde%2Fprodukte%2Finsektenschutz%2F|&#8221;]Wenn Sie Ihre Insektenschutzrollos auch bei Tageslicht geschlossen halten, k\u00f6nnen Sie Ihr Zuhause und Ihre Umgebung leben, ohne Brummen! [\/vc_hoverbox][\/vc_column][vc_column width=&#8221;1\/3&#8243;][vc_empty_space][vc_text_separator title=&#8221;Au\u00dfen Rollos&#8221;][vc_hoverbox image=&#8221;13803&#8243; primary_title=&#8221;Au\u00dfen Rollos&#8221; [&hellip;]<\/p>\n","protected":false},"author":981,"featured_media":0,"parent":0,"menu_order":0,"comment_status":"closed","ping_status":"closed","template":"","meta":[],"acf":[],"yoast_head":"<!-- This site is optimized with the Yoast SEO plugin v19.8 - https:\/\/yoast.com\/wordpress\/plugins\/seo\/ -->\n<title>Produkte - PALAGINA<\/title>\n<meta name=\"robots\" content=\"noindex, follow, max-snippet:-1, max-image-preview:large, max-video-preview:-1\" \/>\n<meta property=\"og:locale\" content=\"de_DE\" \/>\n<meta property=\"og:type\" content=\"article\" \/>\n<meta property=\"og:title\" content=\"Produkte - PALAGINA\" \/>\n<meta property=\"og:description\" content=\"[vc_row][vc_column][vc_single_image image=&#8221;13373&#8243; img_size=&#8221;full&#8221;][\/vc_column][\/vc_row][vc_row][vc_column width=&#8221;1\/2&#8243;][vc_btn title=&#8221;Online Katalog &#8221; align=&#8221;center&#8221; button_block=&#8221;true&#8221; link=&#8221;url:https%3A%2F%2Fwww2.palagina.eu%2Fcatalogo%2F|&#8221;][\/vc_column][vc_column width=&#8221;1\/2&#8243;][vc_btn title=&#8221;PDF Katalog&#8221; align=&#8221;center&#8221; button_block=&#8221;true&#8221; link=&#8221;url:https%3A%2F%2Fwww2.palagina.eu%2Fde%2Fprodukte%2Fpdf-kataloge%2F|&#8221;][\/vc_column][\/vc_row][vc_row][vc_column width=&#8221;1\/3&#8243;][vc_empty_space][vc_text_separator title=&#8221;Insektenschutz&#8221;][vc_hoverbox image=&#8221;11115&#8243; primary_title=&#8221;Insektenschutz&#8221; primary_title_font_container=&#8221;color:%23ffffff&#8221; primary_title_use_theme_fonts=&#8221;yes&#8221; hover_title=&#8221;Insektenschutz&#8221; shape=&#8221;square&#8221; hover_btn_title=&#8221;Erfahren Sie mehr!&#8221; use_custom_fonts_primary_title=&#8221;true&#8221; hover_add_button=&#8221;true&#8221; hover_btn_link=&#8221;url:https%3A%2F%2Fwww2.palagina.eu%2Fde%2Fprodukte%2Finsektenschutz%2F|&#8221;]Wenn Sie Ihre Insektenschutzrollos auch bei Tageslicht geschlossen halten, k\u00f6nnen Sie Ihr Zuhause und Ihre Umgebung leben, ohne Brummen! [\/vc_hoverbox][\/vc_column][vc_column width=&#8221;1\/3&#8243;][vc_empty_space][vc_text_separator title=&#8221;Au\u00dfen Rollos&#8221;][vc_hoverbox image=&#8221;13803&#8243; primary_title=&#8221;Au\u00dfen Rollos&#8221; [&hellip;]\" \/>\n<meta property=\"og:url\" content=\"https:\/\/www2.palagina.eu\/de\/produkte\/\" \/>\n<meta property=\"og:site_name\" content=\"PALAGINA\" \/>\n<meta property=\"article:publisher\" content=\"https:\/\/www.facebook.com\/palaginazanzariere\/\" \/>\n<meta property=\"article:modified_time\" content=\"2019-05-20T07:54:37+00:00\" \/>\n<meta name=\"twitter:card\" content=\"summary_large_image\" \/>\n<meta name=\"twitter:label1\" content=\"Gesch\u00e4tzte Lesezeit\" \/>\n\t<meta name=\"twitter:data1\" content=\"2 Minuten\" \/>\n<script type=\"application\/ld+json\" class=\"yoast-schema-graph\">{\"@context\":\"https:\/\/schema.org\",\"@graph\":[{\"@type\":\"WebPage\",\"@id\":\"https:\/\/www2.palagina.eu\/de\/produkte\/\",\"url\":\"https:\/\/www2.palagina.eu\/de\/produkte\/\",\"name\":\"Produkte - PALAGINA\",\"isPartOf\":{\"@id\":\"https:\/\/www2.palagina.eu\/#website\"},\"datePublished\":\"2019-05-07T12:51:32+00:00\",\"dateModified\":\"2019-05-20T07:54:37+00:00\",\"breadcrumb\":{\"@id\":\"https:\/\/www2.palagina.eu\/de\/produkte\/#breadcrumb\"},\"inLanguage\":\"de-DE\",\"potentialAction\":[{\"@type\":\"ReadAction\",\"target\":[\"https:\/\/www2.palagina.eu\/de\/produkte\/\"]}]},{\"@type\":\"BreadcrumbList\",\"@id\":\"https:\/\/www2.palagina.eu\/de\/produkte\/#breadcrumb\",\"itemListElement\":[{\"@type\":\"ListItem\",\"position\":1,\"name\":\"Home\",\"item\":\"https:\/\/www2.palagina.eu\/de\/\"},{\"@type\":\"ListItem\",\"position\":2,\"name\":\"Produkte\"}]},{\"@type\":\"WebSite\",\"@id\":\"https:\/\/www2.palagina.eu\/#website\",\"url\":\"https:\/\/www2.palagina.eu\/\",\"name\":\"PALAGINA\",\"description\":\"Il modo migliore di proteggersi\",\"publisher\":{\"@id\":\"https:\/\/www2.palagina.eu\/#organization\"},\"potentialAction\":[{\"@type\":\"SearchAction\",\"target\":{\"@type\":\"EntryPoint\",\"urlTemplate\":\"https:\/\/www2.palagina.eu\/?s={search_term_string}\"},\"query-input\":\"required name=search_term_string\"}],\"inLanguage\":\"de-DE\"},{\"@type\":\"Organization\",\"@id\":\"https:\/\/www2.palagina.eu\/#organization\",\"name\":\"Palagina\",\"url\":\"https:\/\/www2.palagina.eu\/\",\"sameAs\":[\"https:\/\/www.youtube.com\/user\/PALAGINAZANZARIERE\",\"https:\/\/www.facebook.com\/palaginazanzariere\/\"],\"logo\":{\"@type\":\"ImageObject\",\"inLanguage\":\"de-DE\",\"@id\":\"https:\/\/www2.palagina.eu\/#\/schema\/logo\/image\/\",\"url\":\"https:\/\/www2.palagina.eu\/wp-content\/uploads\/2019\/02\/SimboloMarchio.jpg\",\"contentUrl\":\"https:\/\/www2.palagina.eu\/wp-content\/uploads\/2019\/02\/SimboloMarchio.jpg\",\"width\":1490,\"height\":270,\"caption\":\"Palagina\"},\"image\":{\"@id\":\"https:\/\/www2.palagina.eu\/#\/schema\/logo\/image\/\"}}]}<\/script>\n<!-- \/ Yoast SEO plugin. -->","yoast_head_json":{"title":"Produkte - PALAGINA","robots":{"index":"noindex","follow":"follow","max-snippet":"max-snippet:-1","max-image-preview":"max-image-preview:large","max-video-preview":"max-video-preview:-1"},"og_locale":"de_DE","og_type":"article","og_title":"Produkte - PALAGINA","og_description":"[vc_row][vc_column][vc_single_image image=&#8221;13373&#8243; img_size=&#8221;full&#8221;][\/vc_column][\/vc_row][vc_row][vc_column width=&#8221;1\/2&#8243;][vc_btn title=&#8221;Online Katalog &#8221; align=&#8221;center&#8221; button_block=&#8221;true&#8221; link=&#8221;url:https%3A%2F%2Fwww2.palagina.eu%2Fcatalogo%2F|&#8221;][\/vc_column][vc_column width=&#8221;1\/2&#8243;][vc_btn title=&#8221;PDF Katalog&#8221; align=&#8221;center&#8221; button_block=&#8221;true&#8221; link=&#8221;url:https%3A%2F%2Fwww2.palagina.eu%2Fde%2Fprodukte%2Fpdf-kataloge%2F|&#8221;][\/vc_column][\/vc_row][vc_row][vc_column width=&#8221;1\/3&#8243;][vc_empty_space][vc_text_separator title=&#8221;Insektenschutz&#8221;][vc_hoverbox image=&#8221;11115&#8243; primary_title=&#8221;Insektenschutz&#8221; primary_title_font_container=&#8221;color:%23ffffff&#8221; primary_title_use_theme_fonts=&#8221;yes&#8221; hover_title=&#8221;Insektenschutz&#8221; shape=&#8221;square&#8221; hover_btn_title=&#8221;Erfahren Sie mehr!&#8221; use_custom_fonts_primary_title=&#8221;true&#8221; hover_add_button=&#8221;true&#8221; hover_btn_link=&#8221;url:https%3A%2F%2Fwww2.palagina.eu%2Fde%2Fprodukte%2Finsektenschutz%2F|&#8221;]Wenn Sie Ihre Insektenschutzrollos auch bei Tageslicht geschlossen halten, k\u00f6nnen Sie Ihr Zuhause und Ihre Umgebung leben, ohne Brummen! [\/vc_hoverbox][\/vc_column][vc_column width=&#8221;1\/3&#8243;][vc_empty_space][vc_text_separator title=&#8221;Au\u00dfen Rollos&#8221;][vc_hoverbox image=&#8221;13803&#8243; primary_title=&#8221;Au\u00dfen Rollos&#8221; [&hellip;]","og_url":"https:\/\/www2.palagina.eu\/de\/produkte\/","og_site_name":"PALAGINA","article_publisher":"https:\/\/www.facebook.com\/palaginazanzariere\/","article_modified_time":"2019-05-20T07:54:37+00:00","twitter_card":"summary_large_image","twitter_misc":{"Gesch\u00e4tzte Lesezeit":"2 Minuten"},"schema":{"@context":"https:\/\/schema.org","@graph":[{"@type":"WebPage","@id":"https:\/\/www2.palagina.eu\/de\/produkte\/","url":"https:\/\/www2.palagina.eu\/de\/produkte\/","name":"Produkte - PALAGINA","isPartOf":{"@id":"https:\/\/www2.palagina.eu\/#website"},"datePublished":"2019-05-07T12:51:32+00:00","dateModified":"2019-05-20T07:54:37+00:00","breadcrumb":{"@id":"https:\/\/www2.palagina.eu\/de\/produkte\/#breadcrumb"},"inLanguage":"de-DE","potentialAction":[{"@type":"ReadAction","target":["https:\/\/www2.palagina.eu\/de\/produkte\/"]}]},{"@type":"BreadcrumbList","@id":"https:\/\/www2.palagina.eu\/de\/produkte\/#breadcrumb","itemListElement":[{"@type":"ListItem","position":1,"name":"Home","item":"https:\/\/www2.palagina.eu\/de\/"},{"@type":"ListItem","position":2,"name":"Produkte"}]},{"@type":"WebSite","@id":"https:\/\/www2.palagina.eu\/#website","url":"https:\/\/www2.palagina.eu\/","name":"PALAGINA","description":"Il modo migliore di proteggersi","publisher":{"@id":"https:\/\/www2.palagina.eu\/#organization"},"potentialAction":[{"@type":"SearchAction","target":{"@type":"EntryPoint","urlTemplate":"https:\/\/www2.palagina.eu\/?s={search_term_string}"},"query-input":"required name=search_term_string"}],"inLanguage":"de-DE"},{"@type":"Organization","@id":"https:\/\/www2.palagina.eu\/#organization","name":"Palagina","url":"https:\/\/www2.palagina.eu\/","sameAs":["https:\/\/www.youtube.com\/user\/PALAGINAZANZARIERE","https:\/\/www.facebook.com\/palaginazanzariere\/"],"logo":{"@type":"ImageObject","inLanguage":"de-DE","@id":"https:\/\/www2.palagina.eu\/#\/schema\/logo\/image\/","url":"https:\/\/www2.palagina.eu\/wp-content\/uploads\/2019\/02\/SimboloMarchio.jpg","contentUrl":"https:\/\/www2.palagina.eu\/wp-content\/uploads\/2019\/02\/SimboloMarchio.jpg","width":1490,"height":270,"caption":"Palagina"},"image":{"@id":"https:\/\/www2.palagina.eu\/#\/schema\/logo\/image\/"}}]}},"_links":{"self":[{"href":"https:\/\/www2.palagina.eu\/de\/wp-json\/wp\/v2\/pages\/17878"}],"collection":[{"href":"https:\/\/www2.palagina.eu\/de\/wp-json\/wp\/v2\/pages"}],"about":[{"href":"https:\/\/www2.palagina.eu\/de\/wp-json\/wp\/v2\/types\/page"}],"author":[{"embeddable":true,"href":"https:\/\/www2.palagina.eu\/de\/wp-json\/wp\/v2\/users\/981"}],"replies":[{"embeddable":true,"href":"https:\/\/www2.palagina.eu\/de\/wp-json\/wp\/v2\/comments?post=17878"}],"version-history":[{"count":0,"href":"https:\/\/www2.palagina.eu\/de\/wp-json\/wp\/v2\/pages\/17878\/revisions"}],"wp:attachment":[{"href":"https:\/\/www2.palagina.eu\/de\/wp-json\/wp\/v2\/media?parent=17878"}],"curies":[{"name":"wp","href":"https:\/\/api.w.org\/{rel}","templated":true}]}}