{"id":17897,"date":"2019-05-07T16:15:24","date_gmt":"2019-05-07T14:15:24","guid":{"rendered":"https:\/\/www2.palagina.eu\/produkte\/insektenschutz\/"},"modified":"2021-05-13T17:15:12","modified_gmt":"2021-05-13T15:15:12","slug":"insektenschutz","status":"publish","type":"page","link":"https:\/\/www2.palagina.eu\/de\/produkte\/insektenschutz\/","title":{"rendered":"Insektenschutz"},"content":{"rendered":"<div class=\"wpb-content-wrapper\"><p>[vc_section][vc_row][vc_column][vc_empty_space][vc_text_separator title=&#8221;Insektenschutz&#8221;][\/vc_column][\/vc_row][vc_row gap=&#8221;15&#8243;][vc_column width=&#8221;1\/2&#8243;][vc_single_image image=&#8221;13682&#8243; img_size=&#8221;600&#215;400&#8243;][\/vc_column][vc_column width=&#8221;1\/2&#8243;][vc_column_text]Die Verwendung des PALAGINA Insektenschutzes ist der umweltfreundlichste und effektivste Weg, sich vor Insekten zu sch\u00fctzen.<\/p>\n<p>Die Jahrelange Erfahrung in der Branche hat es uns erm\u00f6glicht, ein breites Spektrum zu perfektionieren, um immer die geeignetste L\u00f6sung f\u00fcr Ihre W\u00fcnsche und Bed\u00fcrfnisse zu finden.<\/p>\n<h4>Unsere Ziele sind einfache Installation und Benutzerfreundlichkeit.<\/h4>\n<p>Produktbrosch\u00fcren ITA-EN<\/p>\n<p>Technischer Katalog<\/p>\n<p>Siehe auch: Au\u00dfen und Innenrollos[\/vc_column_text][\/vc_column][\/vc_row][\/vc_section][vc_row][vc_column]<div id=\"lvca-posts-carousel-69d0ed301293d\" class=\"lvca-posts-carousel lvca-container\" data-settings='{\"display_title_on_thumbnail\":\"\",\"display_taxonomy_on_thumbnail\":\"\",\"display_author\":\"\",\"display_post_date\":\"\",\"display_taxonomy\":\"\",\"display_read_more\":\"\",\"read_more_text\":\"Read More\",\"taxonomy_chosen\":\"category\",\"post_link_new_window\":\"\",\"image_size\":\"related-post\",\"arrows\":\"true\",\"dots\":\"true\",\"autoplay\":\"true\",\"autoplay_speed\":\"3000\",\"animation_speed\":\"300\",\"pause_on_hover\":\"true\",\"display_columns\":\"4\",\"scroll_columns\":\"1\",\"gutter\":\"10\",\"tablet_display_columns\":\"1\",\"tablet_scroll_columns\":\"1\",\"tablet_gutter\":\"10\",\"tablet_width\":\"800\",\"mobile_display_columns\":\"1\",\"mobile_scroll_columns\":\"1\",\"mobile_gutter\":\"10\",\"mobile_width\":\"480\"}'><div data-id=\"id-13476\" class=\"lvca-posts-carousel-item\"><article id=\"post-13476\" class=\"post-13476 post type-post status-publish format-standard has-post-thumbnail hentry category-fliegengitter-de category-realizierungen-de\"><div class=\"lvca-project-image\"><a href=\"https:\/\/www2.palagina.eu\/de\/rollout-invisible\/\" \"><img width=\"450\" height=\"450\" src=\"https:\/\/www2.palagina.eu\/wp-content\/uploads\/2018\/12\/RollOut_Invisible_Still_Main_0042-450x450.jpg\" class=\"attachment-related-post size-related-post wp-post-image\" alt=\"\" loading=\"lazy\" \/><\/a><\/div><\/article><!-- .hentry --><\/div><!-- .lvca-posts-carousel-item --><div data-id=\"id-13459\" class=\"lvca-posts-carousel-item\"><article id=\"post-13459\" class=\"post-13459 post type-post status-publish format-standard has-post-thumbnail hentry category-fliegengitter-de category-realizierungen-de\"><div class=\"lvca-project-image\"><a href=\"https:\/\/www2.palagina.eu\/de\/invisible-50-mm\/\" \"><img width=\"450\" height=\"450\" src=\"https:\/\/www2.palagina.eu\/wp-content\/uploads\/2018\/12\/Invisible_50_Still_Main_0030-1-450x450.jpg\" class=\"attachment-related-post size-related-post wp-post-image\" alt=\"\" loading=\"lazy\" \/><\/a><\/div><\/article><!-- .hentry --><\/div><!-- .lvca-posts-carousel-item --><div data-id=\"id-12542\" class=\"lvca-posts-carousel-item\"><article id=\"post-12542\" class=\"post-12542 post type-post status-publish format-standard has-post-thumbnail hentry category-fliegengitter-de category-realizierungen-de\"><div class=\"lvca-project-image\"><a href=\"https:\/\/www2.palagina.eu\/de\/plissee-bauerhaus\/\" \"><img width=\"450\" height=\"450\" src=\"https:\/\/www2.palagina.eu\/wp-content\/uploads\/2018\/12\/a-450x450.jpg\" class=\"attachment-related-post size-related-post wp-post-image\" alt=\"\" loading=\"lazy\" \/><\/a><\/div><\/article><!-- .hentry --><\/div><!-- .lvca-posts-carousel-item --><div data-id=\"id-11062\" class=\"lvca-posts-carousel-item\"><article id=\"post-11062\" class=\"post-11062 post type-post status-publish format-standard has-post-thumbnail hentry category-fliegengitter-de category-realizierungen-de\"><div class=\"lvca-project-image\"><a href=\"https:\/\/www2.palagina.eu\/de\/shooting-2018\/\" \"><img width=\"450\" height=\"450\" src=\"https:\/\/www2.palagina.eu\/wp-content\/uploads\/2019\/02\/IMG7425-450x450.jpg\" class=\"attachment-related-post size-related-post wp-post-image\" alt=\"\" loading=\"lazy\" \/><\/a><\/div><\/article><!-- .hentry --><\/div><!-- .lvca-posts-carousel-item --><\/div><!-- .lvca-posts-carousel -->[\/vc_column][\/vc_row]<\/p>\n<\/div>","protected":false},"excerpt":{"rendered":"<p>[vc_section][vc_row][vc_column][vc_empty_space][vc_text_separator title=&#8221;Insektenschutz&#8221;][\/vc_column][\/vc_row][vc_row gap=&#8221;15&#8243;][vc_column width=&#8221;1\/2&#8243;][vc_single_image image=&#8221;13682&#8243; img_size=&#8221;600&#215;400&#8243;][\/vc_column][vc_column width=&#8221;1\/2&#8243;][vc_column_text]Die Verwendung des PALAGINA Insektenschutzes ist der umweltfreundlichste und effektivste Weg, sich vor Insekten zu sch\u00fctzen. Die Jahrelange Erfahrung in der Branche hat es uns erm\u00f6glicht, ein breites Spektrum zu perfektionieren, um immer die geeignetste L\u00f6sung f\u00fcr Ihre W\u00fcnsche und Bed\u00fcrfnisse zu finden. Unsere Ziele sind einfache Installation und [&hellip;]<\/p>\n","protected":false},"author":1867,"featured_media":0,"parent":17878,"menu_order":0,"comment_status":"closed","ping_status":"closed","template":"","meta":[],"acf":[],"yoast_head":"<!-- This site is optimized with the Yoast SEO plugin v19.8 - https:\/\/yoast.com\/wordpress\/plugins\/seo\/ -->\n<title>Insektenschutz - PALAGINA<\/title>\n<meta name=\"robots\" content=\"noindex, follow, max-snippet:-1, max-image-preview:large, max-video-preview:-1\" \/>\n<meta property=\"og:locale\" content=\"de_DE\" \/>\n<meta property=\"og:type\" content=\"article\" \/>\n<meta property=\"og:title\" content=\"Insektenschutz - PALAGINA\" \/>\n<meta property=\"og:description\" content=\"[vc_section][vc_row][vc_column][vc_empty_space][vc_text_separator title=&#8221;Insektenschutz&#8221;][\/vc_column][\/vc_row][vc_row gap=&#8221;15&#8243;][vc_column width=&#8221;1\/2&#8243;][vc_single_image image=&#8221;13682&#8243; img_size=&#8221;600&#215;400&#8243;][\/vc_column][vc_column width=&#8221;1\/2&#8243;][vc_column_text]Die Verwendung des PALAGINA Insektenschutzes ist der umweltfreundlichste und effektivste Weg, sich vor Insekten zu sch\u00fctzen. Die Jahrelange Erfahrung in der Branche hat es uns erm\u00f6glicht, ein breites Spektrum zu perfektionieren, um immer die geeignetste L\u00f6sung f\u00fcr Ihre W\u00fcnsche und Bed\u00fcrfnisse zu finden. Unsere Ziele sind einfache Installation und [&hellip;]\" \/>\n<meta property=\"og:url\" content=\"https:\/\/www2.palagina.eu\/de\/produkte\/insektenschutz\/\" \/>\n<meta property=\"og:site_name\" content=\"PALAGINA\" \/>\n<meta property=\"article:publisher\" content=\"https:\/\/www.facebook.com\/palaginazanzariere\/\" \/>\n<meta property=\"article:modified_time\" content=\"2021-05-13T15:15:12+00:00\" \/>\n<meta name=\"twitter:card\" content=\"summary_large_image\" \/>\n<meta name=\"twitter:label1\" content=\"Gesch\u00e4tzte Lesezeit\" \/>\n\t<meta name=\"twitter:data1\" content=\"1 Minute\" \/>\n<script type=\"application\/ld+json\" class=\"yoast-schema-graph\">{\"@context\":\"https:\/\/schema.org\",\"@graph\":[{\"@type\":\"WebPage\",\"@id\":\"https:\/\/www2.palagina.eu\/de\/produkte\/insektenschutz\/\",\"url\":\"https:\/\/www2.palagina.eu\/de\/produkte\/insektenschutz\/\",\"name\":\"Insektenschutz - PALAGINA\",\"isPartOf\":{\"@id\":\"https:\/\/www2.palagina.eu\/#website\"},\"datePublished\":\"2019-05-07T14:15:24+00:00\",\"dateModified\":\"2021-05-13T15:15:12+00:00\",\"breadcrumb\":{\"@id\":\"https:\/\/www2.palagina.eu\/de\/produkte\/insektenschutz\/#breadcrumb\"},\"inLanguage\":\"de-DE\",\"potentialAction\":[{\"@type\":\"ReadAction\",\"target\":[\"https:\/\/www2.palagina.eu\/de\/produkte\/insektenschutz\/\"]}]},{\"@type\":\"BreadcrumbList\",\"@id\":\"https:\/\/www2.palagina.eu\/de\/produkte\/insektenschutz\/#breadcrumb\",\"itemListElement\":[{\"@type\":\"ListItem\",\"position\":1,\"name\":\"Home\",\"item\":\"https:\/\/www2.palagina.eu\/de\/\"},{\"@type\":\"ListItem\",\"position\":2,\"name\":\"Produkte\",\"item\":\"https:\/\/www2.palagina.eu\/de\/produkte\/\"},{\"@type\":\"ListItem\",\"position\":3,\"name\":\"Insektenschutz\"}]},{\"@type\":\"WebSite\",\"@id\":\"https:\/\/www2.palagina.eu\/#website\",\"url\":\"https:\/\/www2.palagina.eu\/\",\"name\":\"PALAGINA\",\"description\":\"Il modo migliore di proteggersi\",\"publisher\":{\"@id\":\"https:\/\/www2.palagina.eu\/#organization\"},\"potentialAction\":[{\"@type\":\"SearchAction\",\"target\":{\"@type\":\"EntryPoint\",\"urlTemplate\":\"https:\/\/www2.palagina.eu\/?s={search_term_string}\"},\"query-input\":\"required name=search_term_string\"}],\"inLanguage\":\"de-DE\"},{\"@type\":\"Organization\",\"@id\":\"https:\/\/www2.palagina.eu\/#organization\",\"name\":\"Palagina\",\"url\":\"https:\/\/www2.palagina.eu\/\",\"sameAs\":[\"https:\/\/www.youtube.com\/user\/PALAGINAZANZARIERE\",\"https:\/\/www.facebook.com\/palaginazanzariere\/\"],\"logo\":{\"@type\":\"ImageObject\",\"inLanguage\":\"de-DE\",\"@id\":\"https:\/\/www2.palagina.eu\/#\/schema\/logo\/image\/\",\"url\":\"https:\/\/www2.palagina.eu\/wp-content\/uploads\/2019\/02\/SimboloMarchio.jpg\",\"contentUrl\":\"https:\/\/www2.palagina.eu\/wp-content\/uploads\/2019\/02\/SimboloMarchio.jpg\",\"width\":1490,\"height\":270,\"caption\":\"Palagina\"},\"image\":{\"@id\":\"https:\/\/www2.palagina.eu\/#\/schema\/logo\/image\/\"}}]}<\/script>\n<!-- \/ Yoast SEO plugin. -->","yoast_head_json":{"title":"Insektenschutz - PALAGINA","robots":{"index":"noindex","follow":"follow","max-snippet":"max-snippet:-1","max-image-preview":"max-image-preview:large","max-video-preview":"max-video-preview:-1"},"og_locale":"de_DE","og_type":"article","og_title":"Insektenschutz - PALAGINA","og_description":"[vc_section][vc_row][vc_column][vc_empty_space][vc_text_separator title=&#8221;Insektenschutz&#8221;][\/vc_column][\/vc_row][vc_row gap=&#8221;15&#8243;][vc_column width=&#8221;1\/2&#8243;][vc_single_image image=&#8221;13682&#8243; img_size=&#8221;600&#215;400&#8243;][\/vc_column][vc_column width=&#8221;1\/2&#8243;][vc_column_text]Die Verwendung des PALAGINA Insektenschutzes ist der umweltfreundlichste und effektivste Weg, sich vor Insekten zu sch\u00fctzen. Die Jahrelange Erfahrung in der Branche hat es uns erm\u00f6glicht, ein breites Spektrum zu perfektionieren, um immer die geeignetste L\u00f6sung f\u00fcr Ihre W\u00fcnsche und Bed\u00fcrfnisse zu finden. Unsere Ziele sind einfache Installation und [&hellip;]","og_url":"https:\/\/www2.palagina.eu\/de\/produkte\/insektenschutz\/","og_site_name":"PALAGINA","article_publisher":"https:\/\/www.facebook.com\/palaginazanzariere\/","article_modified_time":"2021-05-13T15:15:12+00:00","twitter_card":"summary_large_image","twitter_misc":{"Gesch\u00e4tzte Lesezeit":"1 Minute"},"schema":{"@context":"https:\/\/schema.org","@graph":[{"@type":"WebPage","@id":"https:\/\/www2.palagina.eu\/de\/produkte\/insektenschutz\/","url":"https:\/\/www2.palagina.eu\/de\/produkte\/insektenschutz\/","name":"Insektenschutz - PALAGINA","isPartOf":{"@id":"https:\/\/www2.palagina.eu\/#website"},"datePublished":"2019-05-07T14:15:24+00:00","dateModified":"2021-05-13T15:15:12+00:00","breadcrumb":{"@id":"https:\/\/www2.palagina.eu\/de\/produkte\/insektenschutz\/#breadcrumb"},"inLanguage":"de-DE","potentialAction":[{"@type":"ReadAction","target":["https:\/\/www2.palagina.eu\/de\/produkte\/insektenschutz\/"]}]},{"@type":"BreadcrumbList","@id":"https:\/\/www2.palagina.eu\/de\/produkte\/insektenschutz\/#breadcrumb","itemListElement":[{"@type":"ListItem","position":1,"name":"Home","item":"https:\/\/www2.palagina.eu\/de\/"},{"@type":"ListItem","position":2,"name":"Produkte","item":"https:\/\/www2.palagina.eu\/de\/produkte\/"},{"@type":"ListItem","position":3,"name":"Insektenschutz"}]},{"@type":"WebSite","@id":"https:\/\/www2.palagina.eu\/#website","url":"https:\/\/www2.palagina.eu\/","name":"PALAGINA","description":"Il modo migliore di proteggersi","publisher":{"@id":"https:\/\/www2.palagina.eu\/#organization"},"potentialAction":[{"@type":"SearchAction","target":{"@type":"EntryPoint","urlTemplate":"https:\/\/www2.palagina.eu\/?s={search_term_string}"},"query-input":"required name=search_term_string"}],"inLanguage":"de-DE"},{"@type":"Organization","@id":"https:\/\/www2.palagina.eu\/#organization","name":"Palagina","url":"https:\/\/www2.palagina.eu\/","sameAs":["https:\/\/www.youtube.com\/user\/PALAGINAZANZARIERE","https:\/\/www.facebook.com\/palaginazanzariere\/"],"logo":{"@type":"ImageObject","inLanguage":"de-DE","@id":"https:\/\/www2.palagina.eu\/#\/schema\/logo\/image\/","url":"https:\/\/www2.palagina.eu\/wp-content\/uploads\/2019\/02\/SimboloMarchio.jpg","contentUrl":"https:\/\/www2.palagina.eu\/wp-content\/uploads\/2019\/02\/SimboloMarchio.jpg","width":1490,"height":270,"caption":"Palagina"},"image":{"@id":"https:\/\/www2.palagina.eu\/#\/schema\/logo\/image\/"}}]}},"_links":{"self":[{"href":"https:\/\/www2.palagina.eu\/de\/wp-json\/wp\/v2\/pages\/17897"}],"collection":[{"href":"https:\/\/www2.palagina.eu\/de\/wp-json\/wp\/v2\/pages"}],"about":[{"href":"https:\/\/www2.palagina.eu\/de\/wp-json\/wp\/v2\/types\/page"}],"author":[{"embeddable":true,"href":"https:\/\/www2.palagina.eu\/de\/wp-json\/wp\/v2\/users\/1867"}],"replies":[{"embeddable":true,"href":"https:\/\/www2.palagina.eu\/de\/wp-json\/wp\/v2\/comments?post=17897"}],"version-history":[{"count":0,"href":"https:\/\/www2.palagina.eu\/de\/wp-json\/wp\/v2\/pages\/17897\/revisions"}],"up":[{"embeddable":true,"href":"https:\/\/www2.palagina.eu\/de\/wp-json\/wp\/v2\/pages\/17878"}],"wp:attachment":[{"href":"https:\/\/www2.palagina.eu\/de\/wp-json\/wp\/v2\/media?parent=17897"}],"curies":[{"name":"wp","href":"https:\/\/api.w.org\/{rel}","templated":true}]}}