{"id":18169,"date":"2019-05-08T17:23:15","date_gmt":"2019-05-08T15:23:15","guid":{"rendered":"https:\/\/www2.palagina.eu\/licht-und-fertig-masen\/"},"modified":"2019-05-08T17:23:18","modified_gmt":"2019-05-08T15:23:18","slug":"licht-und-fertig-masen","status":"publish","type":"page","link":"https:\/\/www2.palagina.eu\/de\/licht-und-fertig-masen\/","title":{"rendered":"Licht und Fertig Ma\u00dfen"},"content":{"rendered":"\n<h2 style=\"text-align:center\">Messungen in &#8220;Licht&#8221; Anlagen<\/h2>\n\n<figure class=\"wp-block-image alignwide\"><img loading=\"lazy\" width=\"1024\" height=\"357\" src=\"https:\/\/www2.palagina.eu\/wp-content\/uploads\/2018\/11\/Misure_in_Luce-1024x357.png\" alt=\"\" class=\"wp-image-2294\" srcset=\"https:\/\/www2.palagina.eu\/wp-content\/uploads\/2018\/11\/Misure_in_Luce-1024x357.png 1024w, https:\/\/www2.palagina.eu\/wp-content\/uploads\/2018\/11\/Misure_in_Luce-768x268.png 768w, https:\/\/www2.palagina.eu\/wp-content\/uploads\/2018\/11\/Misure_in_Luce-640x223.png 640w, https:\/\/www2.palagina.eu\/wp-content\/uploads\/2018\/11\/Misure_in_Luce-400x139.png 400w, https:\/\/www2.palagina.eu\/wp-content\/uploads\/2018\/11\/Misure_in_Luce-600x209.png 600w\" sizes=\"(max-width: 1024px) 100vw, 1024px\" \/><\/figure>\n<p>Bei der Bestellung k\u00f6nnen Sie die Ma\u00dfen &#8220;<strong>Licht<\/strong>&#8221; oder &#8220;<strong>Fertig<\/strong>&#8221; angeben.\r\n\r\n\u00a0<\/p>\n\n<p>Wenn mann die Bestellung in Lichtma\u00dfe angeben, wird ein Vorhang mit einer Toleranz von <strong>-4 mm horizontal<\/strong> und einer Toleranz von<strong> -3 mm vertikal<\/strong> geliefert.<\/p>\n\n<p>Die &#8220;Fertig&#8221; Ma\u00dfen entsprechen der Au\u00dfengr\u00f6\u00dfe des Behang oder Insektenschutz.<\/p>\n\n<hr class=\"wp-block-separator is-style-wide\"\/>\n\n<h2 style=\"text-align:center\">Ma\u00dfen in Installation &#8220;Einbau&#8221;<\/h2>\n\n<figure class=\"wp-block-image alignwide\"><img src=\"https:\/\/www2.palagina.eu\/wp-content\/uploads\/2018\/11\/Misure_incasso-1024x356.png\" alt=\"\" class=\"wp-image-2301\"><\/figure>\n<p>Ma\u00dfen k\u00f6nnen bei der Bestellung <strong>&#8220;Licht&#8221;<\/strong> oder<strong> &#8220;Fertig&#8221; <\/strong>angegeben werden.<\/p>\n\n<p>Geben Sie in der Bestellung die &#8220;Licht&#8221; Ma\u00dfe an, so wird ein Behang mit folgenden ma\u00dfnahmen geliefert: <\/p>\n\n<p><strong>Breite<\/strong> <strong>Fertigma\u00dfe <\/strong>= Licht Ma\u00dfe + (2 x F\u00fchrungsschienen Dicke)\r\n\r\nZum Beispiel 1000 mm + (2 x 45mm F\u00fchrungen) = 1090 mm\r\n\r\n\u00a0<\/p>\n\n<p><strong>H\u00f6he Fertigma\u00dfe<\/strong> = Licht Ma\u00dfe + Kasten Dicke\r\n\r\nZum Beispiel 1000mm + (130mm F\u00fchrung\u00dfchienen) = 1030mm\r\n\r\n\u00a0<\/p>\n\n<hr class=\"wp-block-separator is-style-wide\"\/>\n","protected":false},"excerpt":{"rendered":"<p>Messungen in &#8220;Licht&#8221; Anlagen Bei der Bestellung k\u00f6nnen Sie die Ma\u00dfen &#8220;Licht&#8221; oder &#8220;Fertig&#8221; angeben. \u00a0 Wenn mann die Bestellung in Lichtma\u00dfe angeben, wird ein Vorhang mit einer Toleranz von -4 mm horizontal und einer Toleranz von -3 mm vertikal geliefert. Die &#8220;Fertig&#8221; Ma\u00dfen entsprechen der Au\u00dfengr\u00f6\u00dfe des Behang oder Insektenschutz. Ma\u00dfen in Installation &#8220;Einbau&#8221; [&hellip;]<\/p>\n","protected":false},"author":1867,"featured_media":13453,"parent":0,"menu_order":0,"comment_status":"closed","ping_status":"closed","template":"","meta":[],"acf":[],"yoast_head":"<!-- This site is optimized with the Yoast SEO plugin v19.8 - https:\/\/yoast.com\/wordpress\/plugins\/seo\/ -->\n<title>Misure luce e finite<\/title>\n<meta name=\"robots\" content=\"noindex, follow, max-snippet:-1, max-image-preview:large, max-video-preview:-1\" \/>\n<meta property=\"og:locale\" content=\"de_DE\" \/>\n<meta property=\"og:type\" content=\"article\" \/>\n<meta property=\"og:title\" content=\"Misure luce e finite\" \/>\n<meta property=\"og:description\" content=\"Messungen in &#8220;Licht&#8221; Anlagen Bei der Bestellung k\u00f6nnen Sie die Ma\u00dfen &#8220;Licht&#8221; oder &#8220;Fertig&#8221; angeben. \u00a0 Wenn mann die Bestellung in Lichtma\u00dfe angeben, wird ein Vorhang mit einer Toleranz von -4 mm horizontal und einer Toleranz von -3 mm vertikal geliefert. Die &#8220;Fertig&#8221; Ma\u00dfen entsprechen der Au\u00dfengr\u00f6\u00dfe des Behang oder Insektenschutz. Ma\u00dfen in Installation &#8220;Einbau&#8221; [&hellip;]\" \/>\n<meta property=\"og:url\" content=\"https:\/\/www2.palagina.eu\/de\/licht-und-fertig-masen\/\" \/>\n<meta property=\"og:site_name\" content=\"PALAGINA\" \/>\n<meta property=\"article:publisher\" content=\"https:\/\/www.facebook.com\/palaginazanzariere\/\" \/>\n<meta property=\"article:modified_time\" content=\"2019-05-08T15:23:18+00:00\" \/>\n<meta property=\"og:image\" content=\"https:\/\/www2.palagina.eu\/wp-content\/uploads\/2018\/11\/Misure_in_Luce.png\" \/>\n\t<meta property=\"og:image:width\" content=\"1503\" \/>\n\t<meta property=\"og:image:height\" content=\"524\" \/>\n\t<meta property=\"og:image:type\" content=\"image\/png\" \/>\n<meta name=\"twitter:card\" content=\"summary_large_image\" \/>\n<meta name=\"twitter:label1\" content=\"Gesch\u00e4tzte Lesezeit\" \/>\n\t<meta name=\"twitter:data1\" content=\"1 Minute\" \/>\n<script type=\"application\/ld+json\" class=\"yoast-schema-graph\">{\"@context\":\"https:\/\/schema.org\",\"@graph\":[{\"@type\":\"WebPage\",\"@id\":\"https:\/\/www2.palagina.eu\/de\/licht-und-fertig-masen\/\",\"url\":\"https:\/\/www2.palagina.eu\/de\/licht-und-fertig-masen\/\",\"name\":\"Misure luce e finite\",\"isPartOf\":{\"@id\":\"https:\/\/www2.palagina.eu\/#website\"},\"datePublished\":\"2019-05-08T15:23:15+00:00\",\"dateModified\":\"2019-05-08T15:23:18+00:00\",\"breadcrumb\":{\"@id\":\"https:\/\/www2.palagina.eu\/de\/licht-und-fertig-masen\/#breadcrumb\"},\"inLanguage\":\"de-DE\",\"potentialAction\":[{\"@type\":\"ReadAction\",\"target\":[\"https:\/\/www2.palagina.eu\/de\/licht-und-fertig-masen\/\"]}]},{\"@type\":\"BreadcrumbList\",\"@id\":\"https:\/\/www2.palagina.eu\/de\/licht-und-fertig-masen\/#breadcrumb\",\"itemListElement\":[{\"@type\":\"ListItem\",\"position\":1,\"name\":\"Home\",\"item\":\"https:\/\/www2.palagina.eu\/de\/\"},{\"@type\":\"ListItem\",\"position\":2,\"name\":\"Licht und Fertig Ma\u00dfen\"}]},{\"@type\":\"WebSite\",\"@id\":\"https:\/\/www2.palagina.eu\/#website\",\"url\":\"https:\/\/www2.palagina.eu\/\",\"name\":\"PALAGINA\",\"description\":\"Il modo migliore di proteggersi\",\"publisher\":{\"@id\":\"https:\/\/www2.palagina.eu\/#organization\"},\"potentialAction\":[{\"@type\":\"SearchAction\",\"target\":{\"@type\":\"EntryPoint\",\"urlTemplate\":\"https:\/\/www2.palagina.eu\/?s={search_term_string}\"},\"query-input\":\"required name=search_term_string\"}],\"inLanguage\":\"de-DE\"},{\"@type\":\"Organization\",\"@id\":\"https:\/\/www2.palagina.eu\/#organization\",\"name\":\"Palagina\",\"url\":\"https:\/\/www2.palagina.eu\/\",\"sameAs\":[\"https:\/\/www.youtube.com\/user\/PALAGINAZANZARIERE\",\"https:\/\/www.facebook.com\/palaginazanzariere\/\"],\"logo\":{\"@type\":\"ImageObject\",\"inLanguage\":\"de-DE\",\"@id\":\"https:\/\/www2.palagina.eu\/#\/schema\/logo\/image\/\",\"url\":\"https:\/\/www2.palagina.eu\/wp-content\/uploads\/2019\/02\/SimboloMarchio.jpg\",\"contentUrl\":\"https:\/\/www2.palagina.eu\/wp-content\/uploads\/2019\/02\/SimboloMarchio.jpg\",\"width\":1490,\"height\":270,\"caption\":\"Palagina\"},\"image\":{\"@id\":\"https:\/\/www2.palagina.eu\/#\/schema\/logo\/image\/\"}}]}<\/script>\n<!-- \/ Yoast SEO plugin. -->","yoast_head_json":{"title":"Misure luce e finite","robots":{"index":"noindex","follow":"follow","max-snippet":"max-snippet:-1","max-image-preview":"max-image-preview:large","max-video-preview":"max-video-preview:-1"},"og_locale":"de_DE","og_type":"article","og_title":"Misure luce e finite","og_description":"Messungen in &#8220;Licht&#8221; Anlagen Bei der Bestellung k\u00f6nnen Sie die Ma\u00dfen &#8220;Licht&#8221; oder &#8220;Fertig&#8221; angeben. \u00a0 Wenn mann die Bestellung in Lichtma\u00dfe angeben, wird ein Vorhang mit einer Toleranz von -4 mm horizontal und einer Toleranz von -3 mm vertikal geliefert. Die &#8220;Fertig&#8221; Ma\u00dfen entsprechen der Au\u00dfengr\u00f6\u00dfe des Behang oder Insektenschutz. Ma\u00dfen in Installation &#8220;Einbau&#8221; [&hellip;]","og_url":"https:\/\/www2.palagina.eu\/de\/licht-und-fertig-masen\/","og_site_name":"PALAGINA","article_publisher":"https:\/\/www.facebook.com\/palaginazanzariere\/","article_modified_time":"2019-05-08T15:23:18+00:00","og_image":[{"width":1503,"height":524,"url":"https:\/\/www2.palagina.eu\/wp-content\/uploads\/2018\/11\/Misure_in_Luce.png","type":"image\/png"}],"twitter_card":"summary_large_image","twitter_misc":{"Gesch\u00e4tzte Lesezeit":"1 Minute"},"schema":{"@context":"https:\/\/schema.org","@graph":[{"@type":"WebPage","@id":"https:\/\/www2.palagina.eu\/de\/licht-und-fertig-masen\/","url":"https:\/\/www2.palagina.eu\/de\/licht-und-fertig-masen\/","name":"Misure luce e finite","isPartOf":{"@id":"https:\/\/www2.palagina.eu\/#website"},"datePublished":"2019-05-08T15:23:15+00:00","dateModified":"2019-05-08T15:23:18+00:00","breadcrumb":{"@id":"https:\/\/www2.palagina.eu\/de\/licht-und-fertig-masen\/#breadcrumb"},"inLanguage":"de-DE","potentialAction":[{"@type":"ReadAction","target":["https:\/\/www2.palagina.eu\/de\/licht-und-fertig-masen\/"]}]},{"@type":"BreadcrumbList","@id":"https:\/\/www2.palagina.eu\/de\/licht-und-fertig-masen\/#breadcrumb","itemListElement":[{"@type":"ListItem","position":1,"name":"Home","item":"https:\/\/www2.palagina.eu\/de\/"},{"@type":"ListItem","position":2,"name":"Licht und Fertig Ma\u00dfen"}]},{"@type":"WebSite","@id":"https:\/\/www2.palagina.eu\/#website","url":"https:\/\/www2.palagina.eu\/","name":"PALAGINA","description":"Il modo migliore di proteggersi","publisher":{"@id":"https:\/\/www2.palagina.eu\/#organization"},"potentialAction":[{"@type":"SearchAction","target":{"@type":"EntryPoint","urlTemplate":"https:\/\/www2.palagina.eu\/?s={search_term_string}"},"query-input":"required name=search_term_string"}],"inLanguage":"de-DE"},{"@type":"Organization","@id":"https:\/\/www2.palagina.eu\/#organization","name":"Palagina","url":"https:\/\/www2.palagina.eu\/","sameAs":["https:\/\/www.youtube.com\/user\/PALAGINAZANZARIERE","https:\/\/www.facebook.com\/palaginazanzariere\/"],"logo":{"@type":"ImageObject","inLanguage":"de-DE","@id":"https:\/\/www2.palagina.eu\/#\/schema\/logo\/image\/","url":"https:\/\/www2.palagina.eu\/wp-content\/uploads\/2019\/02\/SimboloMarchio.jpg","contentUrl":"https:\/\/www2.palagina.eu\/wp-content\/uploads\/2019\/02\/SimboloMarchio.jpg","width":1490,"height":270,"caption":"Palagina"},"image":{"@id":"https:\/\/www2.palagina.eu\/#\/schema\/logo\/image\/"}}]}},"_links":{"self":[{"href":"https:\/\/www2.palagina.eu\/de\/wp-json\/wp\/v2\/pages\/18169"}],"collection":[{"href":"https:\/\/www2.palagina.eu\/de\/wp-json\/wp\/v2\/pages"}],"about":[{"href":"https:\/\/www2.palagina.eu\/de\/wp-json\/wp\/v2\/types\/page"}],"author":[{"embeddable":true,"href":"https:\/\/www2.palagina.eu\/de\/wp-json\/wp\/v2\/users\/1867"}],"replies":[{"embeddable":true,"href":"https:\/\/www2.palagina.eu\/de\/wp-json\/wp\/v2\/comments?post=18169"}],"version-history":[{"count":0,"href":"https:\/\/www2.palagina.eu\/de\/wp-json\/wp\/v2\/pages\/18169\/revisions"}],"wp:featuredmedia":[{"embeddable":true,"href":"https:\/\/www2.palagina.eu\/de\/wp-json\/wp\/v2\/media\/13453"}],"wp:attachment":[{"href":"https:\/\/www2.palagina.eu\/de\/wp-json\/wp\/v2\/media?parent=18169"}],"curies":[{"name":"wp","href":"https:\/\/api.w.org\/{rel}","templated":true}]}}