{"id":18512,"date":"2019-05-13T12:17:18","date_gmt":"2019-05-13T10:17:18","guid":{"rendered":"https:\/\/www2.palagina.eu\/g-tot-rechner\/"},"modified":"2019-05-13T12:17:20","modified_gmt":"2019-05-13T10:17:20","slug":"g-tot-rechner","status":"publish","type":"page","link":"https:\/\/www2.palagina.eu\/de\/g-tot-rechner\/","title":{"rendered":"G TOT Rechner"},"content":{"rendered":"\n<p>Der &#8220;<strong>g tot<\/strong>&#8221; Rechner erm\u00f6glicht die schnelle Bestimmung des Wertes des Sonnenfaktors durch die Definition einer begrenzten Anzahl von Faktoren (Gesamtdurchl\u00e4ssigkeit des <strong>&#8220;g&#8221;<\/strong>, Glases W\u00e4rmedurchl\u00e4ssigkeit von <strong>&#8220;Ug&#8221;<\/strong> -Glas, Gewebetransmissionsindex<strong> &#8220;Ts&#8221;<\/strong> und Stoffabsorptionsindex<strong> &#8220;As&#8221;<\/strong>).<\/p>\n\n<p>Das Einsatzgebiet &#8220;<strong>g tot<\/strong>&#8221; Rechner bezieht sich auf die Installation von Abschirmsystemen au\u00dferhalb des Rahmens und auf die in Absatz 5.1 der UNI EN 13363-1 &#8220;C angegebene Formel &#8220;Berechnung der Sonnen- und Lichtdurchl\u00e4ssigkeit &#8211; Teil 1: Vereinfachtes Methode<\/p>\n\n<p>Der &#8220;<strong>g tot<\/strong>&#8221; Rechner kann verwendet werden, um der Wert des gesamten solaren Transmissionsfaktors &#8220;g<sub>gl+sh <\/sub>gem\u00e4\u00df dem &#8220;Dekret vom 26. Juni 2015&#8221; in Bezug auf die Mindestanforderungen zu bestimmen.\r\n\r\n\u00a0<\/p>\n<iframe loading=\"lazy\" class=\"no_translate\" title=\"Calcolo g tot\" src=\"\/Gtot\/Calcolo_G_2.html\" width=\"1200\" height=\"400\" frameborder=\"0\" scrolling=\"no\" align=\"middle\" data-mce-fragment=\"1\"><span data-mce-type=\"bookmark\" style=\"display: inline-block; width: 0px; overflow: hidden; line-height: 0;\" class=\"mce_SELRES_start\">\ufeff<\/span><\/iframe>\r\n\n<p>Dieses Instrument verwendet das in der Norm UNI EN 13363-1 beschriebene vereinfachte Verfahren, das einfach zu verwenden ist, jedoch einen h\u00f6heren Grad an Ann\u00e4herung aufweist.<\/p>\n\n<p>F\u00fcr eine genauere und komplexere Berechnung wird auf den Inhalt der Norm UNI EN 13363-2 &#8220;Berechnung der Sonnen- und Lichtdurchl\u00e4ssigkeit &#8211; Teil 2: Detaillierte Berechnungsmethode&#8221; verwiesen.<\/p>\n\n<p>Palagina haftet daher nicht f\u00fcr Ungenauigkeiten oder Fehlbedienungen dieses Berechnungstools.<\/p>\n\n<p>Indem Sie dieses Formular verwenden, stimmen Sie dem oben genannten zu.<\/p>\n","protected":false},"excerpt":{"rendered":"<p>Der &#8220;g tot&#8221; Rechner erm\u00f6glicht die schnelle Bestimmung des Wertes des Sonnenfaktors durch die Definition einer begrenzten Anzahl von Faktoren (Gesamtdurchl\u00e4ssigkeit des &#8220;g&#8221;, Glases W\u00e4rmedurchl\u00e4ssigkeit von &#8220;Ug&#8221; -Glas, Gewebetransmissionsindex &#8220;Ts&#8221; und Stoffabsorptionsindex &#8220;As&#8221;). Das Einsatzgebiet &#8220;g tot&#8221; Rechner bezieht sich auf die Installation von Abschirmsystemen au\u00dferhalb des Rahmens und auf die in Absatz 5.1 der [&hellip;]<\/p>\n","protected":false},"author":1867,"featured_media":8918,"parent":0,"menu_order":0,"comment_status":"closed","ping_status":"closed","template":"","meta":[],"acf":[],"yoast_head":"<!-- This site is optimized with the Yoast SEO plugin v19.8 - https:\/\/yoast.com\/wordpress\/plugins\/seo\/ -->\n<title>Calcolatore G TOT<\/title>\n<meta name=\"robots\" content=\"noindex, follow, max-snippet:-1, max-image-preview:large, max-video-preview:-1\" \/>\n<meta property=\"og:locale\" content=\"de_DE\" \/>\n<meta property=\"og:type\" content=\"article\" \/>\n<meta property=\"og:title\" content=\"Calcolatore G TOT\" \/>\n<meta property=\"og:description\" content=\"Der &#8220;g tot&#8221; Rechner erm\u00f6glicht die schnelle Bestimmung des Wertes des Sonnenfaktors durch die Definition einer begrenzten Anzahl von Faktoren (Gesamtdurchl\u00e4ssigkeit des &#8220;g&#8221;, Glases W\u00e4rmedurchl\u00e4ssigkeit von &#8220;Ug&#8221; -Glas, Gewebetransmissionsindex &#8220;Ts&#8221; und Stoffabsorptionsindex &#8220;As&#8221;). Das Einsatzgebiet &#8220;g tot&#8221; Rechner bezieht sich auf die Installation von Abschirmsystemen au\u00dferhalb des Rahmens und auf die in Absatz 5.1 der [&hellip;]\" \/>\n<meta property=\"og:url\" content=\"https:\/\/www2.palagina.eu\/de\/g-tot-rechner\/\" \/>\n<meta property=\"og:site_name\" content=\"PALAGINA\" \/>\n<meta property=\"article:publisher\" content=\"https:\/\/www.facebook.com\/palaginazanzariere\/\" \/>\n<meta property=\"article:modified_time\" content=\"2019-05-13T10:17:20+00:00\" \/>\n<meta property=\"og:image\" content=\"https:\/\/www2.palagina.eu\/wp-content\/uploads\/2019\/02\/G-tot_2.jpg\" \/>\n\t<meta property=\"og:image:width\" content=\"250\" \/>\n\t<meta property=\"og:image:height\" content=\"250\" \/>\n\t<meta property=\"og:image:type\" content=\"image\/jpeg\" \/>\n<meta name=\"twitter:card\" content=\"summary_large_image\" \/>\n<meta name=\"twitter:label1\" content=\"Gesch\u00e4tzte Lesezeit\" \/>\n\t<meta name=\"twitter:data1\" content=\"1 Minute\" \/>\n<script type=\"application\/ld+json\" class=\"yoast-schema-graph\">{\"@context\":\"https:\/\/schema.org\",\"@graph\":[{\"@type\":\"WebPage\",\"@id\":\"https:\/\/www2.palagina.eu\/de\/g-tot-rechner\/\",\"url\":\"https:\/\/www2.palagina.eu\/de\/g-tot-rechner\/\",\"name\":\"Calcolatore G TOT\",\"isPartOf\":{\"@id\":\"https:\/\/www2.palagina.eu\/#website\"},\"datePublished\":\"2019-05-13T10:17:18+00:00\",\"dateModified\":\"2019-05-13T10:17:20+00:00\",\"breadcrumb\":{\"@id\":\"https:\/\/www2.palagina.eu\/de\/g-tot-rechner\/#breadcrumb\"},\"inLanguage\":\"de-DE\",\"potentialAction\":[{\"@type\":\"ReadAction\",\"target\":[\"https:\/\/www2.palagina.eu\/de\/g-tot-rechner\/\"]}]},{\"@type\":\"BreadcrumbList\",\"@id\":\"https:\/\/www2.palagina.eu\/de\/g-tot-rechner\/#breadcrumb\",\"itemListElement\":[{\"@type\":\"ListItem\",\"position\":1,\"name\":\"Home\",\"item\":\"https:\/\/www2.palagina.eu\/de\/\"},{\"@type\":\"ListItem\",\"position\":2,\"name\":\"G TOT Rechner\"}]},{\"@type\":\"WebSite\",\"@id\":\"https:\/\/www2.palagina.eu\/#website\",\"url\":\"https:\/\/www2.palagina.eu\/\",\"name\":\"PALAGINA\",\"description\":\"Il modo migliore di proteggersi\",\"publisher\":{\"@id\":\"https:\/\/www2.palagina.eu\/#organization\"},\"potentialAction\":[{\"@type\":\"SearchAction\",\"target\":{\"@type\":\"EntryPoint\",\"urlTemplate\":\"https:\/\/www2.palagina.eu\/?s={search_term_string}\"},\"query-input\":\"required name=search_term_string\"}],\"inLanguage\":\"de-DE\"},{\"@type\":\"Organization\",\"@id\":\"https:\/\/www2.palagina.eu\/#organization\",\"name\":\"Palagina\",\"url\":\"https:\/\/www2.palagina.eu\/\",\"sameAs\":[\"https:\/\/www.youtube.com\/user\/PALAGINAZANZARIERE\",\"https:\/\/www.facebook.com\/palaginazanzariere\/\"],\"logo\":{\"@type\":\"ImageObject\",\"inLanguage\":\"de-DE\",\"@id\":\"https:\/\/www2.palagina.eu\/#\/schema\/logo\/image\/\",\"url\":\"https:\/\/www2.palagina.eu\/wp-content\/uploads\/2019\/02\/SimboloMarchio.jpg\",\"contentUrl\":\"https:\/\/www2.palagina.eu\/wp-content\/uploads\/2019\/02\/SimboloMarchio.jpg\",\"width\":1490,\"height\":270,\"caption\":\"Palagina\"},\"image\":{\"@id\":\"https:\/\/www2.palagina.eu\/#\/schema\/logo\/image\/\"}}]}<\/script>\n<!-- \/ Yoast SEO plugin. -->","yoast_head_json":{"title":"Calcolatore G TOT","robots":{"index":"noindex","follow":"follow","max-snippet":"max-snippet:-1","max-image-preview":"max-image-preview:large","max-video-preview":"max-video-preview:-1"},"og_locale":"de_DE","og_type":"article","og_title":"Calcolatore G TOT","og_description":"Der &#8220;g tot&#8221; Rechner erm\u00f6glicht die schnelle Bestimmung des Wertes des Sonnenfaktors durch die Definition einer begrenzten Anzahl von Faktoren (Gesamtdurchl\u00e4ssigkeit des &#8220;g&#8221;, Glases W\u00e4rmedurchl\u00e4ssigkeit von &#8220;Ug&#8221; -Glas, Gewebetransmissionsindex &#8220;Ts&#8221; und Stoffabsorptionsindex &#8220;As&#8221;). Das Einsatzgebiet &#8220;g tot&#8221; Rechner bezieht sich auf die Installation von Abschirmsystemen au\u00dferhalb des Rahmens und auf die in Absatz 5.1 der [&hellip;]","og_url":"https:\/\/www2.palagina.eu\/de\/g-tot-rechner\/","og_site_name":"PALAGINA","article_publisher":"https:\/\/www.facebook.com\/palaginazanzariere\/","article_modified_time":"2019-05-13T10:17:20+00:00","og_image":[{"width":250,"height":250,"url":"https:\/\/www2.palagina.eu\/wp-content\/uploads\/2019\/02\/G-tot_2.jpg","type":"image\/jpeg"}],"twitter_card":"summary_large_image","twitter_misc":{"Gesch\u00e4tzte Lesezeit":"1 Minute"},"schema":{"@context":"https:\/\/schema.org","@graph":[{"@type":"WebPage","@id":"https:\/\/www2.palagina.eu\/de\/g-tot-rechner\/","url":"https:\/\/www2.palagina.eu\/de\/g-tot-rechner\/","name":"Calcolatore G TOT","isPartOf":{"@id":"https:\/\/www2.palagina.eu\/#website"},"datePublished":"2019-05-13T10:17:18+00:00","dateModified":"2019-05-13T10:17:20+00:00","breadcrumb":{"@id":"https:\/\/www2.palagina.eu\/de\/g-tot-rechner\/#breadcrumb"},"inLanguage":"de-DE","potentialAction":[{"@type":"ReadAction","target":["https:\/\/www2.palagina.eu\/de\/g-tot-rechner\/"]}]},{"@type":"BreadcrumbList","@id":"https:\/\/www2.palagina.eu\/de\/g-tot-rechner\/#breadcrumb","itemListElement":[{"@type":"ListItem","position":1,"name":"Home","item":"https:\/\/www2.palagina.eu\/de\/"},{"@type":"ListItem","position":2,"name":"G TOT Rechner"}]},{"@type":"WebSite","@id":"https:\/\/www2.palagina.eu\/#website","url":"https:\/\/www2.palagina.eu\/","name":"PALAGINA","description":"Il modo migliore di proteggersi","publisher":{"@id":"https:\/\/www2.palagina.eu\/#organization"},"potentialAction":[{"@type":"SearchAction","target":{"@type":"EntryPoint","urlTemplate":"https:\/\/www2.palagina.eu\/?s={search_term_string}"},"query-input":"required name=search_term_string"}],"inLanguage":"de-DE"},{"@type":"Organization","@id":"https:\/\/www2.palagina.eu\/#organization","name":"Palagina","url":"https:\/\/www2.palagina.eu\/","sameAs":["https:\/\/www.youtube.com\/user\/PALAGINAZANZARIERE","https:\/\/www.facebook.com\/palaginazanzariere\/"],"logo":{"@type":"ImageObject","inLanguage":"de-DE","@id":"https:\/\/www2.palagina.eu\/#\/schema\/logo\/image\/","url":"https:\/\/www2.palagina.eu\/wp-content\/uploads\/2019\/02\/SimboloMarchio.jpg","contentUrl":"https:\/\/www2.palagina.eu\/wp-content\/uploads\/2019\/02\/SimboloMarchio.jpg","width":1490,"height":270,"caption":"Palagina"},"image":{"@id":"https:\/\/www2.palagina.eu\/#\/schema\/logo\/image\/"}}]}},"_links":{"self":[{"href":"https:\/\/www2.palagina.eu\/de\/wp-json\/wp\/v2\/pages\/18512"}],"collection":[{"href":"https:\/\/www2.palagina.eu\/de\/wp-json\/wp\/v2\/pages"}],"about":[{"href":"https:\/\/www2.palagina.eu\/de\/wp-json\/wp\/v2\/types\/page"}],"author":[{"embeddable":true,"href":"https:\/\/www2.palagina.eu\/de\/wp-json\/wp\/v2\/users\/1867"}],"replies":[{"embeddable":true,"href":"https:\/\/www2.palagina.eu\/de\/wp-json\/wp\/v2\/comments?post=18512"}],"version-history":[{"count":0,"href":"https:\/\/www2.palagina.eu\/de\/wp-json\/wp\/v2\/pages\/18512\/revisions"}],"wp:featuredmedia":[{"embeddable":true,"href":"https:\/\/www2.palagina.eu\/de\/wp-json\/wp\/v2\/media\/8918"}],"wp:attachment":[{"href":"https:\/\/www2.palagina.eu\/de\/wp-json\/wp\/v2\/media?parent=18512"}],"curies":[{"name":"wp","href":"https:\/\/api.w.org\/{rel}","templated":true}]}}