{"id":18562,"date":"2019-05-14T09:37:34","date_gmt":"2019-05-14T07:37:34","guid":{"rendered":"https:\/\/www2.palagina.eu\/finde-den-handler\/"},"modified":"2021-05-21T10:56:27","modified_gmt":"2021-05-21T08:56:27","slug":"finde-den-handler","status":"publish","type":"page","link":"https:\/\/www2.palagina.eu\/de\/finde-den-handler\/","title":{"rendered":"Finde den H\u00e4ndler"},"content":{"rendered":"<div class=\"wpb-content-wrapper\"><p>[vc_section][vc_row][vc_column][vc_empty_space][vc_text_separator title=&#8221;Finden Sie den H\u00e4ndler in Ihrer N\u00e4he!&#8221;][\/vc_column][\/vc_row][vc_row gap=&#8221;15&#8243;][vc_column width=&#8221;1\/2&#8243;][vc_single_image image=&#8221;14061&#8243; img_size=&#8221;large&#8221; style=&#8221;vc_box_shadow_3d&#8221; css_animation=&#8221;fadeInUpBig&#8221;][vc_column_text]\u00dcber dieses Kontaktformular erhalten Sie die Referenzen der Installateure und Reparaturbetriebe, die unsere Produktpalette kennen und die besten L\u00f6sungen f\u00fcr jede Situation empfehlen k\u00f6nnen.<\/p>\n<p>Senden Sie uns eine Anfrage, wir empfehlen Ihnen die <strong>Profis<\/strong> in Ihrer N\u00e4he![\/vc_column_text][\/vc_column][vc_column width=&#8221;1\/2&#8243;]\n<div class=\"wpcf7 no-js\" id=\"wpcf7-f46797-o1\" lang=\"it-IT\" dir=\"ltr\">\n<div class=\"screen-reader-response\"><p role=\"status\" aria-live=\"polite\" aria-atomic=\"true\"><\/p> <ul><\/ul><\/div>\n<form action=\"\/de\/wp-json\/wp\/v2\/pages\/18562#wpcf7-f46797-o1\" method=\"post\" class=\"wpcf7-form init\" aria-label=\"Modulo di contatto\" novalidate=\"novalidate\" data-status=\"init\">\n<div style=\"display: none;\">\n<input type=\"hidden\" name=\"_wpcf7\" value=\"46797\" \/>\n<input type=\"hidden\" name=\"_wpcf7_version\" value=\"5.7.7\" \/>\n<input type=\"hidden\" name=\"_wpcf7_locale\" value=\"it_IT\" \/>\n<input type=\"hidden\" name=\"_wpcf7_unit_tag\" value=\"wpcf7-f46797-o1\" \/>\n<input type=\"hidden\" name=\"_wpcf7_container_post\" value=\"0\" \/>\n<input type=\"hidden\" name=\"_wpcf7_posted_data_hash\" value=\"\" \/>\n<input type=\"hidden\" name=\"_wpcf7_recaptcha_response\" value=\"\" \/>\n<\/div>\n<style>\ndiv.split2 div{\n\nmargin: auto;\ndisplay: inline-block;\n width: 49%;\n padding: 5px;\n min-width: 350px;\n\n }\n\n#ContFormSplitted{\nwidth: 100%;\nmargin: auto;\n text-align: center;\n}\n<\/style>\n<div id=\"ContFormSplitted\">\n\t<div class=\"split2\">\n\t\t<div>\n\t\t\t<p><label> Vorname-Nachname-Firmenname*<br \/>\n<span class=\"wpcf7-form-control-wrap\" data-name=\"nome\"><input size=\"40\" class=\"wpcf7-form-control wpcf7-text wpcf7-validates-as-required\" aria-required=\"true\" aria-invalid=\"false\" value=\"\" type=\"text\" name=\"nome\" \/><\/span> <\/label><br \/>\n<label> Stadt*<br \/>\n<span class=\"wpcf7-form-control-wrap\" data-name=\"citta\"><input size=\"40\" class=\"wpcf7-form-control wpcf7-text wpcf7-validates-as-required\" aria-required=\"true\" aria-invalid=\"false\" value=\"\" type=\"text\" name=\"citta\" \/><\/span> <\/label><br \/>\n<label> Postleitzahl*<br \/>\n<span class=\"wpcf7-form-control-wrap\" data-name=\"cap\"><input size=\"40\" class=\"wpcf7-form-control wpcf7-text wpcf7-validates-as-required\" aria-required=\"true\" aria-invalid=\"false\" value=\"\" type=\"text\" name=\"cap\" \/><\/span> <\/label>\n\t\t\t<\/p>\n\t\t\t<p><label> Telefonnummer<br \/>\n<span class=\"wpcf7-form-control-wrap\" data-name=\"telefono\"><input size=\"40\" class=\"wpcf7-form-control wpcf7-text\" aria-invalid=\"false\" value=\"\" type=\"text\" name=\"telefono\" \/><\/span> <\/label><br \/>\n<label> E-mail*<br \/>\n<span class=\"wpcf7-form-control-wrap\" data-name=\"email\"><input size=\"40\" class=\"wpcf7-form-control wpcf7-text wpcf7-email wpcf7-validates-as-required wpcf7-validates-as-email\" aria-required=\"true\" aria-invalid=\"false\" value=\"\" type=\"email\" name=\"email\" \/><\/span><\/label><br \/>\n<label> Wie haben Sie uns gefunden?<br \/>\n<span class=\"wpcf7-form-control-wrap\" data-name=\"feedback\"><select class=\"wpcf7-form-control wpcf7-select\" aria-invalid=\"false\" name=\"feedback\"><option value=\"\">&#8212;Seleziona un&#039;opzione&#8212;<\/option><option value=\"Google\">Google<\/option><option value=\"Facebook\">Facebook<\/option><option value=\"Youtube\">Youtube<\/option><option value=\"Mundpropaganda\">Mundpropaganda<\/option><option value=\"Handelsmagazin\">Handelsmagazin<\/option><option value=\"Andere\">Andere<\/option><\/select><\/span> <\/label>\n\t\t\t<\/p>\n\t\t<\/div>\n\t\t<div>\n\t\t\t<p><span class=\"wpcf7-form-control-wrap\" data-name=\"tipodirichiesta\"><span class=\"wpcf7-form-control wpcf7-radio\"><span class=\"wpcf7-list-item first\"><input type=\"radio\" name=\"tipodirichiesta\" value=\"Kauf\" checked=\"checked\" \/><span class=\"wpcf7-list-item-label\">Kauf<\/span><\/span><span class=\"wpcf7-list-item\"><input type=\"radio\" name=\"tipodirichiesta\" value=\"Reparatur\" \/><span class=\"wpcf7-list-item-label\">Reparatur<\/span><\/span><span class=\"wpcf7-list-item last\"><input type=\"radio\" name=\"tipodirichiesta\" value=\"Informationsanfrage\" \/><span class=\"wpcf7-list-item-label\">Informationsanfrage<\/span><\/span><\/span><\/span><br \/>\n[text DataInvio \"<script language=\"Javascript\"><!--\n\t\t\/*\n\t\tvar data = new Date();\n\t\tvar gg, mm, aaaa, txtt;\n\t\tgg = data.getDate() + \"\/\";\n\t\tmm = data.getMonth() + 1 + \"\/\";\n\t\taaaa = data.getFullYear();\n\t\ttxtt = gg + mm + aaaa;\n\t\tdocument.write(txtt);\n\t\t*\/\n\t\t\/\/-->\n\t\t<\/script>\"]\n\t\t\t<\/p>\n\t\t\t<p><span class=\"wpcf7-form-control-wrap\" data-name=\"note\"><textarea cols=\"40\" rows=\"10\" class=\"wpcf7-form-control wpcf7-textarea\" aria-invalid=\"false\" name=\"note\"><\/textarea><\/span>\n\t\t\t<\/p>\n\t\t\t<h5><span class=\"wpcf7-form-control-wrap\" data-name=\"privacy\"><span class=\"wpcf7-form-control wpcf7-acceptance\"><span class=\"wpcf7-list-item\"><input type=\"checkbox\" name=\"privacy\" value=\"1\" aria-invalid=\"false\" \/><\/span><\/span><\/span> Ich erkl\u00e4re, dass ich die <a href=\"https:\/\/www.iubenda.com\/privacy-policy\/39184195\/cookie-policy\" target=\"_blank\"> Datenschutzrichtlinie <\/a> gelesen habe und ich stimme der \u00dcbermittlung meiner pers\u00f6nlichen Daten an den n\u00e4chstgelegenen Einzelh\u00e4ndler zu, um auf Anfragen zu antworten.\n\t\t\t<\/h5>\n\t\t\t<center>\n\t\t\t\t<p><input class=\"wpcf7-form-control has-spinner wpcf7-submit\" type=\"submit\" value=\"Invia\" \/>\n\t\t\t\t<\/p>\n\t\t\t<\/center>\n\t\t\t<div class=\"clearer\">\n\t\t\t<\/div>\n\t\t<\/div>\n\t<\/div>\n<\/div><div class=\"wpcf7-response-output\" aria-hidden=\"true\"><\/div>\n<\/form>\n<\/div>\n[\/vc_column][\/vc_row][\/vc_section]<\/p>\n<\/div>","protected":false},"excerpt":{"rendered":"<p>[vc_section][vc_row][vc_column][vc_empty_space][vc_text_separator title=&#8221;Finden Sie den H\u00e4ndler in Ihrer N\u00e4he!&#8221;][\/vc_column][\/vc_row][vc_row gap=&#8221;15&#8243;][vc_column width=&#8221;1\/2&#8243;][vc_single_image image=&#8221;14061&#8243; img_size=&#8221;large&#8221; style=&#8221;vc_box_shadow_3d&#8221; css_animation=&#8221;fadeInUpBig&#8221;][vc_column_text]\u00dcber dieses Kontaktformular erhalten Sie die Referenzen der Installateure und Reparaturbetriebe, die unsere Produktpalette kennen und die besten L\u00f6sungen f\u00fcr jede Situation empfehlen k\u00f6nnen. Senden Sie uns eine Anfrage, wir empfehlen Ihnen die Profis in Ihrer N\u00e4he![\/vc_column_text][\/vc_column][vc_column width=&#8221;1\/2&#8243;][\/vc_column][\/vc_row][\/vc_section]<\/p>\n","protected":false},"author":1867,"featured_media":0,"parent":0,"menu_order":0,"comment_status":"closed","ping_status":"closed","template":"","meta":[],"acf":[],"yoast_head":"<!-- This site is optimized with the Yoast SEO plugin v19.8 - https:\/\/yoast.com\/wordpress\/plugins\/seo\/ -->\n<title>Finde den H\u00e4ndler - PALAGINA<\/title>\n<meta name=\"robots\" content=\"noindex, follow, max-snippet:-1, max-image-preview:large, max-video-preview:-1\" \/>\n<meta property=\"og:locale\" content=\"de_DE\" \/>\n<meta property=\"og:type\" content=\"article\" \/>\n<meta property=\"og:title\" content=\"Finde den H\u00e4ndler - PALAGINA\" \/>\n<meta property=\"og:description\" content=\"[vc_section][vc_row][vc_column][vc_empty_space][vc_text_separator title=&#8221;Finden Sie den H\u00e4ndler in Ihrer N\u00e4he!&#8221;][\/vc_column][\/vc_row][vc_row gap=&#8221;15&#8243;][vc_column width=&#8221;1\/2&#8243;][vc_single_image image=&#8221;14061&#8243; img_size=&#8221;large&#8221; style=&#8221;vc_box_shadow_3d&#8221; css_animation=&#8221;fadeInUpBig&#8221;][vc_column_text]\u00dcber dieses Kontaktformular erhalten Sie die Referenzen der Installateure und Reparaturbetriebe, die unsere Produktpalette kennen und die besten L\u00f6sungen f\u00fcr jede Situation empfehlen k\u00f6nnen. Senden Sie uns eine Anfrage, wir empfehlen Ihnen die Profis in Ihrer N\u00e4he![\/vc_column_text][\/vc_column][vc_column width=&#8221;1\/2&#8243;][\/vc_column][\/vc_row][\/vc_section]\" \/>\n<meta property=\"og:url\" content=\"https:\/\/www2.palagina.eu\/de\/finde-den-handler\/\" \/>\n<meta property=\"og:site_name\" content=\"PALAGINA\" \/>\n<meta property=\"article:publisher\" content=\"https:\/\/www.facebook.com\/palaginazanzariere\/\" \/>\n<meta property=\"article:modified_time\" content=\"2021-05-21T08:56:27+00:00\" \/>\n<meta name=\"twitter:card\" content=\"summary_large_image\" \/>\n<meta name=\"twitter:label1\" content=\"Est. reading time\" \/>\n\t<meta name=\"twitter:data1\" content=\"1 Minute\" \/>\n<script type=\"application\/ld+json\" class=\"yoast-schema-graph\">{\"@context\":\"https:\/\/schema.org\",\"@graph\":[{\"@type\":\"WebPage\",\"@id\":\"https:\/\/www2.palagina.eu\/de\/finde-den-handler\/\",\"url\":\"https:\/\/www2.palagina.eu\/de\/finde-den-handler\/\",\"name\":\"Finde den H\u00e4ndler - PALAGINA\",\"isPartOf\":{\"@id\":\"https:\/\/www2.palagina.eu\/#website\"},\"datePublished\":\"2019-05-14T07:37:34+00:00\",\"dateModified\":\"2021-05-21T08:56:27+00:00\",\"breadcrumb\":{\"@id\":\"https:\/\/www2.palagina.eu\/de\/finde-den-handler\/#breadcrumb\"},\"inLanguage\":\"de-DE\",\"potentialAction\":[{\"@type\":\"ReadAction\",\"target\":[\"https:\/\/www2.palagina.eu\/de\/finde-den-handler\/\"]}]},{\"@type\":\"BreadcrumbList\",\"@id\":\"https:\/\/www2.palagina.eu\/de\/finde-den-handler\/#breadcrumb\",\"itemListElement\":[{\"@type\":\"ListItem\",\"position\":1,\"name\":\"Home\",\"item\":\"https:\/\/www2.palagina.eu\/de\/\"},{\"@type\":\"ListItem\",\"position\":2,\"name\":\"Finde den H\u00e4ndler\"}]},{\"@type\":\"WebSite\",\"@id\":\"https:\/\/www2.palagina.eu\/#website\",\"url\":\"https:\/\/www2.palagina.eu\/\",\"name\":\"PALAGINA\",\"description\":\"Il modo migliore di proteggersi\",\"publisher\":{\"@id\":\"https:\/\/www2.palagina.eu\/#organization\"},\"potentialAction\":[{\"@type\":\"SearchAction\",\"target\":{\"@type\":\"EntryPoint\",\"urlTemplate\":\"https:\/\/www2.palagina.eu\/?s={search_term_string}\"},\"query-input\":\"required name=search_term_string\"}],\"inLanguage\":\"de-DE\"},{\"@type\":\"Organization\",\"@id\":\"https:\/\/www2.palagina.eu\/#organization\",\"name\":\"Palagina\",\"url\":\"https:\/\/www2.palagina.eu\/\",\"sameAs\":[\"https:\/\/www.youtube.com\/user\/PALAGINAZANZARIERE\",\"https:\/\/www.facebook.com\/palaginazanzariere\/\"],\"logo\":{\"@type\":\"ImageObject\",\"inLanguage\":\"de-DE\",\"@id\":\"https:\/\/www2.palagina.eu\/#\/schema\/logo\/image\/\",\"url\":\"https:\/\/www2.palagina.eu\/wp-content\/uploads\/2019\/02\/SimboloMarchio.jpg\",\"contentUrl\":\"https:\/\/www2.palagina.eu\/wp-content\/uploads\/2019\/02\/SimboloMarchio.jpg\",\"width\":1490,\"height\":270,\"caption\":\"Palagina\"},\"image\":{\"@id\":\"https:\/\/www2.palagina.eu\/#\/schema\/logo\/image\/\"}}]}<\/script>\n<!-- \/ Yoast SEO plugin. -->","yoast_head_json":{"title":"Finde den H\u00e4ndler - PALAGINA","robots":{"index":"noindex","follow":"follow","max-snippet":"max-snippet:-1","max-image-preview":"max-image-preview:large","max-video-preview":"max-video-preview:-1"},"og_locale":"de_DE","og_type":"article","og_title":"Finde den H\u00e4ndler - PALAGINA","og_description":"[vc_section][vc_row][vc_column][vc_empty_space][vc_text_separator title=&#8221;Finden Sie den H\u00e4ndler in Ihrer N\u00e4he!&#8221;][\/vc_column][\/vc_row][vc_row gap=&#8221;15&#8243;][vc_column width=&#8221;1\/2&#8243;][vc_single_image image=&#8221;14061&#8243; img_size=&#8221;large&#8221; style=&#8221;vc_box_shadow_3d&#8221; css_animation=&#8221;fadeInUpBig&#8221;][vc_column_text]\u00dcber dieses Kontaktformular erhalten Sie die Referenzen der Installateure und Reparaturbetriebe, die unsere Produktpalette kennen und die besten L\u00f6sungen f\u00fcr jede Situation empfehlen k\u00f6nnen. Senden Sie uns eine Anfrage, wir empfehlen Ihnen die Profis in Ihrer N\u00e4he![\/vc_column_text][\/vc_column][vc_column width=&#8221;1\/2&#8243;][\/vc_column][\/vc_row][\/vc_section]","og_url":"https:\/\/www2.palagina.eu\/de\/finde-den-handler\/","og_site_name":"PALAGINA","article_publisher":"https:\/\/www.facebook.com\/palaginazanzariere\/","article_modified_time":"2021-05-21T08:56:27+00:00","twitter_card":"summary_large_image","twitter_misc":{"Est. reading time":"1 Minute"},"schema":{"@context":"https:\/\/schema.org","@graph":[{"@type":"WebPage","@id":"https:\/\/www2.palagina.eu\/de\/finde-den-handler\/","url":"https:\/\/www2.palagina.eu\/de\/finde-den-handler\/","name":"Finde den H\u00e4ndler - PALAGINA","isPartOf":{"@id":"https:\/\/www2.palagina.eu\/#website"},"datePublished":"2019-05-14T07:37:34+00:00","dateModified":"2021-05-21T08:56:27+00:00","breadcrumb":{"@id":"https:\/\/www2.palagina.eu\/de\/finde-den-handler\/#breadcrumb"},"inLanguage":"de-DE","potentialAction":[{"@type":"ReadAction","target":["https:\/\/www2.palagina.eu\/de\/finde-den-handler\/"]}]},{"@type":"BreadcrumbList","@id":"https:\/\/www2.palagina.eu\/de\/finde-den-handler\/#breadcrumb","itemListElement":[{"@type":"ListItem","position":1,"name":"Home","item":"https:\/\/www2.palagina.eu\/de\/"},{"@type":"ListItem","position":2,"name":"Finde den H\u00e4ndler"}]},{"@type":"WebSite","@id":"https:\/\/www2.palagina.eu\/#website","url":"https:\/\/www2.palagina.eu\/","name":"PALAGINA","description":"Il modo migliore di proteggersi","publisher":{"@id":"https:\/\/www2.palagina.eu\/#organization"},"potentialAction":[{"@type":"SearchAction","target":{"@type":"EntryPoint","urlTemplate":"https:\/\/www2.palagina.eu\/?s={search_term_string}"},"query-input":"required name=search_term_string"}],"inLanguage":"de-DE"},{"@type":"Organization","@id":"https:\/\/www2.palagina.eu\/#organization","name":"Palagina","url":"https:\/\/www2.palagina.eu\/","sameAs":["https:\/\/www.youtube.com\/user\/PALAGINAZANZARIERE","https:\/\/www.facebook.com\/palaginazanzariere\/"],"logo":{"@type":"ImageObject","inLanguage":"de-DE","@id":"https:\/\/www2.palagina.eu\/#\/schema\/logo\/image\/","url":"https:\/\/www2.palagina.eu\/wp-content\/uploads\/2019\/02\/SimboloMarchio.jpg","contentUrl":"https:\/\/www2.palagina.eu\/wp-content\/uploads\/2019\/02\/SimboloMarchio.jpg","width":1490,"height":270,"caption":"Palagina"},"image":{"@id":"https:\/\/www2.palagina.eu\/#\/schema\/logo\/image\/"}}]}},"_links":{"self":[{"href":"https:\/\/www2.palagina.eu\/de\/wp-json\/wp\/v2\/pages\/18562"}],"collection":[{"href":"https:\/\/www2.palagina.eu\/de\/wp-json\/wp\/v2\/pages"}],"about":[{"href":"https:\/\/www2.palagina.eu\/de\/wp-json\/wp\/v2\/types\/page"}],"author":[{"embeddable":true,"href":"https:\/\/www2.palagina.eu\/de\/wp-json\/wp\/v2\/users\/1867"}],"replies":[{"embeddable":true,"href":"https:\/\/www2.palagina.eu\/de\/wp-json\/wp\/v2\/comments?post=18562"}],"version-history":[{"count":0,"href":"https:\/\/www2.palagina.eu\/de\/wp-json\/wp\/v2\/pages\/18562\/revisions"}],"wp:attachment":[{"href":"https:\/\/www2.palagina.eu\/de\/wp-json\/wp\/v2\/media?parent=18562"}],"curies":[{"name":"wp","href":"https:\/\/api.w.org\/{rel}","templated":true}]}}