{"id":24806,"date":"2020-02-19T19:26:43","date_gmt":"2020-02-19T18:26:43","guid":{"rendered":"https:\/\/www2.palagina.eu\/?page_id=24806"},"modified":"2021-05-21T11:04:15","modified_gmt":"2021-05-21T09:04:15","slug":"informazioni-privacy-form-trova-il-rivenditore-a-te-piu-vicino","status":"publish","type":"page","link":"https:\/\/www2.palagina.eu\/de\/informazioni-privacy-form-trova-il-rivenditore-a-te-piu-vicino\/","title":{"rendered":"INFORMATION DATENSCHUTZFORMULAR &#8220;FINDEN SIE DEN H\u00c4NDLER IN IHRER N\u00c4HE&#8221;"},"content":{"rendered":"\n<p>Gem\u00e4\u00df der EU-Verordnung 2016\/679 werden auf dieser Seite die Methoden zur Verarbeitung personenbezogener Daten beschrieben, die von der interessierten Partei \u00fcber das Formular &#8220;Finden Sie den H\u00e4ndler in Ihrer N\u00e4he&#8221; unter https:\/\/www2.palagina.eu\/trova &#8211; reseller \/ \u00fcbermittelt werden.<\/p>\n\n\n\n<p>Diese Informationen betreffen keine anderen Websites, Seiten oder Onlinedienste, die \u00fcber Hypertext-Links erreichbar sind, die m\u00f6glicherweise auf unserer Website ver\u00f6ffentlicht werden.<\/p>\n\n\n\n<p><strong>INHABER DER BEHANDLUNG<\/strong> <\/p>\n\n\n\n<p><strong>Palagina S.r.l. <\/strong>Sitz in der Via Palagina 39, Ponte a Cappiano &#8211; 50054 Fucecchio (FI)<\/p>\n\n\n\n<p>Kontakt E-Mail des Eigent\u00fcmers: info@palagina.eu.<\/p>\n\n\n\n<p><strong>VERANTWORTLICH F\u00dcR DEN DATENSCHUTZ<\/strong><\/p>\n\n\n\n<p>Palagina S.r.l. erfordert nicht die Figur des Datenschutzbeauftragten gem\u00e4\u00df Art. 37 der EU-Verordnung 679\/2016..<\/p>\n\n\n\n<p><strong>ZWECK, RECHTLICHE GRUNDLAGE UND OBLIGATORISCHE ODER OPTIONALE NATUR DER VERARBEITUNG<\/strong><\/p>\n\n\n\n<p>Die personenbezogenen Daten, die der Interessent durch Ausf\u00fcllen des Formulars &#8220;Finden Sie den H\u00e4ndler in Ihrer N\u00e4he&#8221; angegeben hat, werden vom Datenverantwortlichen zum Zwecke der Verwaltung von Anfragen verarbeitet. Die von der interessierten Partei bereitgestellten Daten werden dem \u00f6rtlichen Einzelh\u00e4ndler mitgeteilt, um auf seine Anfragen zu antworten. Die personenbezogenen Daten, die verarbeitet werden, sind nur diejenigen, die der Interessent beim Versenden von Nachrichten \u00fcber das Formular angegeben hat.<\/p>\n\n\n\n<p>Die Angabe personenbezogener Daten (Name, Nachname und E-Mail-Adresse) ist obligatorisch, damit der f\u00fcr die Datenverarbeitung Verantwortliche die \u00fcber das Formular empfangenen Mitteilungen und \/ oder Anfragen verwalten oder den Interessenten erneut kontaktieren kann. Ohne diese Bestimmung kann der Datenverantwortliche nicht auf die eingegangenen Anforderungen antworten. Im Gegenteil, die Erfassung anderer Daten ist optional (Telefonnummer, Postleitzahl und Stadt): Wenn diese nicht angegeben werden, hat dies keine Konsequenzen f\u00fcr den Benutzer.<\/p>\n\n\n\n<p>Verantwortliche die Verarbeitung personenbezogener Daten st\u00fctzt, ist das vorvertragliche und vertragliche Verh\u00e4ltnis, dessen Vertragspartei der Interessent ist. Dar\u00fcber hinaus verarbeitet der f\u00fcr die Datenverarbeitung Verantwortliche die personenbezogenen Daten des Interessenten, um den gesetzlichen Verpflichtungen nachzukommen, denen er unterliegt.<\/p>\n\n\n\n<p>Rechtsgrundlage, auf der der f\u00fcr die Verarbeitung<br>Per quanto attiene all\u2019utilizzo dei cookie da parte del Sito, si rimanda alla &#8220;Cookie Policy&#8221; raggiungibile con il link in calce al presente sito.<\/p>\n\n\n\n<p><strong>ARTEN DER VERARBEITETEN DATEM UND ZWECK DER VERARBEITUNG<\/strong><\/p>\n\n\n\n<p><em>Vom Benutzer \u00fcbermittelte Daten<\/em><\/p>\n\n\n\n<p>Die pers\u00f6nlichen Daten, die direkt von der interessierten Partei durch Ausf\u00fcllen des Formulars &#8220;Finden Sie den H\u00e4ndler in Ihrer N\u00e4he&#8221; bereitgestellt werden, beinhalten die Erfassung der Daten.<\/p>\n\n\n\n<p><strong>VERFAHREN ZUR VERARBEITUNG PERS\u00d6NLICHER DATEN<\/strong><\/p>\n\n\n\n<p>Die erhobenen Daten werden mit IT-Tools und nur in Restform mit Papiermethoden verarbeitet.<\/p>\n\n\n\n<p>F\u00fcr die Verarbeitung von Daten, die mit den Diensten der Website verbunden sind, verwendet der Datenverantwortliche Server auf europ\u00e4ischem Gebiet und Computersysteme am Hauptsitz des Eigent\u00fcmers. Ihr Transfer ins Ausland ist nicht vorgesehen.<\/p>\n\n\n\n<p>Es werden angemessene technische und organisatorische Ma\u00dfnahmen getroffen, um ein angemessenes Sicherheitsniveau zu gew\u00e4hrleisten und Datenverlust, illegale oder falsche Verwendung und unbefugten Zugriff zu verhindern.<\/p>\n\n\n\n<p>Die direkt vom Interessenten zur Verf\u00fcgung gestellten Daten werden f\u00fcr die gesamte Dauer des Vertragsverh\u00e4ltnisses und in \u00dcbereinstimmung mit den gesetzlichen Verpflichtungen aufbewahrt.<\/p>\n\n\n\n<p><strong>EMPF\u00c4NGER DER DATEN<\/strong><\/p>\n\n\n\n<p>Die personenbezogenen Daten des Interessenten werden von Mitarbeitern oder Mitarbeitern unseres Unternehmens verarbeitet, die von uns ausdr\u00fccklich als &#8220;zur Verarbeitung autorisiert&#8221; und \/ oder als &#8220;externer Datenverarbeiter&#8221; bezeichnet werden.<\/p>\n\n\n\n<p>Dar\u00fcber hinaus werden die Daten an die n\u00e4chstgelegenen H\u00e4ndler in der Umgebung \u00fcbermittelt, um auf die Anfragen der interessierten Partei zu reagieren. Der Einzelh\u00e4ndler verarbeitet die Daten als unabh\u00e4ngiger Eigent\u00fcmer, um auf die eingegangenen Anfragen zu antworten.<\/p>\n\n\n\n<p><strong>RECHTE DER INTERESSIERTEN PARTEIEN<\/strong><\/p>\n\n\n\n<p>Die interessierten Parteien haben das Recht, von Palagina Srl in den vorgesehenen F\u00e4llen Zugang zu personenbezogenen Daten und deren Berichtigung oder L\u00f6schung oder die Einschr\u00e4nkung der sie betreffenden Verarbeitung zu erhalten oder sich der Verarbeitung und Portabilit\u00e4t von Daten zu widersetzen (Art 15 und folgende der Verordnung).<\/p>\n\n\n\n<p>Anfragen sind an info@palagina.eu zu richten<\/p>\n\n\n\n<p><strong>BESCHWERDERECHT<\/strong><\/p>\n\n\n\n<p>Interessenten, die der Ansicht sind, dass die Verarbeitung personenbezogener Daten, die \u00fcber diese Website auf sie verweisen, gegen die Bestimmungen der Verordnung verst\u00f6\u00dft, haben das Recht, eine Beschwerde beim Garantiegeber einzureichen, wie dies in Art. 4 vorgesehen ist. 77 der Verordnung selbst oder geeignete Justiz\u00e4mter zu \u00fcbernehmen (Artikel 79 der Verordnung).<\/p>\n","protected":false},"excerpt":{"rendered":"<p>Gem\u00e4\u00df der EU-Verordnung 2016\/679 werden auf dieser Seite die Methoden zur Verarbeitung personenbezogener Daten beschrieben, die von der interessierten Partei \u00fcber das Formular &#8220;Finden Sie den H\u00e4ndler in Ihrer N\u00e4he&#8221; unter https:\/\/www2.palagina.eu\/trova &#8211; reseller \/ \u00fcbermittelt werden. Diese Informationen betreffen keine anderen Websites, Seiten oder Onlinedienste, die \u00fcber Hypertext-Links erreichbar sind, die m\u00f6glicherweise auf unserer [&hellip;]<\/p>\n","protected":false},"author":1867,"featured_media":0,"parent":0,"menu_order":0,"comment_status":"closed","ping_status":"closed","template":"","meta":[],"acf":[],"yoast_head":"<!-- This site is optimized with the Yoast SEO plugin v19.8 - https:\/\/yoast.com\/wordpress\/plugins\/seo\/ -->\n<title>INFORMATION DATENSCHUTZFORMULAR &quot;FINDEN SIE DEN H\u00c4NDLER IN IHRER N\u00c4HE&quot; - PALAGINA<\/title>\n<meta name=\"robots\" content=\"noindex, follow, max-snippet:-1, max-image-preview:large, max-video-preview:-1\" \/>\n<meta property=\"og:locale\" content=\"de_DE\" \/>\n<meta property=\"og:type\" content=\"article\" \/>\n<meta property=\"og:title\" content=\"INFORMATION DATENSCHUTZFORMULAR &quot;FINDEN SIE DEN H\u00c4NDLER IN IHRER N\u00c4HE&quot; - PALAGINA\" \/>\n<meta property=\"og:description\" content=\"Gem\u00e4\u00df der EU-Verordnung 2016\/679 werden auf dieser Seite die Methoden zur Verarbeitung personenbezogener Daten beschrieben, die von der interessierten Partei \u00fcber das Formular &#8220;Finden Sie den H\u00e4ndler in Ihrer N\u00e4he&#8221; unter https:\/\/www2.palagina.eu\/trova &#8211; reseller \/ \u00fcbermittelt werden. Diese Informationen betreffen keine anderen Websites, Seiten oder Onlinedienste, die \u00fcber Hypertext-Links erreichbar sind, die m\u00f6glicherweise auf unserer [&hellip;]\" \/>\n<meta property=\"og:url\" content=\"https:\/\/www2.palagina.eu\/de\/informazioni-privacy-form-trova-il-rivenditore-a-te-piu-vicino\/\" \/>\n<meta property=\"og:site_name\" content=\"PALAGINA\" \/>\n<meta property=\"article:publisher\" content=\"https:\/\/www.facebook.com\/palaginazanzariere\/\" \/>\n<meta property=\"article:modified_time\" content=\"2021-05-21T09:04:15+00:00\" \/>\n<meta name=\"twitter:card\" content=\"summary_large_image\" \/>\n<meta name=\"twitter:label1\" content=\"Gesch\u00e4tzte Lesezeit\" \/>\n\t<meta name=\"twitter:data1\" content=\"3 Minuten\" \/>\n<script type=\"application\/ld+json\" class=\"yoast-schema-graph\">{\"@context\":\"https:\/\/schema.org\",\"@graph\":[{\"@type\":\"WebPage\",\"@id\":\"https:\/\/www2.palagina.eu\/de\/informazioni-privacy-form-trova-il-rivenditore-a-te-piu-vicino\/\",\"url\":\"https:\/\/www2.palagina.eu\/de\/informazioni-privacy-form-trova-il-rivenditore-a-te-piu-vicino\/\",\"name\":\"INFORMATION DATENSCHUTZFORMULAR \\\"FINDEN SIE DEN H\u00c4NDLER IN IHRER N\u00c4HE\\\" - PALAGINA\",\"isPartOf\":{\"@id\":\"https:\/\/www2.palagina.eu\/#website\"},\"datePublished\":\"2020-02-19T18:26:43+00:00\",\"dateModified\":\"2021-05-21T09:04:15+00:00\",\"breadcrumb\":{\"@id\":\"https:\/\/www2.palagina.eu\/de\/informazioni-privacy-form-trova-il-rivenditore-a-te-piu-vicino\/#breadcrumb\"},\"inLanguage\":\"de-DE\",\"potentialAction\":[{\"@type\":\"ReadAction\",\"target\":[\"https:\/\/www2.palagina.eu\/de\/informazioni-privacy-form-trova-il-rivenditore-a-te-piu-vicino\/\"]}]},{\"@type\":\"BreadcrumbList\",\"@id\":\"https:\/\/www2.palagina.eu\/de\/informazioni-privacy-form-trova-il-rivenditore-a-te-piu-vicino\/#breadcrumb\",\"itemListElement\":[{\"@type\":\"ListItem\",\"position\":1,\"name\":\"Home\",\"item\":\"https:\/\/www2.palagina.eu\/de\/\"},{\"@type\":\"ListItem\",\"position\":2,\"name\":\"INFORMATION DATENSCHUTZFORMULAR &#8222;FINDEN SIE DEN H\u00c4NDLER IN IHRER N\u00c4HE&#8220;\"}]},{\"@type\":\"WebSite\",\"@id\":\"https:\/\/www2.palagina.eu\/#website\",\"url\":\"https:\/\/www2.palagina.eu\/\",\"name\":\"PALAGINA\",\"description\":\"Il modo migliore di proteggersi\",\"publisher\":{\"@id\":\"https:\/\/www2.palagina.eu\/#organization\"},\"potentialAction\":[{\"@type\":\"SearchAction\",\"target\":{\"@type\":\"EntryPoint\",\"urlTemplate\":\"https:\/\/www2.palagina.eu\/?s={search_term_string}\"},\"query-input\":\"required name=search_term_string\"}],\"inLanguage\":\"de-DE\"},{\"@type\":\"Organization\",\"@id\":\"https:\/\/www2.palagina.eu\/#organization\",\"name\":\"Palagina\",\"url\":\"https:\/\/www2.palagina.eu\/\",\"sameAs\":[\"https:\/\/www.youtube.com\/user\/PALAGINAZANZARIERE\",\"https:\/\/www.facebook.com\/palaginazanzariere\/\"],\"logo\":{\"@type\":\"ImageObject\",\"inLanguage\":\"de-DE\",\"@id\":\"https:\/\/www2.palagina.eu\/#\/schema\/logo\/image\/\",\"url\":\"https:\/\/www2.palagina.eu\/wp-content\/uploads\/2019\/02\/SimboloMarchio.jpg\",\"contentUrl\":\"https:\/\/www2.palagina.eu\/wp-content\/uploads\/2019\/02\/SimboloMarchio.jpg\",\"width\":1490,\"height\":270,\"caption\":\"Palagina\"},\"image\":{\"@id\":\"https:\/\/www2.palagina.eu\/#\/schema\/logo\/image\/\"}}]}<\/script>\n<!-- \/ Yoast SEO plugin. -->","yoast_head_json":{"title":"INFORMATION DATENSCHUTZFORMULAR \"FINDEN SIE DEN H\u00c4NDLER IN IHRER N\u00c4HE\" - PALAGINA","robots":{"index":"noindex","follow":"follow","max-snippet":"max-snippet:-1","max-image-preview":"max-image-preview:large","max-video-preview":"max-video-preview:-1"},"og_locale":"de_DE","og_type":"article","og_title":"INFORMATION DATENSCHUTZFORMULAR \"FINDEN SIE DEN H\u00c4NDLER IN IHRER N\u00c4HE\" - PALAGINA","og_description":"Gem\u00e4\u00df der EU-Verordnung 2016\/679 werden auf dieser Seite die Methoden zur Verarbeitung personenbezogener Daten beschrieben, die von der interessierten Partei \u00fcber das Formular &#8220;Finden Sie den H\u00e4ndler in Ihrer N\u00e4he&#8221; unter https:\/\/www2.palagina.eu\/trova &#8211; reseller \/ \u00fcbermittelt werden. Diese Informationen betreffen keine anderen Websites, Seiten oder Onlinedienste, die \u00fcber Hypertext-Links erreichbar sind, die m\u00f6glicherweise auf unserer [&hellip;]","og_url":"https:\/\/www2.palagina.eu\/de\/informazioni-privacy-form-trova-il-rivenditore-a-te-piu-vicino\/","og_site_name":"PALAGINA","article_publisher":"https:\/\/www.facebook.com\/palaginazanzariere\/","article_modified_time":"2021-05-21T09:04:15+00:00","twitter_card":"summary_large_image","twitter_misc":{"Gesch\u00e4tzte Lesezeit":"3 Minuten"},"schema":{"@context":"https:\/\/schema.org","@graph":[{"@type":"WebPage","@id":"https:\/\/www2.palagina.eu\/de\/informazioni-privacy-form-trova-il-rivenditore-a-te-piu-vicino\/","url":"https:\/\/www2.palagina.eu\/de\/informazioni-privacy-form-trova-il-rivenditore-a-te-piu-vicino\/","name":"INFORMATION DATENSCHUTZFORMULAR \"FINDEN SIE DEN H\u00c4NDLER IN IHRER N\u00c4HE\" - PALAGINA","isPartOf":{"@id":"https:\/\/www2.palagina.eu\/#website"},"datePublished":"2020-02-19T18:26:43+00:00","dateModified":"2021-05-21T09:04:15+00:00","breadcrumb":{"@id":"https:\/\/www2.palagina.eu\/de\/informazioni-privacy-form-trova-il-rivenditore-a-te-piu-vicino\/#breadcrumb"},"inLanguage":"de-DE","potentialAction":[{"@type":"ReadAction","target":["https:\/\/www2.palagina.eu\/de\/informazioni-privacy-form-trova-il-rivenditore-a-te-piu-vicino\/"]}]},{"@type":"BreadcrumbList","@id":"https:\/\/www2.palagina.eu\/de\/informazioni-privacy-form-trova-il-rivenditore-a-te-piu-vicino\/#breadcrumb","itemListElement":[{"@type":"ListItem","position":1,"name":"Home","item":"https:\/\/www2.palagina.eu\/de\/"},{"@type":"ListItem","position":2,"name":"INFORMATION DATENSCHUTZFORMULAR &#8222;FINDEN SIE DEN H\u00c4NDLER IN IHRER N\u00c4HE&#8220;"}]},{"@type":"WebSite","@id":"https:\/\/www2.palagina.eu\/#website","url":"https:\/\/www2.palagina.eu\/","name":"PALAGINA","description":"Il modo migliore di proteggersi","publisher":{"@id":"https:\/\/www2.palagina.eu\/#organization"},"potentialAction":[{"@type":"SearchAction","target":{"@type":"EntryPoint","urlTemplate":"https:\/\/www2.palagina.eu\/?s={search_term_string}"},"query-input":"required name=search_term_string"}],"inLanguage":"de-DE"},{"@type":"Organization","@id":"https:\/\/www2.palagina.eu\/#organization","name":"Palagina","url":"https:\/\/www2.palagina.eu\/","sameAs":["https:\/\/www.youtube.com\/user\/PALAGINAZANZARIERE","https:\/\/www.facebook.com\/palaginazanzariere\/"],"logo":{"@type":"ImageObject","inLanguage":"de-DE","@id":"https:\/\/www2.palagina.eu\/#\/schema\/logo\/image\/","url":"https:\/\/www2.palagina.eu\/wp-content\/uploads\/2019\/02\/SimboloMarchio.jpg","contentUrl":"https:\/\/www2.palagina.eu\/wp-content\/uploads\/2019\/02\/SimboloMarchio.jpg","width":1490,"height":270,"caption":"Palagina"},"image":{"@id":"https:\/\/www2.palagina.eu\/#\/schema\/logo\/image\/"}}]}},"_links":{"self":[{"href":"https:\/\/www2.palagina.eu\/de\/wp-json\/wp\/v2\/pages\/24806"}],"collection":[{"href":"https:\/\/www2.palagina.eu\/de\/wp-json\/wp\/v2\/pages"}],"about":[{"href":"https:\/\/www2.palagina.eu\/de\/wp-json\/wp\/v2\/types\/page"}],"author":[{"embeddable":true,"href":"https:\/\/www2.palagina.eu\/de\/wp-json\/wp\/v2\/users\/1867"}],"replies":[{"embeddable":true,"href":"https:\/\/www2.palagina.eu\/de\/wp-json\/wp\/v2\/comments?post=24806"}],"version-history":[{"count":0,"href":"https:\/\/www2.palagina.eu\/de\/wp-json\/wp\/v2\/pages\/24806\/revisions"}],"wp:attachment":[{"href":"https:\/\/www2.palagina.eu\/de\/wp-json\/wp\/v2\/media?parent=24806"}],"curies":[{"name":"wp","href":"https:\/\/api.w.org\/{rel}","templated":true}]}}