{"id":30404,"date":"2020-05-28T00:01:35","date_gmt":"2020-05-27T22:01:35","guid":{"rendered":"https:\/\/www2.palagina.eu\/prodotto\/rl-magnum\/"},"modified":"2020-05-28T00:01:38","modified_gmt":"2020-05-27T22:01:38","slug":"rl-magnum","status":"publish","type":"product","link":"https:\/\/www2.palagina.eu\/de\/prodotto\/rl-magnum\/","title":{"rendered":"RL Magnum"},"content":{"rendered":"","protected":false},"excerpt":{"rendered":"<p>Insektenschutz-T\u00fcrrollo mit Kn\u00f6pfen<br \/>\nSchwarzes Glasfaser Netz-Gewe, hohe Kontrast<br \/>\nMagnum Welle \u00d828<br \/>\nKeine sichtbaren Schrauben. Installierbar ohne Bohrungen auf der Seite des Kastens<br \/>\nentfernbare abgerundete Bodenschiene<br \/>\nTeleskopf\u00fchrungsschiene<br \/>\nDichtung zum Vermeiden des Eindringens von Insekten BI, NE, MA, BR<br \/>\nverst\u00e4rkte Griffleiste mit Standardgriff au\u00dfen<br \/>\neinstellbare Geschwindigkeit bei montiertem Insektenschutzrollo  <\/p>\n<hr \/>\n<h5><strong><i class=\"fas fa-inbox\"><\/i> Produkte:<\/strong> Insektenschutz<\/h5>\n<hr \/>\n<h5><strong><i class=\"fas fa-window-maximize\"><\/i> Ideal f\u00fcr:<\/strong> Fenstert\u00fcr<\/h5>\n<hr \/>\n<h5><strong><i class=\"fas fa-arrows-h\"><\/i> Dicke:<\/strong> 45, 55<\/h5>\n<hr \/>\n<h5><strong><i class=\"fas fa-arrows\"><\/i> Bewegung:<\/strong> Seitlich<\/h5>\n<hr \/>\n<h5><strong><i class=\"fas fa-compress\"><\/i> Bedienung:<\/strong> Feder<\/h5>\n<hr \/>\n<h5><strong><i class=\"fas fa-wrench\"><\/i>\u00a0 Montage:<\/strong> Erweiterungsserie R<\/h5>\n<hr \/>\n<h5><strong><i class=\"fas fa-cubes\"><\/i> Technologie:<\/strong> Windschutz-Kn\u00f6pfe<\/h5>\n<hr \/>\n","protected":false},"featured_media":9029,"template":"","meta":[],"product_cat":[1433],"product_tag":[],"acf":[],"yoast_head":"<!-- This site is optimized with the Yoast SEO plugin v19.8 - https:\/\/yoast.com\/wordpress\/plugins\/seo\/ -->\n<title>RL Magnum - PALAGINA<\/title>\n<meta name=\"robots\" content=\"noindex, follow, max-snippet:-1, max-image-preview:large, max-video-preview:-1\" \/>\n<meta property=\"og:locale\" content=\"de_DE\" \/>\n<meta property=\"og:type\" content=\"article\" \/>\n<meta property=\"og:title\" content=\"RL Magnum - PALAGINA\" \/>\n<meta property=\"og:description\" content=\"Insektenschutz-T\u00fcrrollo mit Kn\u00f6pfen Schwarzes Glasfaser Netz-Gewe, hohe Kontrast Magnum Welle \u00d828 Keine sichtbaren Schrauben. Installierbar ohne Bohrungen auf der Seite des Kastens entfernbare abgerundete Bodenschiene Teleskopf\u00fchrungsschiene Dichtung zum Vermeiden des Eindringens von Insekten BI, NE, MA, BR verst\u00e4rkte Griffleiste mit Standardgriff au\u00dfen einstellbare Geschwindigkeit bei montiertem Insektenschutzrollo   Produkte: Insektenschutz   Ideal f\u00fcr: Fenstert\u00fcr   Dicke: 45, 55   Bewegung: Seitlich   Bedienung: Feder  \u00a0 Montage: Erweiterungsserie R   Technologie: Windschutz-Kn\u00f6pfe\" \/>\n<meta property=\"og:url\" content=\"https:\/\/www2.palagina.eu\/de\/prodotto\/rl-magnum\/\" \/>\n<meta property=\"og:site_name\" content=\"PALAGINA\" \/>\n<meta property=\"article:publisher\" content=\"https:\/\/www.facebook.com\/palaginazanzariere\/\" \/>\n<meta property=\"article:modified_time\" content=\"2020-05-27T22:01:38+00:00\" \/>\n<meta property=\"og:image\" content=\"https:\/\/www2.palagina.eu\/wp-content\/uploads\/2018\/11\/RL_MAGNUM.jpg\" \/>\n\t<meta property=\"og:image:width\" content=\"1536\" \/>\n\t<meta property=\"og:image:height\" content=\"2048\" \/>\n\t<meta property=\"og:image:type\" content=\"image\/jpeg\" \/>\n<meta name=\"twitter:card\" content=\"summary_large_image\" \/>\n<script type=\"application\/ld+json\" class=\"yoast-schema-graph\">{\"@context\":\"https:\/\/schema.org\",\"@graph\":[{\"@type\":\"WebPage\",\"@id\":\"https:\/\/www2.palagina.eu\/de\/prodotto\/rl-magnum\/\",\"url\":\"https:\/\/www2.palagina.eu\/de\/prodotto\/rl-magnum\/\",\"name\":\"RL Magnum - PALAGINA\",\"isPartOf\":{\"@id\":\"https:\/\/www2.palagina.eu\/#website\"},\"datePublished\":\"2020-05-27T22:01:35+00:00\",\"dateModified\":\"2020-05-27T22:01:38+00:00\",\"breadcrumb\":{\"@id\":\"https:\/\/www2.palagina.eu\/de\/prodotto\/rl-magnum\/#breadcrumb\"},\"inLanguage\":\"de-DE\",\"potentialAction\":[{\"@type\":\"ReadAction\",\"target\":[\"https:\/\/www2.palagina.eu\/de\/prodotto\/rl-magnum\/\"]}]},{\"@type\":\"BreadcrumbList\",\"@id\":\"https:\/\/www2.palagina.eu\/de\/prodotto\/rl-magnum\/#breadcrumb\",\"itemListElement\":[{\"@type\":\"ListItem\",\"position\":1,\"name\":\"Home\",\"item\":\"https:\/\/www2.palagina.eu\/de\/\"},{\"@type\":\"ListItem\",\"position\":2,\"name\":\"Catalogo\",\"item\":\"https:\/\/www2.palagina.eu\/catalogo\/\"},{\"@type\":\"ListItem\",\"position\":3,\"name\":\"RL Magnum\"}]},{\"@type\":\"WebSite\",\"@id\":\"https:\/\/www2.palagina.eu\/#website\",\"url\":\"https:\/\/www2.palagina.eu\/\",\"name\":\"PALAGINA\",\"description\":\"Il modo migliore di proteggersi\",\"publisher\":{\"@id\":\"https:\/\/www2.palagina.eu\/#organization\"},\"potentialAction\":[{\"@type\":\"SearchAction\",\"target\":{\"@type\":\"EntryPoint\",\"urlTemplate\":\"https:\/\/www2.palagina.eu\/?s={search_term_string}\"},\"query-input\":\"required name=search_term_string\"}],\"inLanguage\":\"de-DE\"},{\"@type\":\"Organization\",\"@id\":\"https:\/\/www2.palagina.eu\/#organization\",\"name\":\"Palagina\",\"url\":\"https:\/\/www2.palagina.eu\/\",\"sameAs\":[\"https:\/\/www.youtube.com\/user\/PALAGINAZANZARIERE\",\"https:\/\/www.facebook.com\/palaginazanzariere\/\"],\"logo\":{\"@type\":\"ImageObject\",\"inLanguage\":\"de-DE\",\"@id\":\"https:\/\/www2.palagina.eu\/#\/schema\/logo\/image\/\",\"url\":\"https:\/\/www2.palagina.eu\/wp-content\/uploads\/2019\/02\/SimboloMarchio.jpg\",\"contentUrl\":\"https:\/\/www2.palagina.eu\/wp-content\/uploads\/2019\/02\/SimboloMarchio.jpg\",\"width\":1490,\"height\":270,\"caption\":\"Palagina\"},\"image\":{\"@id\":\"https:\/\/www2.palagina.eu\/#\/schema\/logo\/image\/\"}}]}<\/script>\n<!-- \/ Yoast SEO plugin. -->","yoast_head_json":{"title":"RL Magnum - PALAGINA","robots":{"index":"noindex","follow":"follow","max-snippet":"max-snippet:-1","max-image-preview":"max-image-preview:large","max-video-preview":"max-video-preview:-1"},"og_locale":"de_DE","og_type":"article","og_title":"RL Magnum - PALAGINA","og_description":"Insektenschutz-T\u00fcrrollo mit Kn\u00f6pfen Schwarzes Glasfaser Netz-Gewe, hohe Kontrast Magnum Welle \u00d828 Keine sichtbaren Schrauben. Installierbar ohne Bohrungen auf der Seite des Kastens entfernbare abgerundete Bodenschiene Teleskopf\u00fchrungsschiene Dichtung zum Vermeiden des Eindringens von Insekten BI, NE, MA, BR verst\u00e4rkte Griffleiste mit Standardgriff au\u00dfen einstellbare Geschwindigkeit bei montiertem Insektenschutzrollo   Produkte: Insektenschutz   Ideal f\u00fcr: Fenstert\u00fcr   Dicke: 45, 55   Bewegung: Seitlich   Bedienung: Feder  \u00a0 Montage: Erweiterungsserie R   Technologie: Windschutz-Kn\u00f6pfe","og_url":"https:\/\/www2.palagina.eu\/de\/prodotto\/rl-magnum\/","og_site_name":"PALAGINA","article_publisher":"https:\/\/www.facebook.com\/palaginazanzariere\/","article_modified_time":"2020-05-27T22:01:38+00:00","og_image":[{"width":1536,"height":2048,"url":"https:\/\/www2.palagina.eu\/wp-content\/uploads\/2018\/11\/RL_MAGNUM.jpg","type":"image\/jpeg"}],"twitter_card":"summary_large_image","schema":{"@context":"https:\/\/schema.org","@graph":[{"@type":"WebPage","@id":"https:\/\/www2.palagina.eu\/de\/prodotto\/rl-magnum\/","url":"https:\/\/www2.palagina.eu\/de\/prodotto\/rl-magnum\/","name":"RL Magnum - PALAGINA","isPartOf":{"@id":"https:\/\/www2.palagina.eu\/#website"},"datePublished":"2020-05-27T22:01:35+00:00","dateModified":"2020-05-27T22:01:38+00:00","breadcrumb":{"@id":"https:\/\/www2.palagina.eu\/de\/prodotto\/rl-magnum\/#breadcrumb"},"inLanguage":"de-DE","potentialAction":[{"@type":"ReadAction","target":["https:\/\/www2.palagina.eu\/de\/prodotto\/rl-magnum\/"]}]},{"@type":"BreadcrumbList","@id":"https:\/\/www2.palagina.eu\/de\/prodotto\/rl-magnum\/#breadcrumb","itemListElement":[{"@type":"ListItem","position":1,"name":"Home","item":"https:\/\/www2.palagina.eu\/de\/"},{"@type":"ListItem","position":2,"name":"Catalogo","item":"https:\/\/www2.palagina.eu\/catalogo\/"},{"@type":"ListItem","position":3,"name":"RL Magnum"}]},{"@type":"WebSite","@id":"https:\/\/www2.palagina.eu\/#website","url":"https:\/\/www2.palagina.eu\/","name":"PALAGINA","description":"Il modo migliore di proteggersi","publisher":{"@id":"https:\/\/www2.palagina.eu\/#organization"},"potentialAction":[{"@type":"SearchAction","target":{"@type":"EntryPoint","urlTemplate":"https:\/\/www2.palagina.eu\/?s={search_term_string}"},"query-input":"required name=search_term_string"}],"inLanguage":"de-DE"},{"@type":"Organization","@id":"https:\/\/www2.palagina.eu\/#organization","name":"Palagina","url":"https:\/\/www2.palagina.eu\/","sameAs":["https:\/\/www.youtube.com\/user\/PALAGINAZANZARIERE","https:\/\/www.facebook.com\/palaginazanzariere\/"],"logo":{"@type":"ImageObject","inLanguage":"de-DE","@id":"https:\/\/www2.palagina.eu\/#\/schema\/logo\/image\/","url":"https:\/\/www2.palagina.eu\/wp-content\/uploads\/2019\/02\/SimboloMarchio.jpg","contentUrl":"https:\/\/www2.palagina.eu\/wp-content\/uploads\/2019\/02\/SimboloMarchio.jpg","width":1490,"height":270,"caption":"Palagina"},"image":{"@id":"https:\/\/www2.palagina.eu\/#\/schema\/logo\/image\/"}}]}},"_links":{"self":[{"href":"https:\/\/www2.palagina.eu\/de\/wp-json\/wp\/v2\/product\/30404"}],"collection":[{"href":"https:\/\/www2.palagina.eu\/de\/wp-json\/wp\/v2\/product"}],"about":[{"href":"https:\/\/www2.palagina.eu\/de\/wp-json\/wp\/v2\/types\/product"}],"wp:featuredmedia":[{"embeddable":true,"href":"https:\/\/www2.palagina.eu\/de\/wp-json\/wp\/v2\/media\/9029"}],"wp:attachment":[{"href":"https:\/\/www2.palagina.eu\/de\/wp-json\/wp\/v2\/media?parent=30404"}],"wp:term":[{"taxonomy":"product_cat","embeddable":true,"href":"https:\/\/www2.palagina.eu\/de\/wp-json\/wp\/v2\/product_cat?post=30404"},{"taxonomy":"product_tag","embeddable":true,"href":"https:\/\/www2.palagina.eu\/de\/wp-json\/wp\/v2\/product_tag?post=30404"}],"curies":[{"name":"wp","href":"https:\/\/api.w.org\/{rel}","templated":true}]}}