{"id":18633,"date":"2019-05-14T15:29:26","date_gmt":"2019-05-14T13:29:26","guid":{"rendered":"https:\/\/www2.palagina.eu\/privacy-policy\/"},"modified":"2019-05-14T15:29:26","modified_gmt":"2019-05-14T13:29:26","slug":"privacy-policy","status":"publish","type":"page","link":"https:\/\/www2.palagina.eu\/en\/privacy-policy\/","title":{"rendered":"Privacy policy"},"content":{"rendered":"<p><b>PERCH\u00c9 QUESTE INFORMAZIONI<\/b><\/p>\n<p><span style=\"font-weight: 400;\">Ai sensi\u00a0del Regolamento (UE) 2016\/679 (di seguito &#8220;Regolamento&#8221;), questa pagina descrive le modalit\u00e0 di trattamento dei dati personali degli utenti che consultano <\/span><span style=\"font-weight: 400;\">www.palaginazanzariere.it. <\/span><\/p>\n<p><span style=\"font-weight: 400;\">Le presenti informazioni non riguardano altri siti, pagine o servizi online raggiungibili tramite link ipertestuali pubblicati nel sito ma riferiti a risorse esterne al dominio <\/span><span style=\"font-weight: 400;\">www.palaginazanzariere.it<\/span><span style=\"font-weight: 400;\">.<\/span><\/p>\n<p><b>TITOLARE DEL TRATTAMENTO<\/b><\/p>\n<p><span style=\"font-weight: 400;\">A seguito della consultazione dei siti sopra elencati possono essere trattati dati relativi a persone fisiche identificate o identificabili.<\/span><\/p>\n<p><span style=\"font-weight: 400;\">Titolare del trattamento \u00e8 Palagina S.r.l., con sede legale in Via Palagina, 39 &#8211; Ponte a Cappiano &#8211; 50054 Fucecchio (FI).<\/span><\/p>\n<p><span style=\"font-weight: 400;\">Email di contatto del Titolare: info@palagina.eu<\/span><\/p>\n<p><b>RESPONSABILE DELLA PROTEZIONE DEI DATI<\/b><\/p>\n<p><span style=\"font-weight: 400;\">La Palagina S.r.l. non necessita della figura del Responsabile della Protezione dei Dati ai sensi dell\u2019art. 37 del Regolamento Ue 679\/2016.<\/span><\/p>\n<p><b>FINALITA\u2019, BASE GIURIDICA E NATURA OBBLIGATORIA O FACOLTATIVA DEL TRATTAMENTO<\/b><\/p>\n<ol>\n<li style=\"font-weight: 400;\"><span style=\"font-weight: 400;\">finalit\u00e0 inerenti l\u2019esecuzione di un contratto di cui l\u2019interessato \u00e8 parte (es.: acquisto di servizi) o all\u2019esecuzione di misure precontrattuali adottate su richiesta da parte dell\u2019interessato (es.: richiesta di contatto tramite messaggi inviati agli indirizzi di contatto di cui al presente sito web, ecc.);<\/span><\/li>\n<li style=\"font-weight: 400;\"><span style=\"font-weight: 400;\">finalit\u00e0 di analisi statistiche su dati anonimi, senza dunque possibilit\u00e0 di identificare l\u2019utente, volti a misurare il funzionamento del Sito, misurare il traffico e valutare usabilit\u00e0 e interesse;<\/span><\/li>\n<li style=\"font-weight: 400;\"><span style=\"font-weight: 400;\">finalit\u00e0 relative all\u2019adempimento di un obbligo legale al quale Palagina S.r.l. e\u0300 soggetto;<\/span><\/li>\n<li style=\"font-weight: 400;\"><span style=\"font-weight: 400;\">finalit\u00e0 necessarie ad accertare, esercitare o difendere un diritto in sede giudiziaria o ogniqualvolta le autorit\u00e0 giurisdizionali esercitino le loro funzioni giurisdizionali;<\/span><\/li>\n<li style=\"font-weight: 400;\"><span style=\"font-weight: 400;\">iscrizione al servizio newsletter.<\/span><\/li>\n<\/ol>\n<p>&nbsp;<\/p>\n<p><span style=\"font-weight: 400;\">La base legale del trattamento di Dati Personali per le finalit\u00e0 di cui al punto <\/span><b>a)<\/b><span style=\"font-weight: 400;\"> \u00e8 il contratto di erogazione del servizio o l\u2019esecuzione di misure precontrattuali. Il trattamento dei Dati Personali da parte del titolare per la finalit\u00e0 di cui al punto <\/span><b>a)<\/b><span style=\"font-weight: 400;\"> non richiede il consenso da parte dell\u2019interessato ai sensi della Normativa Applicabile. \u00a0<\/span><\/p>\n<p><span style=\"font-weight: 400;\">La finalit\u00e0 di cui al punto <\/span><b>b)<\/b><span style=\"font-weight: 400;\"> non comporta il trattamento di Dati Personali. <\/span><\/p>\n<p><span style=\"font-weight: 400;\">I trattamenti volti al raggiungimento delle finalit\u00e0 di cui ai puti <\/span><b>c) <\/b><span style=\"font-weight: 400;\">e <\/span><b>d)<\/b><span style=\"font-weight: 400;\"> rappresentano un\u2019attivit\u00e0 legittima in quanto necessari per adempiere ad obblighi di legge a cui il titolare \u00e8 soggetto o ad esercitare diritti di difesa in giudizio.<\/span><\/p>\n<p><span style=\"font-weight: 400;\">Per il raggiungimento della finalit\u00e0 di cui al punto <\/span><b>e) <\/b><span style=\"font-weight: 400;\">il titolare fonda il trattamento sul consenso da parte dell\u2019interessato.<\/span><\/p>\n<p>&nbsp;<\/p>\n<p><span style=\"font-weight: 400;\">Fatta eccezione per i dati di navigazione, necessari per dar corso ai protocolli informatici e telematici, il conferimento dei dati da parte degli utenti tramite le varie modalit\u00e0 rese disponibili \u00e8 libero e facoltativo.<\/span><\/p>\n<p><span style=\"font-weight: 400;\">In particolare in ordine alla finalit\u00e0 di cui al punto <\/span><b>a)<\/b><span style=\"font-weight: 400;\"> il conferimento dei dati personali \u00e8 facoltativo, ma un eventuale mancato conferimento potrebbe rendere impossibile l\u2019erogazione del servizio e\/o dare riscontro alle richieste pervenute.<\/span><\/p>\n<p><span style=\"font-weight: 400;\">In ordine alla finalit\u00e0 di cui al punto <\/span><b>e)<\/b><span style=\"font-weight: 400;\"> il conferimento dei dati personali \u00e8 facoltativo, tuttavia, in mancanza dei dati richiesti e\/o del consenso da parte dell\u2019interessato, lo stesso non potr\u00e0 ricevere la nostra newsletter.<\/span><\/p>\n<p>&nbsp;<\/p>\n<p><b>TIPI DI DATI TRATTATI E FINALIT\u00c0 DEL TRATTAMENTO<\/b><\/p>\n<p><i><span style=\"font-weight: 400;\">Dati di navigazione<\/span><\/i><\/p>\n<p><span style=\"font-weight: 400;\">I sistemi informatici e le procedure software preposte al funzionamento di questo sito acquisiscono, nel corso del loro normale esercizio, alcuni dati personali la cui trasmissione \u00e8 implicita nell&#8217;uso dei protocolli di comunicazione di Internet.<\/span><\/p>\n<p><span style=\"font-weight: 400;\">In questa categoria di dati rientrano gli indirizzi IP o i nomi a dominio dei computer e dei terminali utilizzati dagli utenti, gli indirizzi in notazione URI\/URL (Uniform Resource Identifier\/Locator) delle risorse richieste, l&#8217;orario della richiesta, il metodo utilizzato nel sottoporre la richiesta al server, la dimensione del file ottenuto in risposta, il codice numerico indicante lo stato della risposta data dal server (buon fine, errore, ecc.) ed altri parametri relativi al sistema operativo e all&#8217;ambiente informatico dell&#8217;utente.<\/span><\/p>\n<p><span style=\"font-weight: 400;\">Tali dati, necessari per la fruizione dei servizi web, vengono anche trattati allo scopo di:<\/span><\/p>\n<ul>\n<li style=\"font-weight: 400;\"><span style=\"font-weight: 400;\">ottenere informazioni statistiche sull&#8217;uso dei servizi (pagine pi\u00f9 visitate, numero di visitatori per fascia oraria o giornaliera, aree geografiche di provenienza, ecc.);<\/span><\/li>\n<li style=\"font-weight: 400;\"><span style=\"font-weight: 400;\">controllare il corretto funzionamento dei servizi offerti.<\/span><\/li>\n<\/ul>\n<p><span style=\"font-weight: 400;\">I dati di navigazione non persistono per pi\u00f9 di sette giorni e vengono cancellati immediatamente dopo la loro aggregazione (salve eventuali necessit\u00e0 di accertamento di reati da parte dell&#8217;Autorit\u00e0 giudiziaria).<\/span><\/p>\n<p><i><span style=\"font-weight: 400;\">Dati comunicati dall&#8217;utente<\/span><\/i><\/p>\n<p><span style=\"font-weight: 400;\">L&#8217;invio facoltativo, esplicito e volontario di messaggi agli indirizzi di contatto Palagina S.r.l., nonch\u00e9 la compilazione e l&#8217;inoltro dei moduli presenti sul sito web <\/span><span style=\"font-weight: 400;\">www.palaginazanzariere.it<\/span><span style=\"font-weight: 400;\">, comportano l&#8217;acquisizione dei dati personali dell\u2019interessato (necessari ad erogare il servizio di vendita prodotti, rispondere alle richieste degli interessati, ecc.) nonch\u00e9 di tutti i dati personali inclusi nelle comunicazioni.<\/span><\/p>\n<p><span style=\"font-weight: 400;\">Specifiche informative verranno pubblicate nelle pagine del sito web <\/span><span style=\"font-weight: 400;\">www.palaginazanzariere.it<\/span><span style=\"font-weight: 400;\"> predisposte per l&#8217;erogazione di determinati servizi.<\/span><\/p>\n<p><i><span style=\"font-weight: 400;\">Cookie e altri sistemi di tracciamento<\/span><\/i><\/p>\n<p><span style=\"font-weight: 400;\">Palagina S.r.l. raccoglie Dati Personali attraverso cookies. Maggiori informazioni sull\u2019uso dei cookie e tecnologie affini sono disponibili al link in calce al presente sito web (\u201cCookie Policy\u201d).<\/span><\/p>\n<p><b>MODALITA\u2019 DI TRATTAMENTO DEI DATI PERSONALI<\/b><\/p>\n<p><span style=\"font-weight: 400;\">I dati raccolti sono trattati con strumenti informatici e solo in via residuale con modalit\u00e0 cartacee.<\/span><\/p>\n<p><span style=\"font-weight: 400;\">Per il trattamento dei dati connesso ai servizi del sito web il Titolare utilizza server ubicati all\u2019interno del territorio europeo e sistemi informatici collocati presso la sede del titolare. Non \u00e8 previsto il loro trasferimento all\u2019estero.<\/span><\/p>\n<p><span style=\"font-weight: 400;\">Sono adottate adeguate misure tecnico e organizzative adeguate per garantire un adeguato livello di sicurezza e prevenire la perdita dei dati, usi illeciti o non corretti ed accessi non autorizzati.<\/span><\/p>\n<p><span style=\"font-weight: 400;\">I dati conferiti direttamente dall\u2019interessato sono conservati per il tempo strettamente necessario a dar corso alle richieste dell\u2019interessato e poi cancellati, fatti salvi i casi di acquisto dei prodotti (a fronte del quale i dati potranno essere mantenuti per tutta la durata del rapporto e secondo gli obblighi di legge), adesione al servizio di newsletter (a fronte del quale i dati potranno essere mantenuti fino alla revoca del consenso) e per esigenze difensive (che potrebbero rendere necessario una conservazione ulteriore).<\/span><\/p>\n<p><span style=\"font-weight: 400;\">I dati di navigazione non persistono per pi\u00f9 di sette giorni e vengono cancellati immediatamente dopo la loro aggregazione, salve eventuali necessit\u00e0 di accertamento di reati da parte dell\u2019Autorit\u00e0 giudiziaria.<\/span><\/p>\n<p><b>DESTINATARI DEI DATI<\/b><\/p>\n<p><span style=\"font-weight: 400;\">I dati dell\u2019interessato potranno essere comunicati, o ne potranno venire a conoscenza il personale dipendente o collaboratore della nostra azienda, da noi espressamente designato \u201cautorizzato del trattamento\u201d e\/o nominato \u201cresponsabile esterno del trattamento\u201d. A titolo esemplificativo e non esaustivo, \u00e8 destinatario dei dati raccolti a seguito della consultazione del sito <\/span><span style=\"font-weight: 400;\">www.palaginazanzariere.it<\/span><span style=\"font-weight: 400;\"> il fornitore dei servizi di sviluppo e manutenzione della piattaforma web nominato dalla Palagina S.r.l., ai sensi dell&#8217;articolo 28 del Regolamento, quale responsabile esterno del trattamento.<\/span><\/p>\n<p><b>DIRITTI DEGLI INTERESSATI<\/b><\/p>\n<p><span style=\"font-weight: 400;\">Gli interessati hanno il diritto di ottenere da Palagina S.r.l., nei casi previsti, l&#8217;accesso ai dati personali e la rettifica o la cancellazione degli stessi o la limitazione del trattamento che li riguarda o di opporsi al trattamento e alla portabilit\u00e0 dei dati (artt. 15 e ss. del Regolamento).<\/span><\/p>\n<p><span style=\"font-weight: 400;\">Le richieste vanno rivolte a info@palagina.eu<\/span><\/p>\n<p><b>DIRITTO DI RECLAMO<\/b><\/p>\n<p><span style=\"font-weight: 400;\">Gli interessati che ritengono che il trattamento dei dati personali a loro riferiti effettuato attraverso questo sito avvenga in violazione di quanto previsto dal Regolamento hanno il diritto di proporre reclamo al Garante, come previsto dall&#8217;art. 77 del Regolamento stesso, o di adire le opportune sedi giudiziarie (art. 79 del Regolamento).<\/span><\/p>\n","protected":false},"excerpt":{"rendered":"<p>PERCH\u00c9 QUESTE INFORMAZIONI Ai sensi\u00a0del Regolamento (UE) 2016\/679 (di seguito &#8220;Regolamento&#8221;), questa pagina descrive le modalit\u00e0 di trattamento dei dati personali degli utenti che consultano www.palaginazanzariere.it. Le presenti informazioni non riguardano altri siti, pagine o servizi online raggiungibili tramite link ipertestuali pubblicati nel sito ma riferiti a risorse esterne al dominio www.palaginazanzariere.it. TITOLARE DEL TRATTAMENTO [&hellip;]<\/p>\n","protected":false},"author":1867,"featured_media":0,"parent":0,"menu_order":0,"comment_status":"closed","ping_status":"closed","template":"","meta":[],"acf":[],"yoast_head":"<!-- This site is optimized with the Yoast SEO plugin v19.8 - https:\/\/yoast.com\/wordpress\/plugins\/seo\/ -->\n<title>Privacy policy - PALAGINA<\/title>\n<meta name=\"robots\" content=\"noindex, follow, max-snippet:-1, max-image-preview:large, max-video-preview:-1\" \/>\n<meta property=\"og:locale\" content=\"en_US\" \/>\n<meta property=\"og:type\" content=\"article\" \/>\n<meta property=\"og:title\" content=\"Privacy policy - PALAGINA\" \/>\n<meta property=\"og:description\" content=\"PERCH\u00c9 QUESTE INFORMAZIONI Ai sensi\u00a0del Regolamento (UE) 2016\/679 (di seguito &#8220;Regolamento&#8221;), questa pagina descrive le modalit\u00e0 di trattamento dei dati personali degli utenti che consultano www.palaginazanzariere.it. Le presenti informazioni non riguardano altri siti, pagine o servizi online raggiungibili tramite link ipertestuali pubblicati nel sito ma riferiti a risorse esterne al dominio www.palaginazanzariere.it. TITOLARE DEL TRATTAMENTO [&hellip;]\" \/>\n<meta property=\"og:url\" content=\"https:\/\/www2.palagina.eu\/en\/privacy-policy\/\" \/>\n<meta property=\"og:site_name\" content=\"PALAGINA\" \/>\n<meta property=\"article:publisher\" content=\"https:\/\/www.facebook.com\/palaginazanzariere\/\" \/>\n<meta name=\"twitter:card\" content=\"summary_large_image\" \/>\n<meta name=\"twitter:label1\" content=\"Est. reading time\" \/>\n\t<meta name=\"twitter:data1\" content=\"6 minutes\" \/>\n<script type=\"application\/ld+json\" class=\"yoast-schema-graph\">{\"@context\":\"https:\/\/schema.org\",\"@graph\":[{\"@type\":\"WebPage\",\"@id\":\"https:\/\/www2.palagina.eu\/en\/privacy-policy\/\",\"url\":\"https:\/\/www2.palagina.eu\/en\/privacy-policy\/\",\"name\":\"Privacy policy - PALAGINA\",\"isPartOf\":{\"@id\":\"https:\/\/www2.palagina.eu\/#website\"},\"datePublished\":\"2019-05-14T13:29:26+00:00\",\"dateModified\":\"2019-05-14T13:29:26+00:00\",\"breadcrumb\":{\"@id\":\"https:\/\/www2.palagina.eu\/en\/privacy-policy\/#breadcrumb\"},\"inLanguage\":\"en-US\",\"potentialAction\":[{\"@type\":\"ReadAction\",\"target\":[\"https:\/\/www2.palagina.eu\/en\/privacy-policy\/\"]}]},{\"@type\":\"BreadcrumbList\",\"@id\":\"https:\/\/www2.palagina.eu\/en\/privacy-policy\/#breadcrumb\",\"itemListElement\":[{\"@type\":\"ListItem\",\"position\":1,\"name\":\"Home\",\"item\":\"https:\/\/www2.palagina.eu\/en\/\"},{\"@type\":\"ListItem\",\"position\":2,\"name\":\"Privacy policy\"}]},{\"@type\":\"WebSite\",\"@id\":\"https:\/\/www2.palagina.eu\/#website\",\"url\":\"https:\/\/www2.palagina.eu\/\",\"name\":\"PALAGINA\",\"description\":\"Il modo migliore di proteggersi\",\"publisher\":{\"@id\":\"https:\/\/www2.palagina.eu\/#organization\"},\"potentialAction\":[{\"@type\":\"SearchAction\",\"target\":{\"@type\":\"EntryPoint\",\"urlTemplate\":\"https:\/\/www2.palagina.eu\/?s={search_term_string}\"},\"query-input\":\"required name=search_term_string\"}],\"inLanguage\":\"en-US\"},{\"@type\":\"Organization\",\"@id\":\"https:\/\/www2.palagina.eu\/#organization\",\"name\":\"Palagina\",\"url\":\"https:\/\/www2.palagina.eu\/\",\"sameAs\":[\"https:\/\/www.youtube.com\/user\/PALAGINAZANZARIERE\",\"https:\/\/www.facebook.com\/palaginazanzariere\/\"],\"logo\":{\"@type\":\"ImageObject\",\"inLanguage\":\"en-US\",\"@id\":\"https:\/\/www2.palagina.eu\/#\/schema\/logo\/image\/\",\"url\":\"https:\/\/www2.palagina.eu\/wp-content\/uploads\/2019\/02\/SimboloMarchio.jpg\",\"contentUrl\":\"https:\/\/www2.palagina.eu\/wp-content\/uploads\/2019\/02\/SimboloMarchio.jpg\",\"width\":1490,\"height\":270,\"caption\":\"Palagina\"},\"image\":{\"@id\":\"https:\/\/www2.palagina.eu\/#\/schema\/logo\/image\/\"}}]}<\/script>\n<!-- \/ Yoast SEO plugin. -->","yoast_head_json":{"title":"Privacy policy - PALAGINA","robots":{"index":"noindex","follow":"follow","max-snippet":"max-snippet:-1","max-image-preview":"max-image-preview:large","max-video-preview":"max-video-preview:-1"},"og_locale":"en_US","og_type":"article","og_title":"Privacy policy - PALAGINA","og_description":"PERCH\u00c9 QUESTE INFORMAZIONI Ai sensi\u00a0del Regolamento (UE) 2016\/679 (di seguito &#8220;Regolamento&#8221;), questa pagina descrive le modalit\u00e0 di trattamento dei dati personali degli utenti che consultano www.palaginazanzariere.it. Le presenti informazioni non riguardano altri siti, pagine o servizi online raggiungibili tramite link ipertestuali pubblicati nel sito ma riferiti a risorse esterne al dominio www.palaginazanzariere.it. TITOLARE DEL TRATTAMENTO [&hellip;]","og_url":"https:\/\/www2.palagina.eu\/en\/privacy-policy\/","og_site_name":"PALAGINA","article_publisher":"https:\/\/www.facebook.com\/palaginazanzariere\/","twitter_card":"summary_large_image","twitter_misc":{"Est. reading time":"6 minutes"},"schema":{"@context":"https:\/\/schema.org","@graph":[{"@type":"WebPage","@id":"https:\/\/www2.palagina.eu\/en\/privacy-policy\/","url":"https:\/\/www2.palagina.eu\/en\/privacy-policy\/","name":"Privacy policy - PALAGINA","isPartOf":{"@id":"https:\/\/www2.palagina.eu\/#website"},"datePublished":"2019-05-14T13:29:26+00:00","dateModified":"2019-05-14T13:29:26+00:00","breadcrumb":{"@id":"https:\/\/www2.palagina.eu\/en\/privacy-policy\/#breadcrumb"},"inLanguage":"en-US","potentialAction":[{"@type":"ReadAction","target":["https:\/\/www2.palagina.eu\/en\/privacy-policy\/"]}]},{"@type":"BreadcrumbList","@id":"https:\/\/www2.palagina.eu\/en\/privacy-policy\/#breadcrumb","itemListElement":[{"@type":"ListItem","position":1,"name":"Home","item":"https:\/\/www2.palagina.eu\/en\/"},{"@type":"ListItem","position":2,"name":"Privacy policy"}]},{"@type":"WebSite","@id":"https:\/\/www2.palagina.eu\/#website","url":"https:\/\/www2.palagina.eu\/","name":"PALAGINA","description":"Il modo migliore di proteggersi","publisher":{"@id":"https:\/\/www2.palagina.eu\/#organization"},"potentialAction":[{"@type":"SearchAction","target":{"@type":"EntryPoint","urlTemplate":"https:\/\/www2.palagina.eu\/?s={search_term_string}"},"query-input":"required name=search_term_string"}],"inLanguage":"en-US"},{"@type":"Organization","@id":"https:\/\/www2.palagina.eu\/#organization","name":"Palagina","url":"https:\/\/www2.palagina.eu\/","sameAs":["https:\/\/www.youtube.com\/user\/PALAGINAZANZARIERE","https:\/\/www.facebook.com\/palaginazanzariere\/"],"logo":{"@type":"ImageObject","inLanguage":"en-US","@id":"https:\/\/www2.palagina.eu\/#\/schema\/logo\/image\/","url":"https:\/\/www2.palagina.eu\/wp-content\/uploads\/2019\/02\/SimboloMarchio.jpg","contentUrl":"https:\/\/www2.palagina.eu\/wp-content\/uploads\/2019\/02\/SimboloMarchio.jpg","width":1490,"height":270,"caption":"Palagina"},"image":{"@id":"https:\/\/www2.palagina.eu\/#\/schema\/logo\/image\/"}}]}},"_links":{"self":[{"href":"https:\/\/www2.palagina.eu\/en\/wp-json\/wp\/v2\/pages\/18633"}],"collection":[{"href":"https:\/\/www2.palagina.eu\/en\/wp-json\/wp\/v2\/pages"}],"about":[{"href":"https:\/\/www2.palagina.eu\/en\/wp-json\/wp\/v2\/types\/page"}],"author":[{"embeddable":true,"href":"https:\/\/www2.palagina.eu\/en\/wp-json\/wp\/v2\/users\/1867"}],"replies":[{"embeddable":true,"href":"https:\/\/www2.palagina.eu\/en\/wp-json\/wp\/v2\/comments?post=18633"}],"version-history":[{"count":0,"href":"https:\/\/www2.palagina.eu\/en\/wp-json\/wp\/v2\/pages\/18633\/revisions"}],"wp:attachment":[{"href":"https:\/\/www2.palagina.eu\/en\/wp-json\/wp\/v2\/media?parent=18633"}],"curies":[{"name":"wp","href":"https:\/\/api.w.org\/{rel}","templated":true}]}}