{"id":11240,"date":"2019-04-01T16:15:39","date_gmt":"2019-04-01T14:15:39","guid":{"rendered":"https:\/\/www2.palagina.eu\/societe\/"},"modified":"2022-10-17T17:51:24","modified_gmt":"2022-10-17T15:51:24","slug":"societe","status":"publish","type":"page","link":"https:\/\/www2.palagina.eu\/fr\/societe\/","title":{"rendered":"Soci\u00e9t\u00e9"},"content":{"rendered":"<div class=\"wpb-content-wrapper\"><p>[vc_row full_height=&#8221;yes&#8221; equal_height=&#8221;yes&#8221;][vc_column][vc_empty_space][vc_text_separator title=&#8221;Soci\u00e9t\u00e9&#8221;][\/vc_column][vc_column width=&#8221;1\/2&#8243;][vc_column_text]<figure class=\"wp-block-embed wp-block-embed-youtube is-type-video is-provider-youtube epyt-figure\"><div class=\"wp-block-embed__wrapper\"><div class=\"epyt-video-wrapper\"><iframe  id=\"_ytid_90812\"  width=\"1140\" height=\"641\"  data-origwidth=\"1140\" data-origheight=\"641\" src=\"https:\/\/www.youtube-nocookie.com\/embed\/WsGlj-GjYmo?enablejsapi=1&autoplay=0&cc_load_policy=0&cc_lang_pref=&iv_load_policy=3&loop=0&modestbranding=1&rel=0&fs=1&playsinline=0&autohide=2&theme=dark&color=red&controls=1&\" class=\"__youtube_prefs__  no-lazyload\" title=\"YouTube player\"  allow=\"accelerometer; autoplay; clipboard-write; encrypted-media; gyroscope; picture-in-picture\" allowfullscreen data-no-lazy=\"1\" data-skipgform_ajax_framebjll=\"\"><\/iframe><\/div><\/div><\/figure>[\/vc_column_text][\/vc_column][vc_column width=&#8221;1\/2&#8243; css=&#8221;.vc_custom_1545921534567{border-right-width: 15px !important;padding-left: 15px !important;}&#8221;]<div class=\"porto-u-heading  wpb_custom_95aa9a11c17ad45cfabaf210d84ee7cc porto-u-9563\"><div class=\"porto-u-main-heading\"><h2  >PALAGINA<\/h2><\/div><div class=\"porto-u-heading-spacer line_only\" style=\"height:1px;\"><span class=\"porto-u-headings-line\" style=\"border-style:solid;border-bottom-width:1px;border-color:#ccc;\"><\/span><\/div><style>.porto-u-9563.porto-u-heading{text-align:left}<\/style><\/div>[vc_column_text]Notre soci\u00e9t\u00e9 est n\u00e9e en 1981 grace \u00e0 l&#8217;esprit d&#8217;entreprise de ses fondateurs: Carlo et Marcello Francalanci.<\/p>\n<p>L&#8217;activit\u00e9 d\u00e9bute comme menuiserie \u00e0 caract\u00e8re strictement familial \u00e0 Ponte a Cappiano.<\/p>\n<p>En 1985, toute la famille s&#8217;implique dans la soci\u00e9t\u00e9 et cela marque le d\u00e9but de la commercialisation des premi\u00e8res moustiquaires en utilisant des produits en barres et semi-finis.<\/p>\n<p>Au d\u00e9but des<strong> ann\u00e9es 90<\/strong>, la soci\u00e9t\u00e9 se consacre enti\u00e8rement \u00e0 la production de ses propres produits.<\/p>\n<p>Une <strong>recherche et d\u00e9veloppement<\/strong> continus a permis d&#8217;apporter des am\u00e9liorations aux produits et de d\u00e9poser des brevets et syst\u00e8mes PALAGINA.<\/p>\n<p>Aujourd&#8217;hui la soci\u00e9t\u00e9 compte plus de 250 personnes r\u00e9parties entre bureaux, production, transport et R&amp;D.[\/vc_column_text][vc_single_image image=&#8221;11249&#8243; img_size=&#8221;full&#8221;][\/vc_column][\/vc_row]<\/p>\n<\/div>","protected":false},"excerpt":{"rendered":"<p>[vc_row full_height=&#8221;yes&#8221; equal_height=&#8221;yes&#8221;][vc_column][vc_empty_space][vc_text_separator title=&#8221;Soci\u00e9t\u00e9&#8221;][\/vc_column][vc_column width=&#8221;1\/2&#8243;][vc_column_text][\/vc_column_text][\/vc_column][vc_column width=&#8221;1\/2&#8243; css=&#8221;.vc_custom_1545921534567{border-right-width: 15px !important;padding-left: 15px !important;}&#8221;][vc_column_text]Notre soci\u00e9t\u00e9 est n\u00e9e en 1981 grace \u00e0 l&#8217;esprit d&#8217;entreprise de ses fondateurs: Carlo et Marcello Francalanci. L&#8217;activit\u00e9 d\u00e9bute comme menuiserie \u00e0 caract\u00e8re strictement familial \u00e0 Ponte a Cappiano. En 1985, toute la famille s&#8217;implique dans la soci\u00e9t\u00e9 et cela marque le d\u00e9but de la [&hellip;]<\/p>\n","protected":false},"author":1867,"featured_media":0,"parent":0,"menu_order":0,"comment_status":"closed","ping_status":"closed","template":"","meta":[],"acf":[],"yoast_head":"<!-- This site is optimized with the Yoast SEO plugin v19.8 - https:\/\/yoast.com\/wordpress\/plugins\/seo\/ -->\n<title>Soci\u00e9t\u00e9 - PALAGINA<\/title>\n<meta name=\"robots\" content=\"noindex, follow, max-snippet:-1, max-image-preview:large, max-video-preview:-1\" \/>\n<meta property=\"og:locale\" content=\"fr_FR\" \/>\n<meta property=\"og:type\" content=\"article\" \/>\n<meta property=\"og:title\" content=\"Soci\u00e9t\u00e9 - PALAGINA\" \/>\n<meta property=\"og:description\" content=\"[vc_row full_height=&#8221;yes&#8221; equal_height=&#8221;yes&#8221;][vc_column][vc_empty_space][vc_text_separator title=&#8221;Soci\u00e9t\u00e9&#8221;][\/vc_column][vc_column width=&#8221;1\/2&#8243;][vc_column_text][\/vc_column_text][\/vc_column][vc_column width=&#8221;1\/2&#8243; css=&#8221;.vc_custom_1545921534567{border-right-width: 15px !important;padding-left: 15px !important;}&#8221;][vc_column_text]Notre soci\u00e9t\u00e9 est n\u00e9e en 1981 grace \u00e0 l&#8217;esprit d&#8217;entreprise de ses fondateurs: Carlo et Marcello Francalanci. L&#8217;activit\u00e9 d\u00e9bute comme menuiserie \u00e0 caract\u00e8re strictement familial \u00e0 Ponte a Cappiano. En 1985, toute la famille s&#8217;implique dans la soci\u00e9t\u00e9 et cela marque le d\u00e9but de la [&hellip;]\" \/>\n<meta property=\"og:url\" content=\"https:\/\/www2.palagina.eu\/fr\/societe\/\" \/>\n<meta property=\"og:site_name\" content=\"PALAGINA\" \/>\n<meta property=\"article:publisher\" content=\"https:\/\/www.facebook.com\/palaginazanzariere\/\" \/>\n<meta property=\"article:modified_time\" content=\"2022-10-17T15:51:24+00:00\" \/>\n<meta name=\"twitter:card\" content=\"summary_large_image\" \/>\n<meta name=\"twitter:label1\" content=\"Dur\u00e9e de lecture estim\u00e9e\" \/>\n\t<meta name=\"twitter:data1\" content=\"1 minute\" \/>\n<script type=\"application\/ld+json\" class=\"yoast-schema-graph\">{\"@context\":\"https:\/\/schema.org\",\"@graph\":[{\"@type\":\"WebPage\",\"@id\":\"https:\/\/www2.palagina.eu\/fr\/societe\/\",\"url\":\"https:\/\/www2.palagina.eu\/fr\/societe\/\",\"name\":\"Soci\u00e9t\u00e9 - PALAGINA\",\"isPartOf\":{\"@id\":\"https:\/\/www2.palagina.eu\/#website\"},\"datePublished\":\"2019-04-01T14:15:39+00:00\",\"dateModified\":\"2022-10-17T15:51:24+00:00\",\"breadcrumb\":{\"@id\":\"https:\/\/www2.palagina.eu\/fr\/societe\/#breadcrumb\"},\"inLanguage\":\"fr-FR\",\"potentialAction\":[{\"@type\":\"ReadAction\",\"target\":[\"https:\/\/www2.palagina.eu\/fr\/societe\/\"]}]},{\"@type\":\"BreadcrumbList\",\"@id\":\"https:\/\/www2.palagina.eu\/fr\/societe\/#breadcrumb\",\"itemListElement\":[{\"@type\":\"ListItem\",\"position\":1,\"name\":\"Home\",\"item\":\"https:\/\/www2.palagina.eu\/fr\/\"},{\"@type\":\"ListItem\",\"position\":2,\"name\":\"Soci\u00e9t\u00e9\"}]},{\"@type\":\"WebSite\",\"@id\":\"https:\/\/www2.palagina.eu\/#website\",\"url\":\"https:\/\/www2.palagina.eu\/\",\"name\":\"PALAGINA\",\"description\":\"Il modo migliore di proteggersi\",\"publisher\":{\"@id\":\"https:\/\/www2.palagina.eu\/#organization\"},\"potentialAction\":[{\"@type\":\"SearchAction\",\"target\":{\"@type\":\"EntryPoint\",\"urlTemplate\":\"https:\/\/www2.palagina.eu\/?s={search_term_string}\"},\"query-input\":\"required name=search_term_string\"}],\"inLanguage\":\"fr-FR\"},{\"@type\":\"Organization\",\"@id\":\"https:\/\/www2.palagina.eu\/#organization\",\"name\":\"Palagina\",\"url\":\"https:\/\/www2.palagina.eu\/\",\"sameAs\":[\"https:\/\/www.youtube.com\/user\/PALAGINAZANZARIERE\",\"https:\/\/www.facebook.com\/palaginazanzariere\/\"],\"logo\":{\"@type\":\"ImageObject\",\"inLanguage\":\"fr-FR\",\"@id\":\"https:\/\/www2.palagina.eu\/#\/schema\/logo\/image\/\",\"url\":\"https:\/\/www2.palagina.eu\/wp-content\/uploads\/2019\/02\/SimboloMarchio.jpg\",\"contentUrl\":\"https:\/\/www2.palagina.eu\/wp-content\/uploads\/2019\/02\/SimboloMarchio.jpg\",\"width\":1490,\"height\":270,\"caption\":\"Palagina\"},\"image\":{\"@id\":\"https:\/\/www2.palagina.eu\/#\/schema\/logo\/image\/\"}}]}<\/script>\n<!-- \/ Yoast SEO plugin. -->","yoast_head_json":{"title":"Soci\u00e9t\u00e9 - PALAGINA","robots":{"index":"noindex","follow":"follow","max-snippet":"max-snippet:-1","max-image-preview":"max-image-preview:large","max-video-preview":"max-video-preview:-1"},"og_locale":"fr_FR","og_type":"article","og_title":"Soci\u00e9t\u00e9 - PALAGINA","og_description":"[vc_row full_height=&#8221;yes&#8221; equal_height=&#8221;yes&#8221;][vc_column][vc_empty_space][vc_text_separator title=&#8221;Soci\u00e9t\u00e9&#8221;][\/vc_column][vc_column width=&#8221;1\/2&#8243;][vc_column_text][\/vc_column_text][\/vc_column][vc_column width=&#8221;1\/2&#8243; css=&#8221;.vc_custom_1545921534567{border-right-width: 15px !important;padding-left: 15px !important;}&#8221;][vc_column_text]Notre soci\u00e9t\u00e9 est n\u00e9e en 1981 grace \u00e0 l&#8217;esprit d&#8217;entreprise de ses fondateurs: Carlo et Marcello Francalanci. L&#8217;activit\u00e9 d\u00e9bute comme menuiserie \u00e0 caract\u00e8re strictement familial \u00e0 Ponte a Cappiano. En 1985, toute la famille s&#8217;implique dans la soci\u00e9t\u00e9 et cela marque le d\u00e9but de la [&hellip;]","og_url":"https:\/\/www2.palagina.eu\/fr\/societe\/","og_site_name":"PALAGINA","article_publisher":"https:\/\/www.facebook.com\/palaginazanzariere\/","article_modified_time":"2022-10-17T15:51:24+00:00","twitter_card":"summary_large_image","twitter_misc":{"Dur\u00e9e de lecture estim\u00e9e":"1 minute"},"schema":{"@context":"https:\/\/schema.org","@graph":[{"@type":"WebPage","@id":"https:\/\/www2.palagina.eu\/fr\/societe\/","url":"https:\/\/www2.palagina.eu\/fr\/societe\/","name":"Soci\u00e9t\u00e9 - PALAGINA","isPartOf":{"@id":"https:\/\/www2.palagina.eu\/#website"},"datePublished":"2019-04-01T14:15:39+00:00","dateModified":"2022-10-17T15:51:24+00:00","breadcrumb":{"@id":"https:\/\/www2.palagina.eu\/fr\/societe\/#breadcrumb"},"inLanguage":"fr-FR","potentialAction":[{"@type":"ReadAction","target":["https:\/\/www2.palagina.eu\/fr\/societe\/"]}]},{"@type":"BreadcrumbList","@id":"https:\/\/www2.palagina.eu\/fr\/societe\/#breadcrumb","itemListElement":[{"@type":"ListItem","position":1,"name":"Home","item":"https:\/\/www2.palagina.eu\/fr\/"},{"@type":"ListItem","position":2,"name":"Soci\u00e9t\u00e9"}]},{"@type":"WebSite","@id":"https:\/\/www2.palagina.eu\/#website","url":"https:\/\/www2.palagina.eu\/","name":"PALAGINA","description":"Il modo migliore di proteggersi","publisher":{"@id":"https:\/\/www2.palagina.eu\/#organization"},"potentialAction":[{"@type":"SearchAction","target":{"@type":"EntryPoint","urlTemplate":"https:\/\/www2.palagina.eu\/?s={search_term_string}"},"query-input":"required name=search_term_string"}],"inLanguage":"fr-FR"},{"@type":"Organization","@id":"https:\/\/www2.palagina.eu\/#organization","name":"Palagina","url":"https:\/\/www2.palagina.eu\/","sameAs":["https:\/\/www.youtube.com\/user\/PALAGINAZANZARIERE","https:\/\/www.facebook.com\/palaginazanzariere\/"],"logo":{"@type":"ImageObject","inLanguage":"fr-FR","@id":"https:\/\/www2.palagina.eu\/#\/schema\/logo\/image\/","url":"https:\/\/www2.palagina.eu\/wp-content\/uploads\/2019\/02\/SimboloMarchio.jpg","contentUrl":"https:\/\/www2.palagina.eu\/wp-content\/uploads\/2019\/02\/SimboloMarchio.jpg","width":1490,"height":270,"caption":"Palagina"},"image":{"@id":"https:\/\/www2.palagina.eu\/#\/schema\/logo\/image\/"}}]}},"_links":{"self":[{"href":"https:\/\/www2.palagina.eu\/fr\/wp-json\/wp\/v2\/pages\/11240"}],"collection":[{"href":"https:\/\/www2.palagina.eu\/fr\/wp-json\/wp\/v2\/pages"}],"about":[{"href":"https:\/\/www2.palagina.eu\/fr\/wp-json\/wp\/v2\/types\/page"}],"author":[{"embeddable":true,"href":"https:\/\/www2.palagina.eu\/fr\/wp-json\/wp\/v2\/users\/1867"}],"replies":[{"embeddable":true,"href":"https:\/\/www2.palagina.eu\/fr\/wp-json\/wp\/v2\/comments?post=11240"}],"version-history":[{"count":2,"href":"https:\/\/www2.palagina.eu\/fr\/wp-json\/wp\/v2\/pages\/11240\/revisions"}],"predecessor-version":[{"id":78103,"href":"https:\/\/www2.palagina.eu\/fr\/wp-json\/wp\/v2\/pages\/11240\/revisions\/78103"}],"wp:attachment":[{"href":"https:\/\/www2.palagina.eu\/fr\/wp-json\/wp\/v2\/media?parent=11240"}],"curies":[{"name":"wp","href":"https:\/\/api.w.org\/{rel}","templated":true}]}}