{"id":11392,"date":"2019-04-02T10:49:45","date_gmt":"2019-04-02T08:49:45","guid":{"rendered":"https:\/\/www2.palagina.eu\/produits\/"},"modified":"2019-04-29T15:06:25","modified_gmt":"2019-04-29T13:06:25","slug":"produits","status":"publish","type":"page","link":"https:\/\/www2.palagina.eu\/fr\/produits\/","title":{"rendered":"Produits"},"content":{"rendered":"<div class=\"wpb-content-wrapper\"><p>[vc_row][vc_column][vc_single_image image=&#8221;11393&#8243; img_size=&#8221;full&#8221;][\/vc_column][\/vc_row][vc_row][vc_column width=&#8221;1\/2&#8243;][vc_btn title=&#8221;Catalogue en ligne&#8221; align=&#8221;center&#8221; button_block=&#8221;true&#8221; link=&#8221;url:https%3A%2F%2Fwww2.palagina.eu%2Fcatalogo%2F|&#8221;][\/vc_column][vc_column width=&#8221;1\/2&#8243;][vc_btn title=&#8221;Catalogue PDF&#8221; align=&#8221;center&#8221; button_block=&#8221;true&#8221; link=&#8221;url:https%3A%2F%2Fwww2.palagina.eu%2Ffr%2Fproduits%2Fcatalogues-pdf%2F|&#8221;][\/vc_column][\/vc_row][vc_row][vc_column width=&#8221;1\/3&#8243;][vc_empty_space][vc_text_separator title=&#8221;Moustiquaires&#8221;][vc_hoverbox image=&#8221;11203&#8243; primary_title=&#8221;Moustiquaires&#8221; primary_title_font_container=&#8221;color:%23ffffff&#8221; primary_title_use_theme_fonts=&#8221;yes&#8221; hover_title=&#8221;Moustiquaires&#8221; shape=&#8221;square&#8221; hover_btn_title=&#8221;En savoir plus&#8221; use_custom_fonts_primary_title=&#8221;true&#8221; hover_add_button=&#8221;true&#8221; hover_btn_link=&#8221;url:https%3A%2F%2Fwww2.palagina.eu%2Ffr%2Fproduits%2Fmoustiquaires%2F|&#8221;]En laissant vos moustiquaires ferm\u00e9es m\u00eame pendant la journ\u00e9e, vous profiterez de votre maison et de vos espaces sans bourdonnements!<\/p>\n<p>[\/vc_hoverbox][\/vc_column][vc_column width=&#8221;1\/3&#8243;][vc_empty_space][vc_text_separator title=&#8221;Stores d&#8217;ext\u00e9rieurs&#8221;][vc_hoverbox image=&#8221;13802&#8243; primary_title=&#8221;Stores d&#8217;ext\u00e9rieurs&#8221; primary_title_font_container=&#8221;color:%23ffffff&#8221; primary_title_use_theme_fonts=&#8221;yes&#8221; hover_title=&#8221;Stores d&#8217;ext\u00e9rieurs&#8221; shape=&#8221;square&#8221; hover_btn_title=&#8221;En savoir plus&#8221; use_custom_fonts_primary_title=&#8221;true&#8221; hover_add_button=&#8221;true&#8221; hover_btn_link=&#8221;url:https%3A%2F%2Fwww2.palagina.eu%2Ffr%2Fproduits%2Fstores-dexterieurs%2F|&#8221;]Les stores d&#8217;ext\u00e9rieurs prot\u00e8gent de la chaleur et augmentent le confort de votre maison.<\/p>\n<p>[\/vc_hoverbox][\/vc_column][vc_column width=&#8221;1\/3&#8243;][vc_empty_space][vc_text_separator title=&#8221;Stores d&#8217;int\u00e9rieurs&#8221;][vc_hoverbox image=&#8221;14045&#8243; primary_title=&#8221;Stores d&#8217;int\u00e9rieurs&#8221; primary_title_font_container=&#8221;color:%23ffffff&#8221; primary_title_use_theme_fonts=&#8221;yes&#8221; hover_title=&#8221;Stores d&#8217;int\u00e9rieurs&#8221; shape=&#8221;square&#8221; hover_btn_title=&#8221;En savoir plus&#8221; use_custom_fonts_primary_title=&#8221;true&#8221; hover_add_button=&#8221;true&#8221; hover_btn_link=&#8221;url:https%3A%2F%2Fwww2.palagina.eu%2Ffr%2Fproduits%2Fstores-dinterieurs%2F|&#8221;]Les stores d&#8217;int\u00e9rieurs d\u00e9corent et prot\u00e8gent l&#8217;intimit\u00e9 de vos espaces.<\/p>\n<p>[\/vc_hoverbox][\/vc_column][\/vc_row]<\/p>\n<\/div>","protected":false},"excerpt":{"rendered":"<p>[vc_row][vc_column][vc_single_image image=&#8221;11393&#8243; img_size=&#8221;full&#8221;][\/vc_column][\/vc_row][vc_row][vc_column width=&#8221;1\/2&#8243;][vc_btn title=&#8221;Catalogue en ligne&#8221; align=&#8221;center&#8221; button_block=&#8221;true&#8221; link=&#8221;url:https%3A%2F%2Fwww2.palagina.eu%2Fcatalogo%2F|&#8221;][\/vc_column][vc_column width=&#8221;1\/2&#8243;][vc_btn title=&#8221;Catalogue PDF&#8221; align=&#8221;center&#8221; button_block=&#8221;true&#8221; link=&#8221;url:https%3A%2F%2Fwww2.palagina.eu%2Ffr%2Fproduits%2Fcatalogues-pdf%2F|&#8221;][\/vc_column][\/vc_row][vc_row][vc_column width=&#8221;1\/3&#8243;][vc_empty_space][vc_text_separator title=&#8221;Moustiquaires&#8221;][vc_hoverbox image=&#8221;11203&#8243; primary_title=&#8221;Moustiquaires&#8221; primary_title_font_container=&#8221;color:%23ffffff&#8221; primary_title_use_theme_fonts=&#8221;yes&#8221; hover_title=&#8221;Moustiquaires&#8221; shape=&#8221;square&#8221; hover_btn_title=&#8221;En savoir plus&#8221; use_custom_fonts_primary_title=&#8221;true&#8221; hover_add_button=&#8221;true&#8221; hover_btn_link=&#8221;url:https%3A%2F%2Fwww2.palagina.eu%2Ffr%2Fproduits%2Fmoustiquaires%2F|&#8221;]En laissant vos moustiquaires ferm\u00e9es m\u00eame pendant la journ\u00e9e, vous profiterez de votre maison et de vos espaces sans bourdonnements! [\/vc_hoverbox][\/vc_column][vc_column width=&#8221;1\/3&#8243;][vc_empty_space][vc_text_separator title=&#8221;Stores d&#8217;ext\u00e9rieurs&#8221;][vc_hoverbox image=&#8221;13802&#8243; primary_title=&#8221;Stores [&hellip;]<\/p>\n","protected":false},"author":981,"featured_media":0,"parent":0,"menu_order":0,"comment_status":"closed","ping_status":"closed","template":"","meta":[],"acf":[],"yoast_head":"<!-- This site is optimized with the Yoast SEO plugin v19.8 - https:\/\/yoast.com\/wordpress\/plugins\/seo\/ -->\n<title>Produits - PALAGINA<\/title>\n<meta name=\"robots\" content=\"noindex, follow, max-snippet:-1, max-image-preview:large, max-video-preview:-1\" \/>\n<meta property=\"og:locale\" content=\"fr_FR\" \/>\n<meta property=\"og:type\" content=\"article\" \/>\n<meta property=\"og:title\" content=\"Produits - PALAGINA\" \/>\n<meta property=\"og:description\" content=\"[vc_row][vc_column][vc_single_image image=&#8221;11393&#8243; img_size=&#8221;full&#8221;][\/vc_column][\/vc_row][vc_row][vc_column width=&#8221;1\/2&#8243;][vc_btn title=&#8221;Catalogue en ligne&#8221; align=&#8221;center&#8221; button_block=&#8221;true&#8221; link=&#8221;url:https%3A%2F%2Fwww2.palagina.eu%2Fcatalogo%2F|&#8221;][\/vc_column][vc_column width=&#8221;1\/2&#8243;][vc_btn title=&#8221;Catalogue PDF&#8221; align=&#8221;center&#8221; button_block=&#8221;true&#8221; link=&#8221;url:https%3A%2F%2Fwww2.palagina.eu%2Ffr%2Fproduits%2Fcatalogues-pdf%2F|&#8221;][\/vc_column][\/vc_row][vc_row][vc_column width=&#8221;1\/3&#8243;][vc_empty_space][vc_text_separator title=&#8221;Moustiquaires&#8221;][vc_hoverbox image=&#8221;11203&#8243; primary_title=&#8221;Moustiquaires&#8221; primary_title_font_container=&#8221;color:%23ffffff&#8221; primary_title_use_theme_fonts=&#8221;yes&#8221; hover_title=&#8221;Moustiquaires&#8221; shape=&#8221;square&#8221; hover_btn_title=&#8221;En savoir plus&#8221; use_custom_fonts_primary_title=&#8221;true&#8221; hover_add_button=&#8221;true&#8221; hover_btn_link=&#8221;url:https%3A%2F%2Fwww2.palagina.eu%2Ffr%2Fproduits%2Fmoustiquaires%2F|&#8221;]En laissant vos moustiquaires ferm\u00e9es m\u00eame pendant la journ\u00e9e, vous profiterez de votre maison et de vos espaces sans bourdonnements! [\/vc_hoverbox][\/vc_column][vc_column width=&#8221;1\/3&#8243;][vc_empty_space][vc_text_separator title=&#8221;Stores d&#8217;ext\u00e9rieurs&#8221;][vc_hoverbox image=&#8221;13802&#8243; primary_title=&#8221;Stores [&hellip;]\" \/>\n<meta property=\"og:url\" content=\"https:\/\/www2.palagina.eu\/fr\/produits\/\" \/>\n<meta property=\"og:site_name\" content=\"PALAGINA\" \/>\n<meta property=\"article:publisher\" content=\"https:\/\/www.facebook.com\/palaginazanzariere\/\" \/>\n<meta property=\"article:modified_time\" content=\"2019-04-29T13:06:25+00:00\" \/>\n<meta name=\"twitter:card\" content=\"summary_large_image\" \/>\n<meta name=\"twitter:label1\" content=\"Dur\u00e9e de lecture estim\u00e9e\" \/>\n\t<meta name=\"twitter:data1\" content=\"2 minutes\" \/>\n<script type=\"application\/ld+json\" class=\"yoast-schema-graph\">{\"@context\":\"https:\/\/schema.org\",\"@graph\":[{\"@type\":\"WebPage\",\"@id\":\"https:\/\/www2.palagina.eu\/fr\/produits\/\",\"url\":\"https:\/\/www2.palagina.eu\/fr\/produits\/\",\"name\":\"Produits - PALAGINA\",\"isPartOf\":{\"@id\":\"https:\/\/www2.palagina.eu\/#website\"},\"datePublished\":\"2019-04-02T08:49:45+00:00\",\"dateModified\":\"2019-04-29T13:06:25+00:00\",\"breadcrumb\":{\"@id\":\"https:\/\/www2.palagina.eu\/fr\/produits\/#breadcrumb\"},\"inLanguage\":\"fr-FR\",\"potentialAction\":[{\"@type\":\"ReadAction\",\"target\":[\"https:\/\/www2.palagina.eu\/fr\/produits\/\"]}]},{\"@type\":\"BreadcrumbList\",\"@id\":\"https:\/\/www2.palagina.eu\/fr\/produits\/#breadcrumb\",\"itemListElement\":[{\"@type\":\"ListItem\",\"position\":1,\"name\":\"Home\",\"item\":\"https:\/\/www2.palagina.eu\/fr\/\"},{\"@type\":\"ListItem\",\"position\":2,\"name\":\"Produits\"}]},{\"@type\":\"WebSite\",\"@id\":\"https:\/\/www2.palagina.eu\/#website\",\"url\":\"https:\/\/www2.palagina.eu\/\",\"name\":\"PALAGINA\",\"description\":\"Il modo migliore di proteggersi\",\"publisher\":{\"@id\":\"https:\/\/www2.palagina.eu\/#organization\"},\"potentialAction\":[{\"@type\":\"SearchAction\",\"target\":{\"@type\":\"EntryPoint\",\"urlTemplate\":\"https:\/\/www2.palagina.eu\/?s={search_term_string}\"},\"query-input\":\"required name=search_term_string\"}],\"inLanguage\":\"fr-FR\"},{\"@type\":\"Organization\",\"@id\":\"https:\/\/www2.palagina.eu\/#organization\",\"name\":\"Palagina\",\"url\":\"https:\/\/www2.palagina.eu\/\",\"sameAs\":[\"https:\/\/www.youtube.com\/user\/PALAGINAZANZARIERE\",\"https:\/\/www.facebook.com\/palaginazanzariere\/\"],\"logo\":{\"@type\":\"ImageObject\",\"inLanguage\":\"fr-FR\",\"@id\":\"https:\/\/www2.palagina.eu\/#\/schema\/logo\/image\/\",\"url\":\"https:\/\/www2.palagina.eu\/wp-content\/uploads\/2019\/02\/SimboloMarchio.jpg\",\"contentUrl\":\"https:\/\/www2.palagina.eu\/wp-content\/uploads\/2019\/02\/SimboloMarchio.jpg\",\"width\":1490,\"height\":270,\"caption\":\"Palagina\"},\"image\":{\"@id\":\"https:\/\/www2.palagina.eu\/#\/schema\/logo\/image\/\"}}]}<\/script>\n<!-- \/ Yoast SEO plugin. -->","yoast_head_json":{"title":"Produits - PALAGINA","robots":{"index":"noindex","follow":"follow","max-snippet":"max-snippet:-1","max-image-preview":"max-image-preview:large","max-video-preview":"max-video-preview:-1"},"og_locale":"fr_FR","og_type":"article","og_title":"Produits - PALAGINA","og_description":"[vc_row][vc_column][vc_single_image image=&#8221;11393&#8243; img_size=&#8221;full&#8221;][\/vc_column][\/vc_row][vc_row][vc_column width=&#8221;1\/2&#8243;][vc_btn title=&#8221;Catalogue en ligne&#8221; align=&#8221;center&#8221; button_block=&#8221;true&#8221; link=&#8221;url:https%3A%2F%2Fwww2.palagina.eu%2Fcatalogo%2F|&#8221;][\/vc_column][vc_column width=&#8221;1\/2&#8243;][vc_btn title=&#8221;Catalogue PDF&#8221; align=&#8221;center&#8221; button_block=&#8221;true&#8221; link=&#8221;url:https%3A%2F%2Fwww2.palagina.eu%2Ffr%2Fproduits%2Fcatalogues-pdf%2F|&#8221;][\/vc_column][\/vc_row][vc_row][vc_column width=&#8221;1\/3&#8243;][vc_empty_space][vc_text_separator title=&#8221;Moustiquaires&#8221;][vc_hoverbox image=&#8221;11203&#8243; primary_title=&#8221;Moustiquaires&#8221; primary_title_font_container=&#8221;color:%23ffffff&#8221; primary_title_use_theme_fonts=&#8221;yes&#8221; hover_title=&#8221;Moustiquaires&#8221; shape=&#8221;square&#8221; hover_btn_title=&#8221;En savoir plus&#8221; use_custom_fonts_primary_title=&#8221;true&#8221; hover_add_button=&#8221;true&#8221; hover_btn_link=&#8221;url:https%3A%2F%2Fwww2.palagina.eu%2Ffr%2Fproduits%2Fmoustiquaires%2F|&#8221;]En laissant vos moustiquaires ferm\u00e9es m\u00eame pendant la journ\u00e9e, vous profiterez de votre maison et de vos espaces sans bourdonnements! [\/vc_hoverbox][\/vc_column][vc_column width=&#8221;1\/3&#8243;][vc_empty_space][vc_text_separator title=&#8221;Stores d&#8217;ext\u00e9rieurs&#8221;][vc_hoverbox image=&#8221;13802&#8243; primary_title=&#8221;Stores [&hellip;]","og_url":"https:\/\/www2.palagina.eu\/fr\/produits\/","og_site_name":"PALAGINA","article_publisher":"https:\/\/www.facebook.com\/palaginazanzariere\/","article_modified_time":"2019-04-29T13:06:25+00:00","twitter_card":"summary_large_image","twitter_misc":{"Dur\u00e9e de lecture estim\u00e9e":"2 minutes"},"schema":{"@context":"https:\/\/schema.org","@graph":[{"@type":"WebPage","@id":"https:\/\/www2.palagina.eu\/fr\/produits\/","url":"https:\/\/www2.palagina.eu\/fr\/produits\/","name":"Produits - PALAGINA","isPartOf":{"@id":"https:\/\/www2.palagina.eu\/#website"},"datePublished":"2019-04-02T08:49:45+00:00","dateModified":"2019-04-29T13:06:25+00:00","breadcrumb":{"@id":"https:\/\/www2.palagina.eu\/fr\/produits\/#breadcrumb"},"inLanguage":"fr-FR","potentialAction":[{"@type":"ReadAction","target":["https:\/\/www2.palagina.eu\/fr\/produits\/"]}]},{"@type":"BreadcrumbList","@id":"https:\/\/www2.palagina.eu\/fr\/produits\/#breadcrumb","itemListElement":[{"@type":"ListItem","position":1,"name":"Home","item":"https:\/\/www2.palagina.eu\/fr\/"},{"@type":"ListItem","position":2,"name":"Produits"}]},{"@type":"WebSite","@id":"https:\/\/www2.palagina.eu\/#website","url":"https:\/\/www2.palagina.eu\/","name":"PALAGINA","description":"Il modo migliore di proteggersi","publisher":{"@id":"https:\/\/www2.palagina.eu\/#organization"},"potentialAction":[{"@type":"SearchAction","target":{"@type":"EntryPoint","urlTemplate":"https:\/\/www2.palagina.eu\/?s={search_term_string}"},"query-input":"required name=search_term_string"}],"inLanguage":"fr-FR"},{"@type":"Organization","@id":"https:\/\/www2.palagina.eu\/#organization","name":"Palagina","url":"https:\/\/www2.palagina.eu\/","sameAs":["https:\/\/www.youtube.com\/user\/PALAGINAZANZARIERE","https:\/\/www.facebook.com\/palaginazanzariere\/"],"logo":{"@type":"ImageObject","inLanguage":"fr-FR","@id":"https:\/\/www2.palagina.eu\/#\/schema\/logo\/image\/","url":"https:\/\/www2.palagina.eu\/wp-content\/uploads\/2019\/02\/SimboloMarchio.jpg","contentUrl":"https:\/\/www2.palagina.eu\/wp-content\/uploads\/2019\/02\/SimboloMarchio.jpg","width":1490,"height":270,"caption":"Palagina"},"image":{"@id":"https:\/\/www2.palagina.eu\/#\/schema\/logo\/image\/"}}]}},"_links":{"self":[{"href":"https:\/\/www2.palagina.eu\/fr\/wp-json\/wp\/v2\/pages\/11392"}],"collection":[{"href":"https:\/\/www2.palagina.eu\/fr\/wp-json\/wp\/v2\/pages"}],"about":[{"href":"https:\/\/www2.palagina.eu\/fr\/wp-json\/wp\/v2\/types\/page"}],"author":[{"embeddable":true,"href":"https:\/\/www2.palagina.eu\/fr\/wp-json\/wp\/v2\/users\/981"}],"replies":[{"embeddable":true,"href":"https:\/\/www2.palagina.eu\/fr\/wp-json\/wp\/v2\/comments?post=11392"}],"version-history":[{"count":0,"href":"https:\/\/www2.palagina.eu\/fr\/wp-json\/wp\/v2\/pages\/11392\/revisions"}],"wp:attachment":[{"href":"https:\/\/www2.palagina.eu\/fr\/wp-json\/wp\/v2\/media?parent=11392"}],"curies":[{"name":"wp","href":"https:\/\/api.w.org\/{rel}","templated":true}]}}