{"id":11417,"date":"2019-04-02T11:33:55","date_gmt":"2019-04-02T09:33:55","guid":{"rendered":"https:\/\/www2.palagina.eu\/produits\/stores-dexterieurs\/"},"modified":"2023-02-27T09:40:35","modified_gmt":"2023-02-27T08:40:35","slug":"stores-dexterieurs","status":"publish","type":"page","link":"https:\/\/www2.palagina.eu\/fr\/produits\/stores-dexterieurs\/","title":{"rendered":"Stores d&#8217;ext\u00e9rieur"},"content":{"rendered":"<div class=\"wpb-content-wrapper\"><p>[vc_section][vc_row][vc_column][vc_empty_space][vc_text_separator title=&#8221;Stores d&#8217;ext\u00e9rieur&#8221;][\/vc_column][\/vc_row][vc_row gap=&#8221;15&#8243;][vc_column width=&#8221;1\/2&#8243;][vc_single_image image=&#8221;14030&#8243; img_size=&#8221;600&#215;400&#8243;][\/vc_column][vc_column width=&#8221;1\/2&#8243;][vc_column_text]Nos stores pour l&#8217;ext\u00e9rieur <strong>K.zip<\/strong> et\u00a0<strong>K<\/strong>, motoris\u00e9s ou avec treuil, se distinguent grace \u00e0 leur performance et \u00e0 l&#8217;attention apport\u00e9e \u00e0 l&#8217;esth\u00e9tique.<\/p>\n<p>Les stores\u00a0<strong>K.zip<\/strong> ferment les espaces, garantissent une parfaite \u00e9tanch\u00e9it\u00e9 mais aussi une r\u00e9sistance au vent exceptionnelle, dans certains cas certifi\u00e9e classe 6 au vent par l&#8217;Institut Giordano <strong><a href=\"https:\/\/www.youtube.com\/watch?v=Nbppe9_KO24\">regarder la video<\/a><\/strong>.<\/p>\n<p>Pour les stores\u00a0<strong>K<\/strong>\u00a0avec cables, au contraire, la toile est libre et la guide est uniquement pour la barre finale.<\/p>\n<p>Les deux gammes peuvent \u00eatre dot\u00e9es du syst\u00e8me de verrouillage Quick-Lock.<\/p>\n<p><a href=\"https:\/\/www2.palagina.eu\/de\/k-zip_2019_fr_de\/\">Catalogues Produits FR-DE<\/a><\/p>\n<p>Voir aussi: <a href=\"https:\/\/www2.palagina.eu\/fr\/produits\/stores-dinterieurs\/\">Stores d&#8217;int\u00e9rieur<\/a>\u00a0et\u00a0<a href=\"https:\/\/www2.palagina.eu\/fr\/produits\/moustiquaires\/\">Moustiquaires<\/a>[\/vc_column_text][\/vc_column][\/vc_row][vc_row][vc_column width=&#8221;1\/2&#8243;][vc_text_separator title=&#8221;Stores K.zip&#8221;][vc_single_image image=&#8221;13002&#8243; img_size=&#8221;600&#215;400&#8243;][\/vc_column][vc_column width=&#8221;1\/2&#8243;][vc_text_separator title=&#8221;Stores K&#8221;][vc_single_image image=&#8221;12966&#8243; img_size=&#8221;600&#215;400&#8243;][\/vc_column][\/vc_row][\/vc_section][vc_row][vc_column]<div id=\"lvca-posts-carousel-69d0dd9a02620\" class=\"lvca-posts-carousel lvca-container\" data-settings='{\"display_title_on_thumbnail\":\"\",\"display_taxonomy_on_thumbnail\":\"\",\"display_author\":\"\",\"display_post_date\":\"\",\"display_taxonomy\":\"\",\"display_read_more\":\"\",\"read_more_text\":\"Read More\",\"taxonomy_chosen\":\"category\",\"post_link_new_window\":\"\",\"image_size\":\"large\",\"arrows\":\"true\",\"dots\":\"true\",\"autoplay\":\"true\",\"autoplay_speed\":\"3000\",\"animation_speed\":\"300\",\"pause_on_hover\":\"true\",\"display_columns\":\"4\",\"scroll_columns\":\"1\",\"gutter\":\"10\",\"tablet_display_columns\":\"1\",\"tablet_scroll_columns\":\"1\",\"tablet_gutter\":\"10\",\"tablet_width\":\"800\",\"mobile_display_columns\":\"1\",\"mobile_scroll_columns\":\"1\",\"mobile_gutter\":\"10\",\"mobile_width\":\"480\"}'><div data-id=\"id-38345\" class=\"lvca-posts-carousel-item\"><article id=\"post-38345\" class=\"post-38345 post type-post status-publish format-standard has-post-thumbnail hentry category-k-fr category-kzip-screen-fr category-stores-dexterieurs\"><div class=\"lvca-project-image\"><a href=\"https:\/\/www2.palagina.eu\/fr\/k-e-k-zip-trevise\/\" \"><img width=\"1024\" height=\"683\" src=\"https:\/\/www2.palagina.eu\/wp-content\/uploads\/2020\/10\/IMG_5292.-1024x683.jpg\" class=\"attachment-large size-large wp-post-image\" alt=\"\" loading=\"lazy\" srcset=\"https:\/\/www2.palagina.eu\/wp-content\/uploads\/2020\/10\/IMG_5292.-1024x683.jpg 1024w, https:\/\/www2.palagina.eu\/wp-content\/uploads\/2020\/10\/IMG_5292.-768x512.jpg 768w, https:\/\/www2.palagina.eu\/wp-content\/uploads\/2020\/10\/IMG_5292.-640x427.jpg 640w, https:\/\/www2.palagina.eu\/wp-content\/uploads\/2020\/10\/IMG_5292.-400x267.jpg 400w, https:\/\/www2.palagina.eu\/wp-content\/uploads\/2020\/10\/IMG_5292.-600x400.jpg 600w\" sizes=\"(max-width: 1024px) 100vw, 1024px\" \/><\/a><\/div><\/article><!-- .hentry --><\/div><!-- .lvca-posts-carousel-item --><div data-id=\"id-23095\" class=\"lvca-posts-carousel-item\"><article id=\"post-23095\" class=\"post-23095 post type-post status-publish format-standard has-post-thumbnail hentry category-kzip-screen-fr category-realisations category-stores-dexterieurs\"><div class=\"lvca-project-image\"><a href=\"https:\/\/www2.palagina.eu\/fr\/video-screen\/\" \"><img width=\"847\" height=\"434\" src=\"https:\/\/www2.palagina.eu\/wp-content\/uploads\/2019\/11\/ScreenVideo.jpg\" class=\"attachment-large size-large wp-post-image\" alt=\"\" loading=\"lazy\" srcset=\"https:\/\/www2.palagina.eu\/wp-content\/uploads\/2019\/11\/ScreenVideo.jpg 847w, https:\/\/www2.palagina.eu\/wp-content\/uploads\/2019\/11\/ScreenVideo-768x394.jpg 768w, https:\/\/www2.palagina.eu\/wp-content\/uploads\/2019\/11\/ScreenVideo-640x328.jpg 640w, https:\/\/www2.palagina.eu\/wp-content\/uploads\/2019\/11\/ScreenVideo-400x205.jpg 400w, https:\/\/www2.palagina.eu\/wp-content\/uploads\/2019\/11\/ScreenVideo-600x307.jpg 600w\" sizes=\"(max-width: 847px) 100vw, 847px\" \/><\/a><\/div><\/article><!-- .hentry --><\/div><!-- .lvca-posts-carousel-item --><div data-id=\"id-23091\" class=\"lvca-posts-carousel-item\"><article id=\"post-23091\" class=\"post-23091 post type-post status-publish format-standard has-post-thumbnail hentry category-des-moustiquaires category-kzip-net-fr category-kzip-screen-fr category-stores-dexterieurs\"><div class=\"lvca-project-image\"><a href=\"https:\/\/www2.palagina.eu\/fr\/balcon-toile-et-tissu-screen\/\" \"><img width=\"768\" height=\"1024\" src=\"https:\/\/www2.palagina.eu\/wp-content\/uploads\/2019\/11\/20130930_160805-768x1024.jpg\" class=\"attachment-large size-large wp-post-image\" alt=\"\" loading=\"lazy\" srcset=\"https:\/\/www2.palagina.eu\/wp-content\/uploads\/2019\/11\/20130930_160805-768x1024.jpg 768w, https:\/\/www2.palagina.eu\/wp-content\/uploads\/2019\/11\/20130930_160805-640x853.jpg 640w, https:\/\/www2.palagina.eu\/wp-content\/uploads\/2019\/11\/20130930_160805-400x533.jpg 400w, https:\/\/www2.palagina.eu\/wp-content\/uploads\/2019\/11\/20130930_160805-600x800.jpg 600w\" sizes=\"(max-width: 768px) 100vw, 768px\" \/><\/a><\/div><\/article><!-- .hentry --><\/div><!-- .lvca-posts-carousel-item --><div data-id=\"id-23089\" class=\"lvca-posts-carousel-item\"><article id=\"post-23089\" class=\"post-23089 post type-post status-publish format-standard has-post-thumbnail hentry category-kzip-screen-fr category-realisations category-stores-dexterieurs\"><div class=\"lvca-project-image\"><a href=\"https:\/\/www2.palagina.eu\/fr\/lieu-public\/\" \"><img width=\"1024\" height=\"768\" src=\"https:\/\/www2.palagina.eu\/wp-content\/uploads\/2019\/11\/5c0e582e-166c-4126-b74c-944585997001-1024x768.jpg\" class=\"attachment-large size-large wp-post-image\" alt=\"\" loading=\"lazy\" srcset=\"https:\/\/www2.palagina.eu\/wp-content\/uploads\/2019\/11\/5c0e582e-166c-4126-b74c-944585997001-1024x768.jpg 1024w, https:\/\/www2.palagina.eu\/wp-content\/uploads\/2019\/11\/5c0e582e-166c-4126-b74c-944585997001-768x576.jpg 768w, https:\/\/www2.palagina.eu\/wp-content\/uploads\/2019\/11\/5c0e582e-166c-4126-b74c-944585997001-463x348.jpg 463w, https:\/\/www2.palagina.eu\/wp-content\/uploads\/2019\/11\/5c0e582e-166c-4126-b74c-944585997001-640x480.jpg 640w, https:\/\/www2.palagina.eu\/wp-content\/uploads\/2019\/11\/5c0e582e-166c-4126-b74c-944585997001-400x300.jpg 400w, https:\/\/www2.palagina.eu\/wp-content\/uploads\/2019\/11\/5c0e582e-166c-4126-b74c-944585997001-600x450.jpg 600w\" sizes=\"(max-width: 1024px) 100vw, 1024px\" \/><\/a><\/div><\/article><!-- .hentry --><\/div><!-- .lvca-posts-carousel-item --><div data-id=\"id-23085\" class=\"lvca-posts-carousel-item\"><article id=\"post-23085\" class=\"post-23085 post type-post status-publish format-standard has-post-thumbnail hentry category-kzip-screen-fr category-realisations category-stores-dexterieurs\"><div class=\"lvca-project-image\"><a href=\"https:\/\/www2.palagina.eu\/fr\/solicanada-2\/\" \"><img width=\"1024\" height=\"683\" src=\"https:\/\/www2.palagina.eu\/wp-content\/uploads\/2019\/11\/2-1024x683.jpg\" class=\"attachment-large size-large wp-post-image\" alt=\"\" loading=\"lazy\" srcset=\"https:\/\/www2.palagina.eu\/wp-content\/uploads\/2019\/11\/2-1024x683.jpg 1024w, https:\/\/www2.palagina.eu\/wp-content\/uploads\/2019\/11\/2-768x512.jpg 768w, https:\/\/www2.palagina.eu\/wp-content\/uploads\/2019\/11\/2-640x427.jpg 640w, https:\/\/www2.palagina.eu\/wp-content\/uploads\/2019\/11\/2-400x267.jpg 400w, https:\/\/www2.palagina.eu\/wp-content\/uploads\/2019\/11\/2-600x400.jpg 600w\" sizes=\"(max-width: 1024px) 100vw, 1024px\" \/><\/a><\/div><\/article><!-- .hentry --><\/div><!-- .lvca-posts-carousel-item --><div data-id=\"id-13013\" class=\"lvca-posts-carousel-item\"><article id=\"post-13013\" class=\"post-13013 post type-post status-publish format-standard has-post-thumbnail hentry category-kzip-cristal-fr category-realisations category-stores-dexterieurs\"><div class=\"lvca-project-image\"><a href=\"https:\/\/www2.palagina.eu\/fr\/trabocco\/\" \"><img width=\"1024\" height=\"682\" src=\"https:\/\/www2.palagina.eu\/wp-content\/uploads\/2018\/11\/IMG_8077-1024x682.jpg\" class=\"attachment-large size-large wp-post-image\" alt=\"\" loading=\"lazy\" srcset=\"https:\/\/www2.palagina.eu\/wp-content\/uploads\/2018\/11\/IMG_8077-1024x682.jpg 1024w, https:\/\/www2.palagina.eu\/wp-content\/uploads\/2018\/11\/IMG_8077-768x512.jpg 768w, https:\/\/www2.palagina.eu\/wp-content\/uploads\/2018\/11\/IMG_8077-640x427.jpg 640w, https:\/\/www2.palagina.eu\/wp-content\/uploads\/2018\/11\/IMG_8077-400x267.jpg 400w, https:\/\/www2.palagina.eu\/wp-content\/uploads\/2018\/11\/IMG_8077-600x400.jpg 600w\" sizes=\"(max-width: 1024px) 100vw, 1024px\" \/><\/a><\/div><\/article><!-- .hentry --><\/div><!-- .lvca-posts-carousel-item --><div data-id=\"id-12991\" class=\"lvca-posts-carousel-item\"><article id=\"post-12991\" class=\"post-12991 post type-post status-publish format-standard has-post-thumbnail hentry category-kzip-cristal-fr category-realisations category-stores-dexterieurs\"><div class=\"lvca-project-image\"><a href=\"https:\/\/www2.palagina.eu\/fr\/agritourisme-montepulciano\/\" \"><img width=\"1024\" height=\"682\" src=\"https:\/\/www2.palagina.eu\/wp-content\/uploads\/2018\/11\/Paolo_9387-1024x682.jpg\" class=\"attachment-large size-large wp-post-image\" alt=\"\" loading=\"lazy\" srcset=\"https:\/\/www2.palagina.eu\/wp-content\/uploads\/2018\/11\/Paolo_9387-1024x682.jpg 1024w, https:\/\/www2.palagina.eu\/wp-content\/uploads\/2018\/11\/Paolo_9387-768x512.jpg 768w, https:\/\/www2.palagina.eu\/wp-content\/uploads\/2018\/11\/Paolo_9387-640x427.jpg 640w, https:\/\/www2.palagina.eu\/wp-content\/uploads\/2018\/11\/Paolo_9387-400x267.jpg 400w, https:\/\/www2.palagina.eu\/wp-content\/uploads\/2018\/11\/Paolo_9387-600x400.jpg 600w\" sizes=\"(max-width: 1024px) 100vw, 1024px\" \/><\/a><\/div><\/article><!-- .hentry --><\/div><!-- .lvca-posts-carousel-item --><div data-id=\"id-12953\" class=\"lvca-posts-carousel-item\"><article id=\"post-12953\" class=\"post-12953 post type-post status-publish format-standard has-post-thumbnail hentry category-realisations category-stores-dexterieurs\"><div class=\"lvca-project-image\"><a href=\"https:\/\/www2.palagina.eu\/fr\/stores-k-boldrini\/\" \"><img width=\"1024\" height=\"674\" src=\"https:\/\/www2.palagina.eu\/wp-content\/uploads\/2018\/12\/Cavetti_07-1024x674.jpg\" class=\"attachment-large size-large wp-post-image\" alt=\"\" loading=\"lazy\" srcset=\"https:\/\/www2.palagina.eu\/wp-content\/uploads\/2018\/12\/Cavetti_07-1024x674.jpg 1024w, https:\/\/www2.palagina.eu\/wp-content\/uploads\/2018\/12\/Cavetti_07-768x506.jpg 768w, https:\/\/www2.palagina.eu\/wp-content\/uploads\/2018\/12\/Cavetti_07-640x422.jpg 640w, https:\/\/www2.palagina.eu\/wp-content\/uploads\/2018\/12\/Cavetti_07-400x263.jpg 400w, https:\/\/www2.palagina.eu\/wp-content\/uploads\/2018\/12\/Cavetti_07-600x395.jpg 600w\" sizes=\"(max-width: 1024px) 100vw, 1024px\" \/><\/a><\/div><\/article><!-- .hentry --><\/div><!-- .lvca-posts-carousel-item --><div data-id=\"id-12936\" class=\"lvca-posts-carousel-item\"><article id=\"post-12936\" class=\"post-12936 post type-post status-publish format-standard has-post-thumbnail hentry category-kzip-screen-fr category-realisations category-stores-dexterieurs\"><div class=\"lvca-project-image\"><a href=\"https:\/\/www2.palagina.eu\/fr\/maison-privee\/\" \"><img width=\"1024\" height=\"683\" src=\"https:\/\/www2.palagina.eu\/wp-content\/uploads\/2018\/12\/IMG_5347-1024x683.jpg\" class=\"attachment-large size-large wp-post-image\" alt=\"\" loading=\"lazy\" srcset=\"https:\/\/www2.palagina.eu\/wp-content\/uploads\/2018\/12\/IMG_5347-1024x683.jpg 1024w, https:\/\/www2.palagina.eu\/wp-content\/uploads\/2018\/12\/IMG_5347-768x512.jpg 768w, https:\/\/www2.palagina.eu\/wp-content\/uploads\/2018\/12\/IMG_5347-640x427.jpg 640w, https:\/\/www2.palagina.eu\/wp-content\/uploads\/2018\/12\/IMG_5347-400x267.jpg 400w, https:\/\/www2.palagina.eu\/wp-content\/uploads\/2018\/12\/IMG_5347-600x400.jpg 600w\" sizes=\"(max-width: 1024px) 100vw, 1024px\" \/><\/a><\/div><\/article><!-- .hentry --><\/div><!-- .lvca-posts-carousel-item --><div data-id=\"id-12915\" class=\"lvca-posts-carousel-item\"><article id=\"post-12915\" class=\"post-12915 post type-post status-publish format-standard has-post-thumbnail hentry category-kzip-cristal-fr category-realisations category-stores-dexterieurs\"><div class=\"lvca-project-image\"><a href=\"https:\/\/www2.palagina.eu\/fr\/restaurant-sur-la-plage\/\" \"><img width=\"1024\" height=\"683\" src=\"https:\/\/www2.palagina.eu\/wp-content\/uploads\/2018\/12\/IMG_3268-1024x683.jpg\" class=\"attachment-large size-large wp-post-image\" alt=\"\" loading=\"lazy\" srcset=\"https:\/\/www2.palagina.eu\/wp-content\/uploads\/2018\/12\/IMG_3268-1024x683.jpg 1024w, https:\/\/www2.palagina.eu\/wp-content\/uploads\/2018\/12\/IMG_3268-768x512.jpg 768w, https:\/\/www2.palagina.eu\/wp-content\/uploads\/2018\/12\/IMG_3268-640x427.jpg 640w, https:\/\/www2.palagina.eu\/wp-content\/uploads\/2018\/12\/IMG_3268-400x267.jpg 400w, https:\/\/www2.palagina.eu\/wp-content\/uploads\/2018\/12\/IMG_3268-600x400.jpg 600w\" sizes=\"(max-width: 1024px) 100vw, 1024px\" \/><\/a><\/div><\/article><!-- .hentry --><\/div><!-- .lvca-posts-carousel-item --><\/div><!-- .lvca-posts-carousel -->[\/vc_column][\/vc_row]<\/p>\n<\/div>","protected":false},"excerpt":{"rendered":"<p>[vc_section][vc_row][vc_column][vc_empty_space][vc_text_separator title=&#8221;Stores d&#8217;ext\u00e9rieur&#8221;][\/vc_column][\/vc_row][vc_row gap=&#8221;15&#8243;][vc_column width=&#8221;1\/2&#8243;][vc_single_image image=&#8221;14030&#8243; img_size=&#8221;600&#215;400&#8243;][\/vc_column][vc_column width=&#8221;1\/2&#8243;][vc_column_text]Nos stores pour l&#8217;ext\u00e9rieur K.zip et\u00a0K, motoris\u00e9s ou avec treuil, se distinguent grace \u00e0 leur performance et \u00e0 l&#8217;attention apport\u00e9e \u00e0 l&#8217;esth\u00e9tique. Les stores\u00a0K.zip ferment les espaces, garantissent une parfaite \u00e9tanch\u00e9it\u00e9 mais aussi une r\u00e9sistance au vent exceptionnelle, dans certains cas certifi\u00e9e classe 6 au vent par l&#8217;Institut [&hellip;]<\/p>\n","protected":false},"author":1,"featured_media":0,"parent":11392,"menu_order":0,"comment_status":"closed","ping_status":"closed","template":"","meta":[],"acf":[],"yoast_head":"<!-- This site is optimized with the Yoast SEO plugin v19.8 - https:\/\/yoast.com\/wordpress\/plugins\/seo\/ -->\n<title>Stores d&#039;ext\u00e9rieur - PALAGINA<\/title>\n<meta name=\"robots\" content=\"noindex, follow, max-snippet:-1, max-image-preview:large, max-video-preview:-1\" \/>\n<meta property=\"og:locale\" content=\"fr_FR\" \/>\n<meta property=\"og:type\" content=\"article\" \/>\n<meta property=\"og:title\" content=\"Stores d&#039;ext\u00e9rieur - PALAGINA\" \/>\n<meta property=\"og:description\" content=\"[vc_section][vc_row][vc_column][vc_empty_space][vc_text_separator title=&#8221;Stores d&#8217;ext\u00e9rieur&#8221;][\/vc_column][\/vc_row][vc_row gap=&#8221;15&#8243;][vc_column width=&#8221;1\/2&#8243;][vc_single_image image=&#8221;14030&#8243; img_size=&#8221;600&#215;400&#8243;][\/vc_column][vc_column width=&#8221;1\/2&#8243;][vc_column_text]Nos stores pour l&#8217;ext\u00e9rieur K.zip et\u00a0K, motoris\u00e9s ou avec treuil, se distinguent grace \u00e0 leur performance et \u00e0 l&#8217;attention apport\u00e9e \u00e0 l&#8217;esth\u00e9tique. Les stores\u00a0K.zip ferment les espaces, garantissent une parfaite \u00e9tanch\u00e9it\u00e9 mais aussi une r\u00e9sistance au vent exceptionnelle, dans certains cas certifi\u00e9e classe 6 au vent par l&#8217;Institut [&hellip;]\" \/>\n<meta property=\"og:url\" content=\"https:\/\/www2.palagina.eu\/fr\/produits\/stores-dexterieurs\/\" \/>\n<meta property=\"og:site_name\" content=\"PALAGINA\" \/>\n<meta property=\"article:publisher\" content=\"https:\/\/www.facebook.com\/palaginazanzariere\/\" \/>\n<meta property=\"article:modified_time\" content=\"2023-02-27T08:40:35+00:00\" \/>\n<meta name=\"twitter:card\" content=\"summary_large_image\" \/>\n<meta name=\"twitter:label1\" content=\"Dur\u00e9e de lecture estim\u00e9e\" \/>\n\t<meta name=\"twitter:data1\" content=\"1 minute\" \/>\n<script type=\"application\/ld+json\" class=\"yoast-schema-graph\">{\"@context\":\"https:\/\/schema.org\",\"@graph\":[{\"@type\":\"WebPage\",\"@id\":\"https:\/\/www2.palagina.eu\/fr\/produits\/stores-dexterieurs\/\",\"url\":\"https:\/\/www2.palagina.eu\/fr\/produits\/stores-dexterieurs\/\",\"name\":\"Stores d'ext\u00e9rieur - PALAGINA\",\"isPartOf\":{\"@id\":\"https:\/\/www2.palagina.eu\/#website\"},\"datePublished\":\"2019-04-02T09:33:55+00:00\",\"dateModified\":\"2023-02-27T08:40:35+00:00\",\"breadcrumb\":{\"@id\":\"https:\/\/www2.palagina.eu\/fr\/produits\/stores-dexterieurs\/#breadcrumb\"},\"inLanguage\":\"fr-FR\",\"potentialAction\":[{\"@type\":\"ReadAction\",\"target\":[\"https:\/\/www2.palagina.eu\/fr\/produits\/stores-dexterieurs\/\"]}]},{\"@type\":\"BreadcrumbList\",\"@id\":\"https:\/\/www2.palagina.eu\/fr\/produits\/stores-dexterieurs\/#breadcrumb\",\"itemListElement\":[{\"@type\":\"ListItem\",\"position\":1,\"name\":\"Home\",\"item\":\"https:\/\/www2.palagina.eu\/fr\/\"},{\"@type\":\"ListItem\",\"position\":2,\"name\":\"Produits\",\"item\":\"https:\/\/www2.palagina.eu\/fr\/produits\/\"},{\"@type\":\"ListItem\",\"position\":3,\"name\":\"Stores d&#8217;ext\u00e9rieur\"}]},{\"@type\":\"WebSite\",\"@id\":\"https:\/\/www2.palagina.eu\/#website\",\"url\":\"https:\/\/www2.palagina.eu\/\",\"name\":\"PALAGINA\",\"description\":\"Il modo migliore di proteggersi\",\"publisher\":{\"@id\":\"https:\/\/www2.palagina.eu\/#organization\"},\"potentialAction\":[{\"@type\":\"SearchAction\",\"target\":{\"@type\":\"EntryPoint\",\"urlTemplate\":\"https:\/\/www2.palagina.eu\/?s={search_term_string}\"},\"query-input\":\"required name=search_term_string\"}],\"inLanguage\":\"fr-FR\"},{\"@type\":\"Organization\",\"@id\":\"https:\/\/www2.palagina.eu\/#organization\",\"name\":\"Palagina\",\"url\":\"https:\/\/www2.palagina.eu\/\",\"sameAs\":[\"https:\/\/www.youtube.com\/user\/PALAGINAZANZARIERE\",\"https:\/\/www.facebook.com\/palaginazanzariere\/\"],\"logo\":{\"@type\":\"ImageObject\",\"inLanguage\":\"fr-FR\",\"@id\":\"https:\/\/www2.palagina.eu\/#\/schema\/logo\/image\/\",\"url\":\"https:\/\/www2.palagina.eu\/wp-content\/uploads\/2019\/02\/SimboloMarchio.jpg\",\"contentUrl\":\"https:\/\/www2.palagina.eu\/wp-content\/uploads\/2019\/02\/SimboloMarchio.jpg\",\"width\":1490,\"height\":270,\"caption\":\"Palagina\"},\"image\":{\"@id\":\"https:\/\/www2.palagina.eu\/#\/schema\/logo\/image\/\"}}]}<\/script>\n<!-- \/ Yoast SEO plugin. -->","yoast_head_json":{"title":"Stores d'ext\u00e9rieur - PALAGINA","robots":{"index":"noindex","follow":"follow","max-snippet":"max-snippet:-1","max-image-preview":"max-image-preview:large","max-video-preview":"max-video-preview:-1"},"og_locale":"fr_FR","og_type":"article","og_title":"Stores d'ext\u00e9rieur - PALAGINA","og_description":"[vc_section][vc_row][vc_column][vc_empty_space][vc_text_separator title=&#8221;Stores d&#8217;ext\u00e9rieur&#8221;][\/vc_column][\/vc_row][vc_row gap=&#8221;15&#8243;][vc_column width=&#8221;1\/2&#8243;][vc_single_image image=&#8221;14030&#8243; img_size=&#8221;600&#215;400&#8243;][\/vc_column][vc_column width=&#8221;1\/2&#8243;][vc_column_text]Nos stores pour l&#8217;ext\u00e9rieur K.zip et\u00a0K, motoris\u00e9s ou avec treuil, se distinguent grace \u00e0 leur performance et \u00e0 l&#8217;attention apport\u00e9e \u00e0 l&#8217;esth\u00e9tique. Les stores\u00a0K.zip ferment les espaces, garantissent une parfaite \u00e9tanch\u00e9it\u00e9 mais aussi une r\u00e9sistance au vent exceptionnelle, dans certains cas certifi\u00e9e classe 6 au vent par l&#8217;Institut [&hellip;]","og_url":"https:\/\/www2.palagina.eu\/fr\/produits\/stores-dexterieurs\/","og_site_name":"PALAGINA","article_publisher":"https:\/\/www.facebook.com\/palaginazanzariere\/","article_modified_time":"2023-02-27T08:40:35+00:00","twitter_card":"summary_large_image","twitter_misc":{"Dur\u00e9e de lecture estim\u00e9e":"1 minute"},"schema":{"@context":"https:\/\/schema.org","@graph":[{"@type":"WebPage","@id":"https:\/\/www2.palagina.eu\/fr\/produits\/stores-dexterieurs\/","url":"https:\/\/www2.palagina.eu\/fr\/produits\/stores-dexterieurs\/","name":"Stores d'ext\u00e9rieur - PALAGINA","isPartOf":{"@id":"https:\/\/www2.palagina.eu\/#website"},"datePublished":"2019-04-02T09:33:55+00:00","dateModified":"2023-02-27T08:40:35+00:00","breadcrumb":{"@id":"https:\/\/www2.palagina.eu\/fr\/produits\/stores-dexterieurs\/#breadcrumb"},"inLanguage":"fr-FR","potentialAction":[{"@type":"ReadAction","target":["https:\/\/www2.palagina.eu\/fr\/produits\/stores-dexterieurs\/"]}]},{"@type":"BreadcrumbList","@id":"https:\/\/www2.palagina.eu\/fr\/produits\/stores-dexterieurs\/#breadcrumb","itemListElement":[{"@type":"ListItem","position":1,"name":"Home","item":"https:\/\/www2.palagina.eu\/fr\/"},{"@type":"ListItem","position":2,"name":"Produits","item":"https:\/\/www2.palagina.eu\/fr\/produits\/"},{"@type":"ListItem","position":3,"name":"Stores d&#8217;ext\u00e9rieur"}]},{"@type":"WebSite","@id":"https:\/\/www2.palagina.eu\/#website","url":"https:\/\/www2.palagina.eu\/","name":"PALAGINA","description":"Il modo migliore di proteggersi","publisher":{"@id":"https:\/\/www2.palagina.eu\/#organization"},"potentialAction":[{"@type":"SearchAction","target":{"@type":"EntryPoint","urlTemplate":"https:\/\/www2.palagina.eu\/?s={search_term_string}"},"query-input":"required name=search_term_string"}],"inLanguage":"fr-FR"},{"@type":"Organization","@id":"https:\/\/www2.palagina.eu\/#organization","name":"Palagina","url":"https:\/\/www2.palagina.eu\/","sameAs":["https:\/\/www.youtube.com\/user\/PALAGINAZANZARIERE","https:\/\/www.facebook.com\/palaginazanzariere\/"],"logo":{"@type":"ImageObject","inLanguage":"fr-FR","@id":"https:\/\/www2.palagina.eu\/#\/schema\/logo\/image\/","url":"https:\/\/www2.palagina.eu\/wp-content\/uploads\/2019\/02\/SimboloMarchio.jpg","contentUrl":"https:\/\/www2.palagina.eu\/wp-content\/uploads\/2019\/02\/SimboloMarchio.jpg","width":1490,"height":270,"caption":"Palagina"},"image":{"@id":"https:\/\/www2.palagina.eu\/#\/schema\/logo\/image\/"}}]}},"_links":{"self":[{"href":"https:\/\/www2.palagina.eu\/fr\/wp-json\/wp\/v2\/pages\/11417"}],"collection":[{"href":"https:\/\/www2.palagina.eu\/fr\/wp-json\/wp\/v2\/pages"}],"about":[{"href":"https:\/\/www2.palagina.eu\/fr\/wp-json\/wp\/v2\/types\/page"}],"author":[{"embeddable":true,"href":"https:\/\/www2.palagina.eu\/fr\/wp-json\/wp\/v2\/users\/1"}],"replies":[{"embeddable":true,"href":"https:\/\/www2.palagina.eu\/fr\/wp-json\/wp\/v2\/comments?post=11417"}],"version-history":[{"count":5,"href":"https:\/\/www2.palagina.eu\/fr\/wp-json\/wp\/v2\/pages\/11417\/revisions"}],"predecessor-version":[{"id":82576,"href":"https:\/\/www2.palagina.eu\/fr\/wp-json\/wp\/v2\/pages\/11417\/revisions\/82576"}],"up":[{"embeddable":true,"href":"https:\/\/www2.palagina.eu\/fr\/wp-json\/wp\/v2\/pages\/11392"}],"wp:attachment":[{"href":"https:\/\/www2.palagina.eu\/fr\/wp-json\/wp\/v2\/media?parent=11417"}],"curies":[{"name":"wp","href":"https:\/\/api.w.org\/{rel}","templated":true}]}}