{"id":11419,"date":"2019-04-02T11:55:22","date_gmt":"2019-04-02T09:55:22","guid":{"rendered":"https:\/\/www2.palagina.eu\/produits\/stores-dinterieurs\/"},"modified":"2023-02-27T10:31:13","modified_gmt":"2023-02-27T09:31:13","slug":"stores-dinterieurs","status":"publish","type":"page","link":"https:\/\/www2.palagina.eu\/fr\/produits\/stores-dinterieurs\/","title":{"rendered":"Stores d&#8217;int\u00e9rieur"},"content":{"rendered":"<div class=\"wpb-content-wrapper\"><p>[vc_section][vc_row][vc_column][vc_empty_space][vc_text_separator title=&#8221;Stores d&#8217;int\u00e9rieur&#8221;][\/vc_column][\/vc_row][vc_row gap=&#8221;15&#8243;][vc_column width=&#8221;1\/2&#8243;][vc_single_image image=&#8221;11957&#8243; img_size=&#8221;600&#215;400&#8243;][\/vc_column][vc_column width=&#8221;1\/2&#8243;][vc_column_text]Les stores techniques d&#8217;int\u00e9rieur, de par leur design minimal, d\u00e9corent les espaces modernes personnels mais aussi professionnels.<\/p>\n<p>La vaste gamme de tissus screen, filtrants et occultants de l&#8217;\u00e9chantillon\u00a0&#8220;La collezione 2.00&#8221;, r\u00e9pond aux demandes au niveau de l&#8217;esth\u00e9tique et des performances des plus exigeants!<\/p>\n<p>Feuilletez le catalogue technique au format PDF\u00a0 pour d\u00e9couvrir les solutions les plus adapt\u00e9es \u00e0 vos exigences.<\/p>\n<p><a href=\"https:\/\/www2.palagina.eu\/fr\/cat-slim-fra-2022\/\">Catalogues Produits FR-DE<\/a><\/p>\n<p>Voir aussi: <a href=\"https:\/\/www2.palagina.eu\/fr\/produits\/stores-dexterieurs\/\">Stores d&#8217;ext\u00e9rieurs<\/a> et\u00a0<a href=\"https:\/\/www2.palagina.eu\/fr\/produits\/moustiquaires\/\">Moustiquaires<\/a>[\/vc_column_text][\/vc_column][\/vc_row][\/vc_section][vc_row][vc_column]<div id=\"lvca-posts-carousel-69d0e11e1a9fd\" class=\"lvca-posts-carousel lvca-container\" data-settings='{\"display_title_on_thumbnail\":\"\",\"display_taxonomy_on_thumbnail\":\"\",\"display_author\":\"\",\"display_post_date\":\"\",\"display_taxonomy\":\"\",\"display_read_more\":\"\",\"read_more_text\":\"Read More\",\"taxonomy_chosen\":\"category\",\"post_link_new_window\":\"\",\"image_size\":\"related-post\",\"arrows\":\"true\",\"dots\":\"true\",\"autoplay\":\"true\",\"autoplay_speed\":\"3000\",\"animation_speed\":\"300\",\"pause_on_hover\":\"true\",\"display_columns\":\"4\",\"scroll_columns\":\"1\",\"gutter\":\"10\",\"tablet_display_columns\":\"1\",\"tablet_scroll_columns\":\"1\",\"tablet_gutter\":\"10\",\"tablet_width\":\"800\",\"mobile_display_columns\":\"1\",\"mobile_scroll_columns\":\"1\",\"mobile_gutter\":\"10\",\"mobile_width\":\"480\"}'><div data-id=\"id-12828\" class=\"lvca-posts-carousel-item\"><article id=\"post-12828\" class=\"post-12828 post type-post status-publish format-standard has-post-thumbnail hentry category-realisations category-stores-dinterieurs\"><div class=\"lvca-project-image\"><a href=\"https:\/\/www2.palagina.eu\/fr\/bar\/\" \"><img width=\"450\" height=\"450\" src=\"https:\/\/www2.palagina.eu\/wp-content\/uploads\/2018\/12\/Panoramica_2-450x450.jpg\" class=\"attachment-related-post size-related-post wp-post-image\" alt=\"\" loading=\"lazy\" \/><\/a><\/div><\/article><!-- .hentry --><\/div><!-- .lvca-posts-carousel-item --><div data-id=\"id-11956\" class=\"lvca-posts-carousel-item\"><article id=\"post-11956\" class=\"post-11956 post type-post status-publish format-standard has-post-thumbnail hentry category-realisations category-stores-dinterieurs\"><div class=\"lvca-project-image\"><a href=\"https:\/\/www2.palagina.eu\/fr\/maison-toscane\/\" \"><img width=\"450\" height=\"450\" src=\"https:\/\/www2.palagina.eu\/wp-content\/uploads\/2018\/12\/libera_04_a-450x450.jpg\" class=\"attachment-related-post size-related-post wp-post-image\" alt=\"\" loading=\"lazy\" \/><\/a><\/div><\/article><!-- .hentry --><\/div><!-- .lvca-posts-carousel-item --><div data-id=\"id-11620\" class=\"lvca-posts-carousel-item\"><article id=\"post-11620\" class=\"post-11620 post type-post status-publish format-standard has-post-thumbnail hentry category-realisations category-stores-dinterieurs\"><div class=\"lvca-project-image\"><a href=\"https:\/\/www2.palagina.eu\/fr\/etablissement-professionnel\/\" \"><img width=\"450\" height=\"450\" src=\"https:\/\/www2.palagina.eu\/wp-content\/uploads\/2018\/12\/IMG_8585-1-450x450.jpg\" class=\"attachment-related-post size-related-post wp-post-image\" alt=\"\" loading=\"lazy\" \/><\/a><\/div><\/article><!-- .hentry --><\/div><!-- .lvca-posts-carousel-item --><div data-id=\"id-11607\" class=\"lvca-posts-carousel-item\"><article id=\"post-11607\" class=\"post-11607 post type-post status-publish format-standard has-post-thumbnail hentry category-realisations category-stores-dinterieurs\"><div class=\"lvca-project-image\"><a href=\"https:\/\/www2.palagina.eu\/fr\/aromi\/\" \"><img width=\"450\" height=\"450\" src=\"https:\/\/www2.palagina.eu\/wp-content\/uploads\/2018\/12\/Aromi-Lecco-8-450x450.jpg\" class=\"attachment-related-post size-related-post wp-post-image\" alt=\"\" loading=\"lazy\" \/><\/a><\/div><\/article><!-- .hentry --><\/div><!-- .lvca-posts-carousel-item --><div data-id=\"id-11581\" class=\"lvca-posts-carousel-item\"><article id=\"post-11581\" class=\"post-11581 post type-post status-publish format-standard has-post-thumbnail hentry category-realisations category-stores-dinterieurs\"><div class=\"lvca-project-image\"><a href=\"https:\/\/www2.palagina.eu\/fr\/bureaux-siege\/\" \"><img width=\"450\" height=\"450\" src=\"https:\/\/www2.palagina.eu\/wp-content\/uploads\/2018\/12\/004-450x450.jpg\" class=\"attachment-related-post size-related-post wp-post-image\" alt=\"\" loading=\"lazy\" \/><\/a><\/div><\/article><!-- .hentry --><\/div><!-- .lvca-posts-carousel-item --><\/div><!-- .lvca-posts-carousel -->[\/vc_column][\/vc_row]<\/p>\n<\/div>","protected":false},"excerpt":{"rendered":"<p>[vc_section][vc_row][vc_column][vc_empty_space][vc_text_separator title=&#8221;Stores d&#8217;int\u00e9rieur&#8221;][\/vc_column][\/vc_row][vc_row gap=&#8221;15&#8243;][vc_column width=&#8221;1\/2&#8243;][vc_single_image image=&#8221;11957&#8243; img_size=&#8221;600&#215;400&#8243;][\/vc_column][vc_column width=&#8221;1\/2&#8243;][vc_column_text]Les stores techniques d&#8217;int\u00e9rieur, de par leur design minimal, d\u00e9corent les espaces modernes personnels mais aussi professionnels. La vaste gamme de tissus screen, filtrants et occultants de l&#8217;\u00e9chantillon\u00a0&#8220;La collezione 2.00&#8221;, r\u00e9pond aux demandes au niveau de l&#8217;esth\u00e9tique et des performances des plus exigeants! Feuilletez le catalogue technique au [&hellip;]<\/p>\n","protected":false},"author":1,"featured_media":0,"parent":11392,"menu_order":0,"comment_status":"closed","ping_status":"closed","template":"","meta":[],"acf":[],"yoast_head":"<!-- This site is optimized with the Yoast SEO plugin v19.8 - https:\/\/yoast.com\/wordpress\/plugins\/seo\/ -->\n<title>Stores d&#039;int\u00e9rieur - PALAGINA<\/title>\n<meta name=\"robots\" content=\"noindex, follow, max-snippet:-1, max-image-preview:large, max-video-preview:-1\" \/>\n<meta property=\"og:locale\" content=\"fr_FR\" \/>\n<meta property=\"og:type\" content=\"article\" \/>\n<meta property=\"og:title\" content=\"Stores d&#039;int\u00e9rieur - PALAGINA\" \/>\n<meta property=\"og:description\" content=\"[vc_section][vc_row][vc_column][vc_empty_space][vc_text_separator title=&#8221;Stores d&#8217;int\u00e9rieur&#8221;][\/vc_column][\/vc_row][vc_row gap=&#8221;15&#8243;][vc_column width=&#8221;1\/2&#8243;][vc_single_image image=&#8221;11957&#8243; img_size=&#8221;600&#215;400&#8243;][\/vc_column][vc_column width=&#8221;1\/2&#8243;][vc_column_text]Les stores techniques d&#8217;int\u00e9rieur, de par leur design minimal, d\u00e9corent les espaces modernes personnels mais aussi professionnels. La vaste gamme de tissus screen, filtrants et occultants de l&#8217;\u00e9chantillon\u00a0&#8220;La collezione 2.00&#8221;, r\u00e9pond aux demandes au niveau de l&#8217;esth\u00e9tique et des performances des plus exigeants! Feuilletez le catalogue technique au [&hellip;]\" \/>\n<meta property=\"og:url\" content=\"https:\/\/www2.palagina.eu\/fr\/produits\/stores-dinterieurs\/\" \/>\n<meta property=\"og:site_name\" content=\"PALAGINA\" \/>\n<meta property=\"article:publisher\" content=\"https:\/\/www.facebook.com\/palaginazanzariere\/\" \/>\n<meta property=\"article:modified_time\" content=\"2023-02-27T09:31:13+00:00\" \/>\n<meta name=\"twitter:card\" content=\"summary_large_image\" \/>\n<meta name=\"twitter:label1\" content=\"Dur\u00e9e de lecture estim\u00e9e\" \/>\n\t<meta name=\"twitter:data1\" content=\"1 minute\" \/>\n<script type=\"application\/ld+json\" class=\"yoast-schema-graph\">{\"@context\":\"https:\/\/schema.org\",\"@graph\":[{\"@type\":\"WebPage\",\"@id\":\"https:\/\/www2.palagina.eu\/fr\/produits\/stores-dinterieurs\/\",\"url\":\"https:\/\/www2.palagina.eu\/fr\/produits\/stores-dinterieurs\/\",\"name\":\"Stores d'int\u00e9rieur - PALAGINA\",\"isPartOf\":{\"@id\":\"https:\/\/www2.palagina.eu\/#website\"},\"datePublished\":\"2019-04-02T09:55:22+00:00\",\"dateModified\":\"2023-02-27T09:31:13+00:00\",\"breadcrumb\":{\"@id\":\"https:\/\/www2.palagina.eu\/fr\/produits\/stores-dinterieurs\/#breadcrumb\"},\"inLanguage\":\"fr-FR\",\"potentialAction\":[{\"@type\":\"ReadAction\",\"target\":[\"https:\/\/www2.palagina.eu\/fr\/produits\/stores-dinterieurs\/\"]}]},{\"@type\":\"BreadcrumbList\",\"@id\":\"https:\/\/www2.palagina.eu\/fr\/produits\/stores-dinterieurs\/#breadcrumb\",\"itemListElement\":[{\"@type\":\"ListItem\",\"position\":1,\"name\":\"Home\",\"item\":\"https:\/\/www2.palagina.eu\/fr\/\"},{\"@type\":\"ListItem\",\"position\":2,\"name\":\"Produits\",\"item\":\"https:\/\/www2.palagina.eu\/fr\/produits\/\"},{\"@type\":\"ListItem\",\"position\":3,\"name\":\"Stores d&#8217;int\u00e9rieur\"}]},{\"@type\":\"WebSite\",\"@id\":\"https:\/\/www2.palagina.eu\/#website\",\"url\":\"https:\/\/www2.palagina.eu\/\",\"name\":\"PALAGINA\",\"description\":\"Il modo migliore di proteggersi\",\"publisher\":{\"@id\":\"https:\/\/www2.palagina.eu\/#organization\"},\"potentialAction\":[{\"@type\":\"SearchAction\",\"target\":{\"@type\":\"EntryPoint\",\"urlTemplate\":\"https:\/\/www2.palagina.eu\/?s={search_term_string}\"},\"query-input\":\"required name=search_term_string\"}],\"inLanguage\":\"fr-FR\"},{\"@type\":\"Organization\",\"@id\":\"https:\/\/www2.palagina.eu\/#organization\",\"name\":\"Palagina\",\"url\":\"https:\/\/www2.palagina.eu\/\",\"sameAs\":[\"https:\/\/www.youtube.com\/user\/PALAGINAZANZARIERE\",\"https:\/\/www.facebook.com\/palaginazanzariere\/\"],\"logo\":{\"@type\":\"ImageObject\",\"inLanguage\":\"fr-FR\",\"@id\":\"https:\/\/www2.palagina.eu\/#\/schema\/logo\/image\/\",\"url\":\"https:\/\/www2.palagina.eu\/wp-content\/uploads\/2019\/02\/SimboloMarchio.jpg\",\"contentUrl\":\"https:\/\/www2.palagina.eu\/wp-content\/uploads\/2019\/02\/SimboloMarchio.jpg\",\"width\":1490,\"height\":270,\"caption\":\"Palagina\"},\"image\":{\"@id\":\"https:\/\/www2.palagina.eu\/#\/schema\/logo\/image\/\"}}]}<\/script>\n<!-- \/ Yoast SEO plugin. -->","yoast_head_json":{"title":"Stores d'int\u00e9rieur - PALAGINA","robots":{"index":"noindex","follow":"follow","max-snippet":"max-snippet:-1","max-image-preview":"max-image-preview:large","max-video-preview":"max-video-preview:-1"},"og_locale":"fr_FR","og_type":"article","og_title":"Stores d'int\u00e9rieur - PALAGINA","og_description":"[vc_section][vc_row][vc_column][vc_empty_space][vc_text_separator title=&#8221;Stores d&#8217;int\u00e9rieur&#8221;][\/vc_column][\/vc_row][vc_row gap=&#8221;15&#8243;][vc_column width=&#8221;1\/2&#8243;][vc_single_image image=&#8221;11957&#8243; img_size=&#8221;600&#215;400&#8243;][\/vc_column][vc_column width=&#8221;1\/2&#8243;][vc_column_text]Les stores techniques d&#8217;int\u00e9rieur, de par leur design minimal, d\u00e9corent les espaces modernes personnels mais aussi professionnels. La vaste gamme de tissus screen, filtrants et occultants de l&#8217;\u00e9chantillon\u00a0&#8220;La collezione 2.00&#8221;, r\u00e9pond aux demandes au niveau de l&#8217;esth\u00e9tique et des performances des plus exigeants! Feuilletez le catalogue technique au [&hellip;]","og_url":"https:\/\/www2.palagina.eu\/fr\/produits\/stores-dinterieurs\/","og_site_name":"PALAGINA","article_publisher":"https:\/\/www.facebook.com\/palaginazanzariere\/","article_modified_time":"2023-02-27T09:31:13+00:00","twitter_card":"summary_large_image","twitter_misc":{"Dur\u00e9e de lecture estim\u00e9e":"1 minute"},"schema":{"@context":"https:\/\/schema.org","@graph":[{"@type":"WebPage","@id":"https:\/\/www2.palagina.eu\/fr\/produits\/stores-dinterieurs\/","url":"https:\/\/www2.palagina.eu\/fr\/produits\/stores-dinterieurs\/","name":"Stores d'int\u00e9rieur - PALAGINA","isPartOf":{"@id":"https:\/\/www2.palagina.eu\/#website"},"datePublished":"2019-04-02T09:55:22+00:00","dateModified":"2023-02-27T09:31:13+00:00","breadcrumb":{"@id":"https:\/\/www2.palagina.eu\/fr\/produits\/stores-dinterieurs\/#breadcrumb"},"inLanguage":"fr-FR","potentialAction":[{"@type":"ReadAction","target":["https:\/\/www2.palagina.eu\/fr\/produits\/stores-dinterieurs\/"]}]},{"@type":"BreadcrumbList","@id":"https:\/\/www2.palagina.eu\/fr\/produits\/stores-dinterieurs\/#breadcrumb","itemListElement":[{"@type":"ListItem","position":1,"name":"Home","item":"https:\/\/www2.palagina.eu\/fr\/"},{"@type":"ListItem","position":2,"name":"Produits","item":"https:\/\/www2.palagina.eu\/fr\/produits\/"},{"@type":"ListItem","position":3,"name":"Stores d&#8217;int\u00e9rieur"}]},{"@type":"WebSite","@id":"https:\/\/www2.palagina.eu\/#website","url":"https:\/\/www2.palagina.eu\/","name":"PALAGINA","description":"Il modo migliore di proteggersi","publisher":{"@id":"https:\/\/www2.palagina.eu\/#organization"},"potentialAction":[{"@type":"SearchAction","target":{"@type":"EntryPoint","urlTemplate":"https:\/\/www2.palagina.eu\/?s={search_term_string}"},"query-input":"required name=search_term_string"}],"inLanguage":"fr-FR"},{"@type":"Organization","@id":"https:\/\/www2.palagina.eu\/#organization","name":"Palagina","url":"https:\/\/www2.palagina.eu\/","sameAs":["https:\/\/www.youtube.com\/user\/PALAGINAZANZARIERE","https:\/\/www.facebook.com\/palaginazanzariere\/"],"logo":{"@type":"ImageObject","inLanguage":"fr-FR","@id":"https:\/\/www2.palagina.eu\/#\/schema\/logo\/image\/","url":"https:\/\/www2.palagina.eu\/wp-content\/uploads\/2019\/02\/SimboloMarchio.jpg","contentUrl":"https:\/\/www2.palagina.eu\/wp-content\/uploads\/2019\/02\/SimboloMarchio.jpg","width":1490,"height":270,"caption":"Palagina"},"image":{"@id":"https:\/\/www2.palagina.eu\/#\/schema\/logo\/image\/"}}]}},"_links":{"self":[{"href":"https:\/\/www2.palagina.eu\/fr\/wp-json\/wp\/v2\/pages\/11419"}],"collection":[{"href":"https:\/\/www2.palagina.eu\/fr\/wp-json\/wp\/v2\/pages"}],"about":[{"href":"https:\/\/www2.palagina.eu\/fr\/wp-json\/wp\/v2\/types\/page"}],"author":[{"embeddable":true,"href":"https:\/\/www2.palagina.eu\/fr\/wp-json\/wp\/v2\/users\/1"}],"replies":[{"embeddable":true,"href":"https:\/\/www2.palagina.eu\/fr\/wp-json\/wp\/v2\/comments?post=11419"}],"version-history":[{"count":2,"href":"https:\/\/www2.palagina.eu\/fr\/wp-json\/wp\/v2\/pages\/11419\/revisions"}],"predecessor-version":[{"id":82602,"href":"https:\/\/www2.palagina.eu\/fr\/wp-json\/wp\/v2\/pages\/11419\/revisions\/82602"}],"up":[{"embeddable":true,"href":"https:\/\/www2.palagina.eu\/fr\/wp-json\/wp\/v2\/pages\/11392"}],"wp:attachment":[{"href":"https:\/\/www2.palagina.eu\/fr\/wp-json\/wp\/v2\/media?parent=11419"}],"curies":[{"name":"wp","href":"https:\/\/api.w.org\/{rel}","templated":true}]}}