{"id":11421,"date":"2019-04-02T12:01:08","date_gmt":"2019-04-02T10:01:08","guid":{"rendered":"https:\/\/www2.palagina.eu\/produits\/moustiquaires\/"},"modified":"2023-02-27T10:29:49","modified_gmt":"2023-02-27T09:29:49","slug":"moustiquaires","status":"publish","type":"page","link":"https:\/\/www2.palagina.eu\/fr\/produits\/moustiquaires\/","title":{"rendered":"Moustiquaires"},"content":{"rendered":"<div class=\"wpb-content-wrapper\"><p>[vc_section][vc_row][vc_column][vc_empty_space][vc_text_separator title=&#8221;Moustiquaires&#8221;][\/vc_column][\/vc_row][vc_row gap=&#8221;15&#8243;][vc_column width=&#8221;1\/2&#8243;][vc_single_image image=&#8221;13049&#8243; img_size=&#8221;600&#215;400&#8243;][\/vc_column][vc_column width=&#8221;1\/2&#8243;][vc_column_text]L&#8217;utilisation d&#8217;une moustiquaire est la<strong>\u00a0mani\u00e8re plus naturelle et plus efficace<\/strong>\u00a0de se prot\u00e9ger des insectes.<\/p>\n<p>Des ann\u00e9es d&#8217;exp\u00e9rience dans le domaine nous ont permis de perfectionner notre vaste gamme et d&#8217;\u00eatre capable de r\u00e9pondre de mani\u00e8re tr\u00e8s efficace aux demandes des clients.<\/p>\n<p><strong>Nos objectifs sont la facilit\u00e9 de pose et d&#8217;utilisation.<\/strong><\/p>\n<p><a href=\"https:\/\/www2.palagina.eu\/fr\/cat-slim-fra-2022\/\">Catalogues Produits FR-DE<\/a><\/p>\n<p>Voir aussi: <a href=\"https:\/\/www2.palagina.eu\/fr\/produits\/stores-dexterieurs\/\">Stores d&#8217;ext\u00e9rieurs<\/a> et\u00a0<a href=\"https:\/\/www2.palagina.eu\/fr\/produits\/stores-dinterieurs\/\">Stores d&#8217;int\u00e9rieurs<\/a>[\/vc_column_text][\/vc_column][\/vc_row][\/vc_section][vc_row][vc_column]<div id=\"lvca-posts-carousel-69d0ed8a887f4\" class=\"lvca-posts-carousel lvca-container\" data-settings='{\"display_title_on_thumbnail\":\"\",\"display_taxonomy_on_thumbnail\":\"\",\"display_author\":\"\",\"display_post_date\":\"\",\"display_taxonomy\":\"\",\"display_read_more\":\"\",\"read_more_text\":\"Read More\",\"taxonomy_chosen\":\"category\",\"post_link_new_window\":\"\",\"image_size\":\"related-post\",\"arrows\":\"true\",\"dots\":\"true\",\"autoplay\":\"true\",\"autoplay_speed\":\"3000\",\"animation_speed\":\"300\",\"pause_on_hover\":\"true\",\"display_columns\":\"4\",\"scroll_columns\":\"1\",\"gutter\":\"10\",\"tablet_display_columns\":\"1\",\"tablet_scroll_columns\":\"1\",\"tablet_gutter\":\"10\",\"tablet_width\":\"800\",\"mobile_display_columns\":\"1\",\"mobile_scroll_columns\":\"1\",\"mobile_gutter\":\"10\",\"mobile_width\":\"480\"}'><div data-id=\"id-23093\" class=\"lvca-posts-carousel-item\"><article id=\"post-23093\" class=\"post-23093 post type-post status-publish format-standard has-post-thumbnail hentry category-des-moustiquaires category-kzip-net-fr category-realisations\"><div class=\"lvca-project-image\"><a href=\"https:\/\/www2.palagina.eu\/fr\/2-installations-de-moustiquaires-kzip\/\" \"><img width=\"450\" height=\"450\" src=\"https:\/\/www2.palagina.eu\/wp-content\/uploads\/2019\/11\/DSC07698-450x450.jpg\" class=\"attachment-related-post size-related-post wp-post-image\" alt=\"\" loading=\"lazy\" \/><\/a><\/div><\/article><!-- .hentry --><\/div><!-- .lvca-posts-carousel-item --><div data-id=\"id-23091\" class=\"lvca-posts-carousel-item\"><article id=\"post-23091\" class=\"post-23091 post type-post status-publish format-standard has-post-thumbnail hentry category-des-moustiquaires category-kzip-net-fr category-kzip-screen-fr category-stores-dexterieurs\"><div class=\"lvca-project-image\"><a href=\"https:\/\/www2.palagina.eu\/fr\/balcon-toile-et-tissu-screen\/\" \"><img width=\"450\" height=\"450\" src=\"https:\/\/www2.palagina.eu\/wp-content\/uploads\/2019\/11\/20130930_160805-450x450.jpg\" class=\"attachment-related-post size-related-post wp-post-image\" alt=\"\" loading=\"lazy\" \/><\/a><\/div><\/article><!-- .hentry --><\/div><!-- .lvca-posts-carousel-item --><div data-id=\"id-12890\" class=\"lvca-posts-carousel-item\"><article id=\"post-12890\" class=\"post-12890 post type-post status-publish format-standard has-post-thumbnail hentry category-des-moustiquaires category-realisations\"><div class=\"lvca-project-image\"><a href=\"https:\/\/www2.palagina.eu\/fr\/rollout-invisible\/\" \"><img width=\"450\" height=\"450\" src=\"https:\/\/www2.palagina.eu\/wp-content\/uploads\/2018\/12\/RollOut_Invisible_Still_Main_0042-450x450.jpg\" class=\"attachment-related-post size-related-post wp-post-image\" alt=\"\" loading=\"lazy\" \/><\/a><\/div><\/article><!-- .hentry --><\/div><!-- .lvca-posts-carousel-item --><div data-id=\"id-12873\" class=\"lvca-posts-carousel-item\"><article id=\"post-12873\" class=\"post-12873 post type-post status-publish format-standard has-post-thumbnail hentry category-des-moustiquaires category-realisations\"><div class=\"lvca-project-image\"><a href=\"https:\/\/www2.palagina.eu\/fr\/invisible-50-mm\/\" \"><img width=\"450\" height=\"450\" src=\"https:\/\/www2.palagina.eu\/wp-content\/uploads\/2018\/12\/Invisible_50_Still_Main_0030-1-450x450.jpg\" class=\"attachment-related-post size-related-post wp-post-image\" alt=\"\" loading=\"lazy\" \/><\/a><\/div><\/article><!-- .hentry --><\/div><!-- .lvca-posts-carousel-item --><div data-id=\"id-11939\" class=\"lvca-posts-carousel-item\"><article id=\"post-11939\" class=\"post-11939 post type-post status-publish format-standard has-post-thumbnail hentry category-des-moustiquaires category-realisations\"><div class=\"lvca-project-image\"><a href=\"https:\/\/www2.palagina.eu\/fr\/plissee-maison\/\" \"><img width=\"450\" height=\"450\" src=\"https:\/\/www2.palagina.eu\/wp-content\/uploads\/2018\/12\/a-450x450.jpg\" class=\"attachment-related-post size-related-post wp-post-image\" alt=\"\" loading=\"lazy\" \/><\/a><\/div><\/article><!-- .hentry --><\/div><!-- .lvca-posts-carousel-item --><div data-id=\"id-11150\" class=\"lvca-posts-carousel-item\"><article id=\"post-11150\" class=\"post-11150 post type-post status-publish format-standard has-post-thumbnail hentry category-des-moustiquaires category-realisations\"><div class=\"lvca-project-image\"><a href=\"https:\/\/www2.palagina.eu\/fr\/shooting-2018\/\" \"><img width=\"450\" height=\"450\" src=\"https:\/\/www2.palagina.eu\/wp-content\/uploads\/2019\/02\/IMG7425-450x450.jpg\" class=\"attachment-related-post size-related-post wp-post-image\" alt=\"\" loading=\"lazy\" \/><\/a><\/div><\/article><!-- .hentry --><\/div><!-- .lvca-posts-carousel-item --><\/div><!-- .lvca-posts-carousel -->[\/vc_column][\/vc_row]<\/p>\n<\/div>","protected":false},"excerpt":{"rendered":"<p>[vc_section][vc_row][vc_column][vc_empty_space][vc_text_separator title=&#8221;Moustiquaires&#8221;][\/vc_column][\/vc_row][vc_row gap=&#8221;15&#8243;][vc_column width=&#8221;1\/2&#8243;][vc_single_image image=&#8221;13049&#8243; img_size=&#8221;600&#215;400&#8243;][\/vc_column][vc_column width=&#8221;1\/2&#8243;][vc_column_text]L&#8217;utilisation d&#8217;une moustiquaire est la\u00a0mani\u00e8re plus naturelle et plus efficace\u00a0de se prot\u00e9ger des insectes. Des ann\u00e9es d&#8217;exp\u00e9rience dans le domaine nous ont permis de perfectionner notre vaste gamme et d&#8217;\u00eatre capable de r\u00e9pondre de mani\u00e8re tr\u00e8s efficace aux demandes des clients. Nos objectifs sont la facilit\u00e9 de pose et [&hellip;]<\/p>\n","protected":false},"author":1867,"featured_media":0,"parent":11392,"menu_order":0,"comment_status":"closed","ping_status":"closed","template":"","meta":[],"acf":[],"yoast_head":"<!-- This site is optimized with the Yoast SEO plugin v19.8 - https:\/\/yoast.com\/wordpress\/plugins\/seo\/ -->\n<title>Moustiquaires - PALAGINA<\/title>\n<meta name=\"robots\" content=\"noindex, follow, max-snippet:-1, max-image-preview:large, max-video-preview:-1\" \/>\n<meta property=\"og:locale\" content=\"fr_FR\" \/>\n<meta property=\"og:type\" content=\"article\" \/>\n<meta property=\"og:title\" content=\"Moustiquaires - PALAGINA\" \/>\n<meta property=\"og:description\" content=\"[vc_section][vc_row][vc_column][vc_empty_space][vc_text_separator title=&#8221;Moustiquaires&#8221;][\/vc_column][\/vc_row][vc_row gap=&#8221;15&#8243;][vc_column width=&#8221;1\/2&#8243;][vc_single_image image=&#8221;13049&#8243; img_size=&#8221;600&#215;400&#8243;][\/vc_column][vc_column width=&#8221;1\/2&#8243;][vc_column_text]L&#8217;utilisation d&#8217;une moustiquaire est la\u00a0mani\u00e8re plus naturelle et plus efficace\u00a0de se prot\u00e9ger des insectes. Des ann\u00e9es d&#8217;exp\u00e9rience dans le domaine nous ont permis de perfectionner notre vaste gamme et d&#8217;\u00eatre capable de r\u00e9pondre de mani\u00e8re tr\u00e8s efficace aux demandes des clients. Nos objectifs sont la facilit\u00e9 de pose et [&hellip;]\" \/>\n<meta property=\"og:url\" content=\"https:\/\/www2.palagina.eu\/fr\/produits\/moustiquaires\/\" \/>\n<meta property=\"og:site_name\" content=\"PALAGINA\" \/>\n<meta property=\"article:publisher\" content=\"https:\/\/www.facebook.com\/palaginazanzariere\/\" \/>\n<meta property=\"article:modified_time\" content=\"2023-02-27T09:29:49+00:00\" \/>\n<meta name=\"twitter:card\" content=\"summary_large_image\" \/>\n<meta name=\"twitter:label1\" content=\"Dur\u00e9e de lecture estim\u00e9e\" \/>\n\t<meta name=\"twitter:data1\" content=\"1 minute\" \/>\n<script type=\"application\/ld+json\" class=\"yoast-schema-graph\">{\"@context\":\"https:\/\/schema.org\",\"@graph\":[{\"@type\":\"WebPage\",\"@id\":\"https:\/\/www2.palagina.eu\/fr\/produits\/moustiquaires\/\",\"url\":\"https:\/\/www2.palagina.eu\/fr\/produits\/moustiquaires\/\",\"name\":\"Moustiquaires - PALAGINA\",\"isPartOf\":{\"@id\":\"https:\/\/www2.palagina.eu\/#website\"},\"datePublished\":\"2019-04-02T10:01:08+00:00\",\"dateModified\":\"2023-02-27T09:29:49+00:00\",\"breadcrumb\":{\"@id\":\"https:\/\/www2.palagina.eu\/fr\/produits\/moustiquaires\/#breadcrumb\"},\"inLanguage\":\"fr-FR\",\"potentialAction\":[{\"@type\":\"ReadAction\",\"target\":[\"https:\/\/www2.palagina.eu\/fr\/produits\/moustiquaires\/\"]}]},{\"@type\":\"BreadcrumbList\",\"@id\":\"https:\/\/www2.palagina.eu\/fr\/produits\/moustiquaires\/#breadcrumb\",\"itemListElement\":[{\"@type\":\"ListItem\",\"position\":1,\"name\":\"Home\",\"item\":\"https:\/\/www2.palagina.eu\/fr\/\"},{\"@type\":\"ListItem\",\"position\":2,\"name\":\"Produits\",\"item\":\"https:\/\/www2.palagina.eu\/fr\/produits\/\"},{\"@type\":\"ListItem\",\"position\":3,\"name\":\"Moustiquaires\"}]},{\"@type\":\"WebSite\",\"@id\":\"https:\/\/www2.palagina.eu\/#website\",\"url\":\"https:\/\/www2.palagina.eu\/\",\"name\":\"PALAGINA\",\"description\":\"Il modo migliore di proteggersi\",\"publisher\":{\"@id\":\"https:\/\/www2.palagina.eu\/#organization\"},\"potentialAction\":[{\"@type\":\"SearchAction\",\"target\":{\"@type\":\"EntryPoint\",\"urlTemplate\":\"https:\/\/www2.palagina.eu\/?s={search_term_string}\"},\"query-input\":\"required name=search_term_string\"}],\"inLanguage\":\"fr-FR\"},{\"@type\":\"Organization\",\"@id\":\"https:\/\/www2.palagina.eu\/#organization\",\"name\":\"Palagina\",\"url\":\"https:\/\/www2.palagina.eu\/\",\"sameAs\":[\"https:\/\/www.youtube.com\/user\/PALAGINAZANZARIERE\",\"https:\/\/www.facebook.com\/palaginazanzariere\/\"],\"logo\":{\"@type\":\"ImageObject\",\"inLanguage\":\"fr-FR\",\"@id\":\"https:\/\/www2.palagina.eu\/#\/schema\/logo\/image\/\",\"url\":\"https:\/\/www2.palagina.eu\/wp-content\/uploads\/2019\/02\/SimboloMarchio.jpg\",\"contentUrl\":\"https:\/\/www2.palagina.eu\/wp-content\/uploads\/2019\/02\/SimboloMarchio.jpg\",\"width\":1490,\"height\":270,\"caption\":\"Palagina\"},\"image\":{\"@id\":\"https:\/\/www2.palagina.eu\/#\/schema\/logo\/image\/\"}}]}<\/script>\n<!-- \/ Yoast SEO plugin. -->","yoast_head_json":{"title":"Moustiquaires - PALAGINA","robots":{"index":"noindex","follow":"follow","max-snippet":"max-snippet:-1","max-image-preview":"max-image-preview:large","max-video-preview":"max-video-preview:-1"},"og_locale":"fr_FR","og_type":"article","og_title":"Moustiquaires - PALAGINA","og_description":"[vc_section][vc_row][vc_column][vc_empty_space][vc_text_separator title=&#8221;Moustiquaires&#8221;][\/vc_column][\/vc_row][vc_row gap=&#8221;15&#8243;][vc_column width=&#8221;1\/2&#8243;][vc_single_image image=&#8221;13049&#8243; img_size=&#8221;600&#215;400&#8243;][\/vc_column][vc_column width=&#8221;1\/2&#8243;][vc_column_text]L&#8217;utilisation d&#8217;une moustiquaire est la\u00a0mani\u00e8re plus naturelle et plus efficace\u00a0de se prot\u00e9ger des insectes. Des ann\u00e9es d&#8217;exp\u00e9rience dans le domaine nous ont permis de perfectionner notre vaste gamme et d&#8217;\u00eatre capable de r\u00e9pondre de mani\u00e8re tr\u00e8s efficace aux demandes des clients. Nos objectifs sont la facilit\u00e9 de pose et [&hellip;]","og_url":"https:\/\/www2.palagina.eu\/fr\/produits\/moustiquaires\/","og_site_name":"PALAGINA","article_publisher":"https:\/\/www.facebook.com\/palaginazanzariere\/","article_modified_time":"2023-02-27T09:29:49+00:00","twitter_card":"summary_large_image","twitter_misc":{"Dur\u00e9e de lecture estim\u00e9e":"1 minute"},"schema":{"@context":"https:\/\/schema.org","@graph":[{"@type":"WebPage","@id":"https:\/\/www2.palagina.eu\/fr\/produits\/moustiquaires\/","url":"https:\/\/www2.palagina.eu\/fr\/produits\/moustiquaires\/","name":"Moustiquaires - PALAGINA","isPartOf":{"@id":"https:\/\/www2.palagina.eu\/#website"},"datePublished":"2019-04-02T10:01:08+00:00","dateModified":"2023-02-27T09:29:49+00:00","breadcrumb":{"@id":"https:\/\/www2.palagina.eu\/fr\/produits\/moustiquaires\/#breadcrumb"},"inLanguage":"fr-FR","potentialAction":[{"@type":"ReadAction","target":["https:\/\/www2.palagina.eu\/fr\/produits\/moustiquaires\/"]}]},{"@type":"BreadcrumbList","@id":"https:\/\/www2.palagina.eu\/fr\/produits\/moustiquaires\/#breadcrumb","itemListElement":[{"@type":"ListItem","position":1,"name":"Home","item":"https:\/\/www2.palagina.eu\/fr\/"},{"@type":"ListItem","position":2,"name":"Produits","item":"https:\/\/www2.palagina.eu\/fr\/produits\/"},{"@type":"ListItem","position":3,"name":"Moustiquaires"}]},{"@type":"WebSite","@id":"https:\/\/www2.palagina.eu\/#website","url":"https:\/\/www2.palagina.eu\/","name":"PALAGINA","description":"Il modo migliore di proteggersi","publisher":{"@id":"https:\/\/www2.palagina.eu\/#organization"},"potentialAction":[{"@type":"SearchAction","target":{"@type":"EntryPoint","urlTemplate":"https:\/\/www2.palagina.eu\/?s={search_term_string}"},"query-input":"required name=search_term_string"}],"inLanguage":"fr-FR"},{"@type":"Organization","@id":"https:\/\/www2.palagina.eu\/#organization","name":"Palagina","url":"https:\/\/www2.palagina.eu\/","sameAs":["https:\/\/www.youtube.com\/user\/PALAGINAZANZARIERE","https:\/\/www.facebook.com\/palaginazanzariere\/"],"logo":{"@type":"ImageObject","inLanguage":"fr-FR","@id":"https:\/\/www2.palagina.eu\/#\/schema\/logo\/image\/","url":"https:\/\/www2.palagina.eu\/wp-content\/uploads\/2019\/02\/SimboloMarchio.jpg","contentUrl":"https:\/\/www2.palagina.eu\/wp-content\/uploads\/2019\/02\/SimboloMarchio.jpg","width":1490,"height":270,"caption":"Palagina"},"image":{"@id":"https:\/\/www2.palagina.eu\/#\/schema\/logo\/image\/"}}]}},"_links":{"self":[{"href":"https:\/\/www2.palagina.eu\/fr\/wp-json\/wp\/v2\/pages\/11421"}],"collection":[{"href":"https:\/\/www2.palagina.eu\/fr\/wp-json\/wp\/v2\/pages"}],"about":[{"href":"https:\/\/www2.palagina.eu\/fr\/wp-json\/wp\/v2\/types\/page"}],"author":[{"embeddable":true,"href":"https:\/\/www2.palagina.eu\/fr\/wp-json\/wp\/v2\/users\/1867"}],"replies":[{"embeddable":true,"href":"https:\/\/www2.palagina.eu\/fr\/wp-json\/wp\/v2\/comments?post=11421"}],"version-history":[{"count":3,"href":"https:\/\/www2.palagina.eu\/fr\/wp-json\/wp\/v2\/pages\/11421\/revisions"}],"predecessor-version":[{"id":82600,"href":"https:\/\/www2.palagina.eu\/fr\/wp-json\/wp\/v2\/pages\/11421\/revisions\/82600"}],"up":[{"embeddable":true,"href":"https:\/\/www2.palagina.eu\/fr\/wp-json\/wp\/v2\/pages\/11392"}],"wp:attachment":[{"href":"https:\/\/www2.palagina.eu\/fr\/wp-json\/wp\/v2\/media?parent=11421"}],"curies":[{"name":"wp","href":"https:\/\/api.w.org\/{rel}","templated":true}]}}