{"id":11440,"date":"2019-04-02T15:08:32","date_gmt":"2019-04-02T13:08:32","guid":{"rendered":"https:\/\/www2.palagina.eu\/serie-r\/"},"modified":"2023-02-27T09:50:33","modified_gmt":"2023-02-27T08:50:33","slug":"serie-r","status":"publish","type":"page","link":"https:\/\/www2.palagina.eu\/fr\/serie-r\/","title":{"rendered":"S\u00e9rie-R"},"content":{"rendered":"<div class=\"n2-section-smartslider fitvidsignore \" data-ssid=\"7\" tabindex=\"0\" role=\"region\" aria-label=\"Slider\"><div id=\"n2-ss-7-align\" class=\"n2-ss-align\"><div class=\"n2-padding\"><div id=\"n2-ss-7\" data-creator=\"Smart Slider 3\" data-responsive=\"auto\" class=\"n2-ss-slider n2-ow n2-has-hover n2notransition  \"><div class=\"n2-ss-slider-wrapper-inside\">\n        <div class=\"n2-ss-slider-1 n2_ss__touch_element n2-ow\">\n            <div class=\"n2-ss-slider-2 n2-ow\">\n                                                <div class=\"n2-ss-slider-3 n2-ow\">\n\n                    <div class=\"n2-ss-slide-backgrounds n2-ow-all\"><div class=\"n2-ss-slide-background\" data-public-id=\"1\" data-mode=\"fill\"><div class=\"n2-ss-slide-background-image\" data-blur=\"0\" data-opacity=\"100\" data-x=\"50\" data-y=\"50\" data-alt=\"\" data-title=\"\"><picture class=\"skip-lazy\" data-skip-lazy=\"1\"><img src=\"\/\/www2.palagina.eu\/wp-content\/uploads\/2019\/02\/IMG7268.jpg\" alt=\"\" title=\"\" loading=\"lazy\" class=\"skip-lazy\" data-skip-lazy=\"1\"><\/picture><\/div><div data-color=\"RGBA(255,255,255,0)\" style=\"background-color: RGBA(255,255,255,0);\" class=\"n2-ss-slide-background-color\"><\/div><\/div><div class=\"n2-ss-slide-background\" data-public-id=\"2\" data-mode=\"fill\"><div class=\"n2-ss-slide-background-image\" data-blur=\"0\" data-opacity=\"100\" data-x=\"50\" data-y=\"50\" data-alt=\"\" data-title=\"\"><picture class=\"skip-lazy\" data-skip-lazy=\"1\"><img src=\"\/\/www2.palagina.eu\/wp-content\/uploads\/2018\/11\/IMG7318_.jpg\" alt=\"\" title=\"\" loading=\"lazy\" class=\"skip-lazy\" data-skip-lazy=\"1\"><\/picture><\/div><div data-color=\"RGBA(255,255,255,0)\" style=\"background-color: RGBA(255,255,255,0);\" class=\"n2-ss-slide-background-color\"><\/div><\/div><div class=\"n2-ss-slide-background\" data-public-id=\"3\" data-mode=\"fill\"><div class=\"n2-ss-slide-background-image\" data-blur=\"0\" data-opacity=\"100\" data-x=\"50\" data-y=\"50\" data-alt=\"\" data-title=\"\"><picture class=\"skip-lazy\" data-skip-lazy=\"1\"><img src=\"\/\/www2.palagina.eu\/wp-content\/uploads\/2018\/12\/IMG7579.jpg\" alt=\"\" title=\"\" loading=\"lazy\" class=\"skip-lazy\" data-skip-lazy=\"1\"><\/picture><\/div><div data-color=\"RGBA(255,255,255,0)\" style=\"background-color: RGBA(255,255,255,0);\" class=\"n2-ss-slide-background-color\"><\/div><\/div><div class=\"n2-ss-slide-background\" data-public-id=\"4\" data-mode=\"fill\"><div class=\"n2-ss-slide-background-image\" data-blur=\"0\" data-opacity=\"100\" data-x=\"50\" data-y=\"50\" data-alt=\"\" data-title=\"\"><picture class=\"skip-lazy\" data-skip-lazy=\"1\"><img src=\"\/\/www2.palagina.eu\/wp-content\/uploads\/2019\/02\/IMG7570.jpg\" alt=\"\" title=\"\" loading=\"lazy\" class=\"skip-lazy\" data-skip-lazy=\"1\"><\/picture><\/div><div data-color=\"RGBA(255,255,255,0)\" style=\"background-color: RGBA(255,255,255,0);\" class=\"n2-ss-slide-background-color\"><\/div><\/div><div class=\"n2-ss-slide-background\" data-public-id=\"5\" data-mode=\"fill\"><div class=\"n2-ss-slide-background-image\" data-blur=\"0\" data-opacity=\"100\" data-x=\"50\" data-y=\"50\" data-alt=\"\" data-title=\"\"><picture class=\"skip-lazy\" data-skip-lazy=\"1\"><img src=\"\/\/www2.palagina.eu\/wp-content\/uploads\/2018\/12\/IMG7585.jpg\" alt=\"\" title=\"\" loading=\"lazy\" class=\"skip-lazy\" data-skip-lazy=\"1\"><\/picture><\/div><div data-color=\"RGBA(255,255,255,0)\" style=\"background-color: RGBA(255,255,255,0);\" class=\"n2-ss-slide-background-color\"><\/div><\/div><div class=\"n2-ss-slide-background\" data-public-id=\"6\" data-mode=\"fill\"><div class=\"n2-ss-slide-background-image\" data-blur=\"0\" data-opacity=\"100\" data-x=\"50\" data-y=\"10\" data-alt=\"\" data-title=\"\" style=\"--ss-o-pos-y:10%\"><picture class=\"skip-lazy\" data-skip-lazy=\"1\"><img src=\"\/\/www2.palagina.eu\/wp-content\/uploads\/2019\/02\/IMG7531.jpg\" alt=\"\" title=\"\" loading=\"lazy\" class=\"skip-lazy\" data-skip-lazy=\"1\"><\/picture><\/div><div data-color=\"RGBA(255,255,255,0)\" style=\"background-color: RGBA(255,255,255,0);\" class=\"n2-ss-slide-background-color\"><\/div><\/div><\/div>                    <div class=\"n2-ss-slider-4 n2-ow\">\n                        <svg xmlns=\"http:\/\/www.w3.org\/2000\/svg\" viewBox=\"0 0 1000 400\" data-related-device=\"desktopPortrait\" class=\"n2-ow n2-ss-preserve-size n2-ss-preserve-size--slider n2-ss-slide-limiter\"><\/svg><div data-first=\"1\" data-slide-duration=\"0\" data-id=\"73\" data-slide-public-id=\"1\" data-title=\"_IMG7268\" class=\"n2-ss-slide n2-ow  n2-ss-slide-73\"><div role=\"note\" class=\"n2-ss-slide--focus\" tabindex=\"-1\">_IMG7268<\/div><div class=\"n2-ss-layers-container n2-ss-slide-limiter n2-ow\"><div class=\"n2-ss-layer n2-ow n-uc-4R6c0vmDnsuW\" data-sstype=\"slide\" data-pm=\"default\"><\/div><\/div><\/div><div data-slide-duration=\"0\" data-id=\"76\" data-slide-public-id=\"2\" data-title=\"_IMG7318_\" class=\"n2-ss-slide n2-ow  n2-ss-slide-76\"><div role=\"note\" class=\"n2-ss-slide--focus\" tabindex=\"-1\">_IMG7318_<\/div><div class=\"n2-ss-layers-container n2-ss-slide-limiter n2-ow\"><div class=\"n2-ss-layer n2-ow n-uc-uzO8DyYcCXAz\" data-sstype=\"slide\" data-pm=\"default\"><\/div><\/div><\/div><div data-slide-duration=\"0\" data-id=\"77\" data-slide-public-id=\"3\" data-title=\"_IMG7579\" class=\"n2-ss-slide n2-ow  n2-ss-slide-77\"><div role=\"note\" class=\"n2-ss-slide--focus\" tabindex=\"-1\">_IMG7579<\/div><div class=\"n2-ss-layers-container n2-ss-slide-limiter n2-ow\"><div class=\"n2-ss-layer n2-ow n-uc-P9n32RHalHXP\" data-sstype=\"slide\" data-pm=\"default\"><\/div><\/div><\/div><div data-slide-duration=\"0\" data-id=\"79\" data-slide-public-id=\"4\" data-title=\"_IMG7570\" class=\"n2-ss-slide n2-ow  n2-ss-slide-79\"><div role=\"note\" class=\"n2-ss-slide--focus\" tabindex=\"-1\">_IMG7570<\/div><div class=\"n2-ss-layers-container n2-ss-slide-limiter n2-ow\"><div class=\"n2-ss-layer n2-ow n-uc-6Zmkkow6MGGp\" data-sstype=\"slide\" data-pm=\"default\"><\/div><\/div><\/div><div data-slide-duration=\"0\" data-id=\"78\" data-slide-public-id=\"5\" data-title=\"_IMG7585\" class=\"n2-ss-slide n2-ow  n2-ss-slide-78\"><div role=\"note\" class=\"n2-ss-slide--focus\" tabindex=\"-1\">_IMG7585<\/div><div class=\"n2-ss-layers-container n2-ss-slide-limiter n2-ow\"><div class=\"n2-ss-layer n2-ow n-uc-7YGb0DSTf6Uf\" data-sstype=\"slide\" data-pm=\"default\"><\/div><\/div><\/div><div data-slide-duration=\"0\" data-id=\"80\" data-slide-public-id=\"6\" data-title=\"_IMG7531\" class=\"n2-ss-slide n2-ow  n2-ss-slide-80\"><div role=\"note\" class=\"n2-ss-slide--focus\" tabindex=\"-1\">_IMG7531<\/div><div class=\"n2-ss-layers-container n2-ss-slide-limiter n2-ow\"><div class=\"n2-ss-layer n2-ow n-uc-VIyrRP8TenZl\" data-sstype=\"slide\" data-pm=\"default\"><\/div><\/div><\/div>                    <\/div>\n\n                                    <\/div>\n            <\/div>\n        <\/div>\n        <div class=\"n2-ss-slider-controls n2-ss-slider-controls-absolute-left-center\"><div style=\"--widget-offset:15px;\" class=\"n2-ss-widget nextend-arrow n2-ow-all nextend-arrow-previous  nextend-arrow-animated-fade\" data-hide-mobileportrait=\"1\" id=\"n2-ss-7-arrow-previous\" role=\"button\" aria-label=\"previous arrow\" tabindex=\"0\"><img loading=\"lazy\" width=\"32\" height=\"32\" class=\"skip-lazy\" data-skip-lazy=\"1\" src=\"data:image\/svg+xml;base64,PHN2ZyB3aWR0aD0iMzIiIGhlaWdodD0iMzIiIHZpZXdCb3g9IjAgMCAzMiAzMiIgeG1sbnM9Imh0dHA6Ly93d3cudzMub3JnLzIwMDAvc3ZnIj4KICAgIDxwYXRoIGQ9Ik0xMS40MzMgMTUuOTkyTDIyLjY5IDUuNzEyYy4zOTMtLjM5LjM5My0xLjAzIDAtMS40Mi0uMzkzLS4zOS0xLjAzLS4zOS0xLjQyMyAwbC0xMS45OCAxMC45NGMtLjIxLjIxLS4zLjQ5LS4yODUuNzYtLjAxNS4yOC4wNzUuNTYuMjg0Ljc3bDExLjk4IDEwLjk0Yy4zOTMuMzkgMS4wMy4zOSAxLjQyNCAwIC4zOTMtLjQuMzkzLTEuMDMgMC0xLjQybC0xMS4yNTctMTAuMjkiCiAgICAgICAgICBmaWxsPSIjZmZmZmZmIiBvcGFjaXR5PSIwLjgiIGZpbGwtcnVsZT0iZXZlbm9kZCIvPgo8L3N2Zz4=\" alt=\"previous arrow\"><\/div><\/div><div class=\"n2-ss-slider-controls n2-ss-slider-controls-absolute-right-center\"><div style=\"--widget-offset:15px;\" class=\"n2-ss-widget nextend-arrow n2-ow-all nextend-arrow-next  nextend-arrow-animated-fade\" data-hide-mobileportrait=\"1\" id=\"n2-ss-7-arrow-next\" role=\"button\" aria-label=\"next arrow\" tabindex=\"0\"><img loading=\"lazy\" width=\"32\" height=\"32\" class=\"skip-lazy\" data-skip-lazy=\"1\" src=\"data:image\/svg+xml;base64,PHN2ZyB3aWR0aD0iMzIiIGhlaWdodD0iMzIiIHZpZXdCb3g9IjAgMCAzMiAzMiIgeG1sbnM9Imh0dHA6Ly93d3cudzMub3JnLzIwMDAvc3ZnIj4KICAgIDxwYXRoIGQ9Ik0xMC43MjIgNC4yOTNjLS4zOTQtLjM5LTEuMDMyLS4zOS0xLjQyNyAwLS4zOTMuMzktLjM5MyAxLjAzIDAgMS40MmwxMS4yODMgMTAuMjgtMTEuMjgzIDEwLjI5Yy0uMzkzLjM5LS4zOTMgMS4wMiAwIDEuNDIuMzk1LjM5IDEuMDMzLjM5IDEuNDI3IDBsMTIuMDA3LTEwLjk0Yy4yMS0uMjEuMy0uNDkuMjg0LS43Ny4wMTQtLjI3LS4wNzYtLjU1LS4yODYtLjc2TDEwLjcyIDQuMjkzeiIKICAgICAgICAgIGZpbGw9IiNmZmZmZmYiIG9wYWNpdHk9IjAuOCIgZmlsbC1ydWxlPSJldmVub2RkIi8+Cjwvc3ZnPg==\" alt=\"next arrow\"><\/div><\/div><\/div><\/div><ss3-loader><\/ss3-loader><\/div><\/div><div class=\"n2_clear\"><\/div><\/div>\n\n\n<h4><figure><img loading=\"lazy\" class=\"wp-image-11441 size-thumbnail alignleft\" src=\"https:\/\/www2.palagina.eu\/wp-content\/uploads\/2019\/01\/Bott_SerieR-150x150.png\" alt=\"\" width=\"150\" height=\"150\"><\/figure>La gamme S\u00e9rie R est n\u00e9e pour satisfaire les demandes des clients plus attentifs aux d\u00e9tails et \u00e0 la facilit\u00e9 d&#8217;utilisation.<\/h4>\n\n\n\n<h4>Parmi les qualit\u00e9s que nous avons ajout\u00e9 dans cette gamme, il y a les syst\u00e8mes de d\u00e9verrouillage simple, le souci du d\u00e9tail, la vaste gamme de toiles disponibles et la facilit\u00e9 de pose permettant de r\u00e9duire le nombre de trous dans les murs, les plafonds et les seuils.<\/h4>\n\n\n\n<h4>La naissance de cette gamme remonte \u00e0 2013 mais la recherche et d\u00e9veloppement a fait des progr\u00e8s dans le but d&#8217;en am\u00e9liorer les caract\u00e9ristiques. Ceci nous a permis de pr\u00e9senter la nouvelle version appel\u00e9e S\u00e9rie R\u00b2.<\/h4>\n","protected":false},"excerpt":{"rendered":"<p>La gamme S\u00e9rie R est n\u00e9e pour satisfaire les demandes des clients plus attentifs aux d\u00e9tails et \u00e0 la facilit\u00e9 d&#8217;utilisation. Parmi les qualit\u00e9s que nous avons ajout\u00e9 dans cette gamme, il y a les syst\u00e8mes de d\u00e9verrouillage simple, le souci du d\u00e9tail, la vaste gamme de toiles disponibles et la facilit\u00e9 de pose permettant [&hellip;]<\/p>\n","protected":false},"author":1867,"featured_media":0,"parent":0,"menu_order":0,"comment_status":"closed","ping_status":"closed","template":"","meta":[],"acf":[],"yoast_head":"<!-- This site is optimized with the Yoast SEO plugin v19.8 - https:\/\/yoast.com\/wordpress\/plugins\/seo\/ -->\n<title>S\u00e9rie-R - PALAGINA<\/title>\n<meta name=\"robots\" content=\"noindex, follow, max-snippet:-1, max-image-preview:large, max-video-preview:-1\" \/>\n<meta property=\"og:locale\" content=\"fr_FR\" \/>\n<meta property=\"og:type\" content=\"article\" \/>\n<meta property=\"og:title\" content=\"S\u00e9rie-R - PALAGINA\" \/>\n<meta property=\"og:description\" content=\"La gamme S\u00e9rie R est n\u00e9e pour satisfaire les demandes des clients plus attentifs aux d\u00e9tails et \u00e0 la facilit\u00e9 d&#8217;utilisation. Parmi les qualit\u00e9s que nous avons ajout\u00e9 dans cette gamme, il y a les syst\u00e8mes de d\u00e9verrouillage simple, le souci du d\u00e9tail, la vaste gamme de toiles disponibles et la facilit\u00e9 de pose permettant [&hellip;]\" \/>\n<meta property=\"og:url\" content=\"https:\/\/www2.palagina.eu\/fr\/serie-r\/\" \/>\n<meta property=\"og:site_name\" content=\"PALAGINA\" \/>\n<meta property=\"article:publisher\" content=\"https:\/\/www.facebook.com\/palaginazanzariere\/\" \/>\n<meta property=\"article:modified_time\" content=\"2023-02-27T08:50:33+00:00\" \/>\n<meta property=\"og:image\" content=\"https:\/\/www2.palagina.eu\/wp-content\/uploads\/2019\/01\/Bott_SerieR-150x150.png\" \/>\n<meta name=\"twitter:card\" content=\"summary_large_image\" \/>\n<meta name=\"twitter:label1\" content=\"Dur\u00e9e de lecture estim\u00e9e\" \/>\n\t<meta name=\"twitter:data1\" content=\"1 minute\" \/>\n<script type=\"application\/ld+json\" class=\"yoast-schema-graph\">{\"@context\":\"https:\/\/schema.org\",\"@graph\":[{\"@type\":\"WebPage\",\"@id\":\"https:\/\/www2.palagina.eu\/fr\/serie-r\/\",\"url\":\"https:\/\/www2.palagina.eu\/fr\/serie-r\/\",\"name\":\"S\u00e9rie-R - PALAGINA\",\"isPartOf\":{\"@id\":\"https:\/\/www2.palagina.eu\/#website\"},\"datePublished\":\"2019-04-02T13:08:32+00:00\",\"dateModified\":\"2023-02-27T08:50:33+00:00\",\"breadcrumb\":{\"@id\":\"https:\/\/www2.palagina.eu\/fr\/serie-r\/#breadcrumb\"},\"inLanguage\":\"fr-FR\",\"potentialAction\":[{\"@type\":\"ReadAction\",\"target\":[\"https:\/\/www2.palagina.eu\/fr\/serie-r\/\"]}]},{\"@type\":\"BreadcrumbList\",\"@id\":\"https:\/\/www2.palagina.eu\/fr\/serie-r\/#breadcrumb\",\"itemListElement\":[{\"@type\":\"ListItem\",\"position\":1,\"name\":\"Home\",\"item\":\"https:\/\/www2.palagina.eu\/fr\/\"},{\"@type\":\"ListItem\",\"position\":2,\"name\":\"S\u00e9rie-R\"}]},{\"@type\":\"WebSite\",\"@id\":\"https:\/\/www2.palagina.eu\/#website\",\"url\":\"https:\/\/www2.palagina.eu\/\",\"name\":\"PALAGINA\",\"description\":\"Il modo migliore di proteggersi\",\"publisher\":{\"@id\":\"https:\/\/www2.palagina.eu\/#organization\"},\"potentialAction\":[{\"@type\":\"SearchAction\",\"target\":{\"@type\":\"EntryPoint\",\"urlTemplate\":\"https:\/\/www2.palagina.eu\/?s={search_term_string}\"},\"query-input\":\"required name=search_term_string\"}],\"inLanguage\":\"fr-FR\"},{\"@type\":\"Organization\",\"@id\":\"https:\/\/www2.palagina.eu\/#organization\",\"name\":\"Palagina\",\"url\":\"https:\/\/www2.palagina.eu\/\",\"sameAs\":[\"https:\/\/www.youtube.com\/user\/PALAGINAZANZARIERE\",\"https:\/\/www.facebook.com\/palaginazanzariere\/\"],\"logo\":{\"@type\":\"ImageObject\",\"inLanguage\":\"fr-FR\",\"@id\":\"https:\/\/www2.palagina.eu\/#\/schema\/logo\/image\/\",\"url\":\"https:\/\/www2.palagina.eu\/wp-content\/uploads\/2019\/02\/SimboloMarchio.jpg\",\"contentUrl\":\"https:\/\/www2.palagina.eu\/wp-content\/uploads\/2019\/02\/SimboloMarchio.jpg\",\"width\":1490,\"height\":270,\"caption\":\"Palagina\"},\"image\":{\"@id\":\"https:\/\/www2.palagina.eu\/#\/schema\/logo\/image\/\"}}]}<\/script>\n<!-- \/ Yoast SEO plugin. -->","yoast_head_json":{"title":"S\u00e9rie-R - PALAGINA","robots":{"index":"noindex","follow":"follow","max-snippet":"max-snippet:-1","max-image-preview":"max-image-preview:large","max-video-preview":"max-video-preview:-1"},"og_locale":"fr_FR","og_type":"article","og_title":"S\u00e9rie-R - PALAGINA","og_description":"La gamme S\u00e9rie R est n\u00e9e pour satisfaire les demandes des clients plus attentifs aux d\u00e9tails et \u00e0 la facilit\u00e9 d&#8217;utilisation. Parmi les qualit\u00e9s que nous avons ajout\u00e9 dans cette gamme, il y a les syst\u00e8mes de d\u00e9verrouillage simple, le souci du d\u00e9tail, la vaste gamme de toiles disponibles et la facilit\u00e9 de pose permettant [&hellip;]","og_url":"https:\/\/www2.palagina.eu\/fr\/serie-r\/","og_site_name":"PALAGINA","article_publisher":"https:\/\/www.facebook.com\/palaginazanzariere\/","article_modified_time":"2023-02-27T08:50:33+00:00","og_image":[{"url":"https:\/\/www2.palagina.eu\/wp-content\/uploads\/2019\/01\/Bott_SerieR-150x150.png"}],"twitter_card":"summary_large_image","twitter_misc":{"Dur\u00e9e de lecture estim\u00e9e":"1 minute"},"schema":{"@context":"https:\/\/schema.org","@graph":[{"@type":"WebPage","@id":"https:\/\/www2.palagina.eu\/fr\/serie-r\/","url":"https:\/\/www2.palagina.eu\/fr\/serie-r\/","name":"S\u00e9rie-R - PALAGINA","isPartOf":{"@id":"https:\/\/www2.palagina.eu\/#website"},"datePublished":"2019-04-02T13:08:32+00:00","dateModified":"2023-02-27T08:50:33+00:00","breadcrumb":{"@id":"https:\/\/www2.palagina.eu\/fr\/serie-r\/#breadcrumb"},"inLanguage":"fr-FR","potentialAction":[{"@type":"ReadAction","target":["https:\/\/www2.palagina.eu\/fr\/serie-r\/"]}]},{"@type":"BreadcrumbList","@id":"https:\/\/www2.palagina.eu\/fr\/serie-r\/#breadcrumb","itemListElement":[{"@type":"ListItem","position":1,"name":"Home","item":"https:\/\/www2.palagina.eu\/fr\/"},{"@type":"ListItem","position":2,"name":"S\u00e9rie-R"}]},{"@type":"WebSite","@id":"https:\/\/www2.palagina.eu\/#website","url":"https:\/\/www2.palagina.eu\/","name":"PALAGINA","description":"Il modo migliore di proteggersi","publisher":{"@id":"https:\/\/www2.palagina.eu\/#organization"},"potentialAction":[{"@type":"SearchAction","target":{"@type":"EntryPoint","urlTemplate":"https:\/\/www2.palagina.eu\/?s={search_term_string}"},"query-input":"required name=search_term_string"}],"inLanguage":"fr-FR"},{"@type":"Organization","@id":"https:\/\/www2.palagina.eu\/#organization","name":"Palagina","url":"https:\/\/www2.palagina.eu\/","sameAs":["https:\/\/www.youtube.com\/user\/PALAGINAZANZARIERE","https:\/\/www.facebook.com\/palaginazanzariere\/"],"logo":{"@type":"ImageObject","inLanguage":"fr-FR","@id":"https:\/\/www2.palagina.eu\/#\/schema\/logo\/image\/","url":"https:\/\/www2.palagina.eu\/wp-content\/uploads\/2019\/02\/SimboloMarchio.jpg","contentUrl":"https:\/\/www2.palagina.eu\/wp-content\/uploads\/2019\/02\/SimboloMarchio.jpg","width":1490,"height":270,"caption":"Palagina"},"image":{"@id":"https:\/\/www2.palagina.eu\/#\/schema\/logo\/image\/"}}]}},"_links":{"self":[{"href":"https:\/\/www2.palagina.eu\/fr\/wp-json\/wp\/v2\/pages\/11440"}],"collection":[{"href":"https:\/\/www2.palagina.eu\/fr\/wp-json\/wp\/v2\/pages"}],"about":[{"href":"https:\/\/www2.palagina.eu\/fr\/wp-json\/wp\/v2\/types\/page"}],"author":[{"embeddable":true,"href":"https:\/\/www2.palagina.eu\/fr\/wp-json\/wp\/v2\/users\/1867"}],"replies":[{"embeddable":true,"href":"https:\/\/www2.palagina.eu\/fr\/wp-json\/wp\/v2\/comments?post=11440"}],"version-history":[{"count":2,"href":"https:\/\/www2.palagina.eu\/fr\/wp-json\/wp\/v2\/pages\/11440\/revisions"}],"predecessor-version":[{"id":82588,"href":"https:\/\/www2.palagina.eu\/fr\/wp-json\/wp\/v2\/pages\/11440\/revisions\/82588"}],"wp:attachment":[{"href":"https:\/\/www2.palagina.eu\/fr\/wp-json\/wp\/v2\/media?parent=11440"}],"curies":[{"name":"wp","href":"https:\/\/api.w.org\/{rel}","templated":true}]}}