{"id":18338,"date":"2019-05-08T21:02:49","date_gmt":"2019-05-08T19:02:49","guid":{"rendered":"https:\/\/www2.palagina.eu\/calculatrice-g-tot\/"},"modified":"2020-01-13T09:53:52","modified_gmt":"2020-01-13T08:53:52","slug":"calculatrice-g-tot","status":"publish","type":"page","link":"https:\/\/www2.palagina.eu\/fr\/calculatrice-g-tot\/","title":{"rendered":"Calculatrice G TOT"},"content":{"rendered":"\n<p>La calculatrice &#8220;<strong>g tot<\/strong>&#8221; d\u00e9termine rapidement le facteur solaire grace \u00e0 un nombre limit\u00e9 de facteurs (facteur de transmission totale du verre &#8220;<strong>g<\/strong>&#8220;, coefficient de transmission thermique du verre &#8220;<strong>Ug<\/strong>&#8220;, index de transmission du tissu &#8220;<strong>Ts<\/strong>&#8221; et l&#8217;indice d&#8217;absorption des tissus &#8220;<strong>As<\/strong>&#8220;).<\/p>\n\n<p>Le champ d&#8217;application de la calculatrice &#8220;<strong>g tot<\/strong> &#8221; est celui des installations de syst\u00e8me de protection externe au chassis et fait r\u00e9f\u00e9rence \u00e0 la formule figurant \u00e0 la section 5.1 de la norme UNI EN 13363-1 &#8220;calcul du coefficient de transmission solaire et lumineux \u2013 Partie 1: M\u00e9thode simplifi\u00e9e&#8221;.<\/p>\n\n<p>La calculatrice &#8220;<strong>g tot<\/strong>&#8221; peut etre utilis\u00e9e pour d\u00e9terminer la valeur du facteur total de transmission solaire &#8220;g<sub>gl+sh\u00a0<\/sub>\u00a0 comme sp\u00e9cifi\u00e9 dans &#8220;l&#8217;arr\u00eat\u00e9 du 26 juin 2015&#8221; en rapport avec les conditions minimales .<\/p>\n<iframe loading=\"lazy\" class=\"no_translate\" title=\"Calcolo g tot\" src=\"\/Gtot\/Calcolo_G_2.html\" width=\"1200\" height=\"400\" frameborder=\"0\" scrolling=\"no\" align=\"middle\" data-mce-fragment=\"1\"><\/iframe>\n<p>Cet outil utilise la proc\u00e9dure simplifi\u00e9e d\u00e9crite dans la norme UNI EN 13363-1, facile \u00e0 utiliser mais avec un moins grand degr\u00e9 d&#8217;approximation.<\/p>\n\n<p>Pour un calcul plus pr\u00e9cis, et plus complexe, consultez les sp\u00e9cifications de la norme UNI EN 13363-2 &#8220;calcul du coefficient de transmission solaire et lumineux \u2013 Partie 2: M\u00e9thode de calcul d\u00e9taill\u00e9e&#8221;.<\/p>\n\n<p>Palagina n&#8217;est pas responsable des inexactitudes ou du mauvais fonctionnement de cet outil de calcul.<\/p>\n\n<p>En utilisant ce module, l&#8217;utilisateur marque son accord avec ce qui pr\u00e9c\u00e8de.<\/p>\n","protected":false},"excerpt":{"rendered":"<p>La calculatrice &#8220;g tot&#8221; d\u00e9termine rapidement le facteur solaire grace \u00e0 un nombre limit\u00e9 de facteurs (facteur de transmission totale du verre &#8220;g&#8220;, coefficient de transmission thermique du verre &#8220;Ug&#8220;, index de transmission du tissu &#8220;Ts&#8221; et l&#8217;indice d&#8217;absorption des tissus &#8220;As&#8220;). Le champ d&#8217;application de la calculatrice &#8220;g tot &#8221; est celui des installations [&hellip;]<\/p>\n","protected":false},"author":1867,"featured_media":8917,"parent":0,"menu_order":0,"comment_status":"closed","ping_status":"closed","template":"","meta":[],"acf":[],"yoast_head":"<!-- This site is optimized with the Yoast SEO plugin v19.8 - https:\/\/yoast.com\/wordpress\/plugins\/seo\/ -->\n<title>Calculatrice G TOT<\/title>\n<meta name=\"robots\" content=\"noindex, follow, max-snippet:-1, max-image-preview:large, max-video-preview:-1\" \/>\n<meta property=\"og:locale\" content=\"fr_FR\" \/>\n<meta property=\"og:type\" content=\"article\" \/>\n<meta property=\"og:title\" content=\"Calculatrice G TOT\" \/>\n<meta property=\"og:description\" content=\"La calculatrice &#8220;g tot&#8221; d\u00e9termine rapidement le facteur solaire grace \u00e0 un nombre limit\u00e9 de facteurs (facteur de transmission totale du verre &#8220;g&#8220;, coefficient de transmission thermique du verre &#8220;Ug&#8220;, index de transmission du tissu &#8220;Ts&#8221; et l&#8217;indice d&#8217;absorption des tissus &#8220;As&#8220;). Le champ d&#8217;application de la calculatrice &#8220;g tot &#8221; est celui des installations [&hellip;]\" \/>\n<meta property=\"og:url\" content=\"https:\/\/www2.palagina.eu\/fr\/calculatrice-g-tot\/\" \/>\n<meta property=\"og:site_name\" content=\"PALAGINA\" \/>\n<meta property=\"article:publisher\" content=\"https:\/\/www.facebook.com\/palaginazanzariere\/\" \/>\n<meta property=\"article:modified_time\" content=\"2020-01-13T08:53:52+00:00\" \/>\n<meta property=\"og:image\" content=\"https:\/\/www2.palagina.eu\/wp-content\/uploads\/2019\/02\/G-tot_2.jpg\" \/>\n\t<meta property=\"og:image:width\" content=\"250\" \/>\n\t<meta property=\"og:image:height\" content=\"250\" \/>\n\t<meta property=\"og:image:type\" content=\"image\/jpeg\" \/>\n<meta name=\"twitter:card\" content=\"summary_large_image\" \/>\n<meta name=\"twitter:label1\" content=\"Dur\u00e9e de lecture estim\u00e9e\" \/>\n\t<meta name=\"twitter:data1\" content=\"1 minute\" \/>\n<script type=\"application\/ld+json\" class=\"yoast-schema-graph\">{\"@context\":\"https:\/\/schema.org\",\"@graph\":[{\"@type\":\"WebPage\",\"@id\":\"https:\/\/www2.palagina.eu\/fr\/calculatrice-g-tot\/\",\"url\":\"https:\/\/www2.palagina.eu\/fr\/calculatrice-g-tot\/\",\"name\":\"Calculatrice G TOT\",\"isPartOf\":{\"@id\":\"https:\/\/www2.palagina.eu\/#website\"},\"datePublished\":\"2019-05-08T19:02:49+00:00\",\"dateModified\":\"2020-01-13T08:53:52+00:00\",\"breadcrumb\":{\"@id\":\"https:\/\/www2.palagina.eu\/fr\/calculatrice-g-tot\/#breadcrumb\"},\"inLanguage\":\"fr-FR\",\"potentialAction\":[{\"@type\":\"ReadAction\",\"target\":[\"https:\/\/www2.palagina.eu\/fr\/calculatrice-g-tot\/\"]}]},{\"@type\":\"BreadcrumbList\",\"@id\":\"https:\/\/www2.palagina.eu\/fr\/calculatrice-g-tot\/#breadcrumb\",\"itemListElement\":[{\"@type\":\"ListItem\",\"position\":1,\"name\":\"Home\",\"item\":\"https:\/\/www2.palagina.eu\/fr\/\"},{\"@type\":\"ListItem\",\"position\":2,\"name\":\"Calculatrice G TOT\"}]},{\"@type\":\"WebSite\",\"@id\":\"https:\/\/www2.palagina.eu\/#website\",\"url\":\"https:\/\/www2.palagina.eu\/\",\"name\":\"PALAGINA\",\"description\":\"Il modo migliore di proteggersi\",\"publisher\":{\"@id\":\"https:\/\/www2.palagina.eu\/#organization\"},\"potentialAction\":[{\"@type\":\"SearchAction\",\"target\":{\"@type\":\"EntryPoint\",\"urlTemplate\":\"https:\/\/www2.palagina.eu\/?s={search_term_string}\"},\"query-input\":\"required name=search_term_string\"}],\"inLanguage\":\"fr-FR\"},{\"@type\":\"Organization\",\"@id\":\"https:\/\/www2.palagina.eu\/#organization\",\"name\":\"Palagina\",\"url\":\"https:\/\/www2.palagina.eu\/\",\"sameAs\":[\"https:\/\/www.youtube.com\/user\/PALAGINAZANZARIERE\",\"https:\/\/www.facebook.com\/palaginazanzariere\/\"],\"logo\":{\"@type\":\"ImageObject\",\"inLanguage\":\"fr-FR\",\"@id\":\"https:\/\/www2.palagina.eu\/#\/schema\/logo\/image\/\",\"url\":\"https:\/\/www2.palagina.eu\/wp-content\/uploads\/2019\/02\/SimboloMarchio.jpg\",\"contentUrl\":\"https:\/\/www2.palagina.eu\/wp-content\/uploads\/2019\/02\/SimboloMarchio.jpg\",\"width\":1490,\"height\":270,\"caption\":\"Palagina\"},\"image\":{\"@id\":\"https:\/\/www2.palagina.eu\/#\/schema\/logo\/image\/\"}}]}<\/script>\n<!-- \/ Yoast SEO plugin. -->","yoast_head_json":{"title":"Calculatrice G TOT","robots":{"index":"noindex","follow":"follow","max-snippet":"max-snippet:-1","max-image-preview":"max-image-preview:large","max-video-preview":"max-video-preview:-1"},"og_locale":"fr_FR","og_type":"article","og_title":"Calculatrice G TOT","og_description":"La calculatrice &#8220;g tot&#8221; d\u00e9termine rapidement le facteur solaire grace \u00e0 un nombre limit\u00e9 de facteurs (facteur de transmission totale du verre &#8220;g&#8220;, coefficient de transmission thermique du verre &#8220;Ug&#8220;, index de transmission du tissu &#8220;Ts&#8221; et l&#8217;indice d&#8217;absorption des tissus &#8220;As&#8220;). Le champ d&#8217;application de la calculatrice &#8220;g tot &#8221; est celui des installations [&hellip;]","og_url":"https:\/\/www2.palagina.eu\/fr\/calculatrice-g-tot\/","og_site_name":"PALAGINA","article_publisher":"https:\/\/www.facebook.com\/palaginazanzariere\/","article_modified_time":"2020-01-13T08:53:52+00:00","og_image":[{"width":250,"height":250,"url":"https:\/\/www2.palagina.eu\/wp-content\/uploads\/2019\/02\/G-tot_2.jpg","type":"image\/jpeg"}],"twitter_card":"summary_large_image","twitter_misc":{"Dur\u00e9e de lecture estim\u00e9e":"1 minute"},"schema":{"@context":"https:\/\/schema.org","@graph":[{"@type":"WebPage","@id":"https:\/\/www2.palagina.eu\/fr\/calculatrice-g-tot\/","url":"https:\/\/www2.palagina.eu\/fr\/calculatrice-g-tot\/","name":"Calculatrice G TOT","isPartOf":{"@id":"https:\/\/www2.palagina.eu\/#website"},"datePublished":"2019-05-08T19:02:49+00:00","dateModified":"2020-01-13T08:53:52+00:00","breadcrumb":{"@id":"https:\/\/www2.palagina.eu\/fr\/calculatrice-g-tot\/#breadcrumb"},"inLanguage":"fr-FR","potentialAction":[{"@type":"ReadAction","target":["https:\/\/www2.palagina.eu\/fr\/calculatrice-g-tot\/"]}]},{"@type":"BreadcrumbList","@id":"https:\/\/www2.palagina.eu\/fr\/calculatrice-g-tot\/#breadcrumb","itemListElement":[{"@type":"ListItem","position":1,"name":"Home","item":"https:\/\/www2.palagina.eu\/fr\/"},{"@type":"ListItem","position":2,"name":"Calculatrice G TOT"}]},{"@type":"WebSite","@id":"https:\/\/www2.palagina.eu\/#website","url":"https:\/\/www2.palagina.eu\/","name":"PALAGINA","description":"Il modo migliore di proteggersi","publisher":{"@id":"https:\/\/www2.palagina.eu\/#organization"},"potentialAction":[{"@type":"SearchAction","target":{"@type":"EntryPoint","urlTemplate":"https:\/\/www2.palagina.eu\/?s={search_term_string}"},"query-input":"required name=search_term_string"}],"inLanguage":"fr-FR"},{"@type":"Organization","@id":"https:\/\/www2.palagina.eu\/#organization","name":"Palagina","url":"https:\/\/www2.palagina.eu\/","sameAs":["https:\/\/www.youtube.com\/user\/PALAGINAZANZARIERE","https:\/\/www.facebook.com\/palaginazanzariere\/"],"logo":{"@type":"ImageObject","inLanguage":"fr-FR","@id":"https:\/\/www2.palagina.eu\/#\/schema\/logo\/image\/","url":"https:\/\/www2.palagina.eu\/wp-content\/uploads\/2019\/02\/SimboloMarchio.jpg","contentUrl":"https:\/\/www2.palagina.eu\/wp-content\/uploads\/2019\/02\/SimboloMarchio.jpg","width":1490,"height":270,"caption":"Palagina"},"image":{"@id":"https:\/\/www2.palagina.eu\/#\/schema\/logo\/image\/"}}]}},"_links":{"self":[{"href":"https:\/\/www2.palagina.eu\/fr\/wp-json\/wp\/v2\/pages\/18338"}],"collection":[{"href":"https:\/\/www2.palagina.eu\/fr\/wp-json\/wp\/v2\/pages"}],"about":[{"href":"https:\/\/www2.palagina.eu\/fr\/wp-json\/wp\/v2\/types\/page"}],"author":[{"embeddable":true,"href":"https:\/\/www2.palagina.eu\/fr\/wp-json\/wp\/v2\/users\/1867"}],"replies":[{"embeddable":true,"href":"https:\/\/www2.palagina.eu\/fr\/wp-json\/wp\/v2\/comments?post=18338"}],"version-history":[{"count":0,"href":"https:\/\/www2.palagina.eu\/fr\/wp-json\/wp\/v2\/pages\/18338\/revisions"}],"wp:featuredmedia":[{"embeddable":true,"href":"https:\/\/www2.palagina.eu\/fr\/wp-json\/wp\/v2\/media\/8917"}],"wp:attachment":[{"href":"https:\/\/www2.palagina.eu\/fr\/wp-json\/wp\/v2\/media?parent=18338"}],"curies":[{"name":"wp","href":"https:\/\/api.w.org\/{rel}","templated":true}]}}