{"id":18342,"date":"2019-05-08T21:08:34","date_gmt":"2019-05-08T19:08:34","guid":{"rendered":"https:\/\/www2.palagina.eu\/savoir-conseiller-la-moustiquaire-ou-le-store-technique\/"},"modified":"2022-10-17T11:32:48","modified_gmt":"2022-10-17T09:32:48","slug":"savoir-conseiller-la-moustiquaire-ou-le-store-technique","status":"publish","type":"page","link":"https:\/\/www2.palagina.eu\/fr\/savoir-conseiller-la-moustiquaire-ou-le-store-technique\/","title":{"rendered":"Savoir conseiller la moustiquaire ou le store technique adapt\u00e9"},"content":{"rendered":"\n<div class=\"wp-block-media-text alignwide is-stacked-on-mobile\"><figure class=\"wp-block-media-text__media\"><img loading=\"lazy\" width=\"1024\" height=\"1024\" src=\"https:\/\/www2.palagina.eu\/wp-content\/uploads\/2018\/12\/SaperConsigliare-1024x1024.jpg\" alt=\"Giusta zanzariera\" class=\"wp-image-10915 size-full\" srcset=\"https:\/\/www2.palagina.eu\/wp-content\/uploads\/2018\/12\/SaperConsigliare-1024x1024.jpg 1024w, https:\/\/www2.palagina.eu\/wp-content\/uploads\/2018\/12\/SaperConsigliare-768x768.jpg 768w, https:\/\/www2.palagina.eu\/wp-content\/uploads\/2018\/12\/SaperConsigliare-640x640.jpg 640w, https:\/\/www2.palagina.eu\/wp-content\/uploads\/2018\/12\/SaperConsigliare-400x400.jpg 400w, https:\/\/www2.palagina.eu\/wp-content\/uploads\/2018\/12\/SaperConsigliare-450x450.jpg 450w, https:\/\/www2.palagina.eu\/wp-content\/uploads\/2018\/12\/SaperConsigliare-600x600.jpg 600w\" sizes=\"(max-width: 1024px) 100vw, 1024px\" \/><\/figure><div class=\"wp-block-media-text__content\">\n<p>Palagina propose une gamme de produits tr\u00e8s large capable de r\u00e9pondre aux exigences de chaque client final.<\/p>\n\n\n\n<p>Les mod\u00e8les de base comme la<strong> M91&nbsp;Verticale <\/strong>ou la <strong>Lat\u00e9rale avec rail rond<\/strong>&nbsp;sont les produits historiques de la PALAGINA qui sont encore fort demand\u00e9s par de nombreux clients. Toutefois, au cours des 10 derni\u00e8res ann\u00e9es, la gamme s&#8217;est enrichie avec des mod\u00e8les toujours plus performants et plus soign\u00e9s d&#8217;un point de vue esth\u00e9tique.\n\n&nbsp;<\/p>\n\n\n\n<p><strong>La s\u00e9rie R<\/strong>, par exemple, est l&#8217;\u00e9volution des mod\u00e8les de base: Pas de vis visible, un nombre r\u00e9duit de trous, un large choix de syst\u00e8me de d\u00e9verrouillage.<\/p>\n\n\n\n<p>Les nouveaut\u00e9s plus int\u00e9ressantes sont pour les moustiquaires lat\u00e9rales avec des rails inf\u00e9rieurs d&#8217;\u00e9paisseur minimale: Sintesi, Pliss\u00e9e, Rollout.<\/p>\n\n\n\n<p><strong>Sintesi<\/strong>\u00a0est une moustiquaire qui est n\u00e9e suite \u00e0 des ann\u00e9es de recherche et d\u00e9veloppement PALAGINA et est probablement son projet le plus ambitieux. Un syst\u00e8me de chenilles et de toile tendue, solide, facile \u00e0 installer et avec un design\u00a0 recherch\u00e9.<\/p>\n\n\n\n<p>La gamme&nbsp;<strong>Pliss\u00e9e<\/strong> s&#8217;est r\u00e9cemment \u00e9largie avec des mod\u00e8les verticaux, lat\u00e9raux et de diverses \u00e9paisseurs de 13, 17, 22, 24, 31, 38<\/p>\n\n\n\n<p><strong>Rollout<\/strong>&nbsp;est une moustiquaire lat\u00e9rale \u00e0 toile tendue qui a rencontr\u00e9 un grand succ\u00e8s durant ces derni\u00e8res ann\u00e9es.<\/p>\n<\/div><\/div>\n","protected":false},"excerpt":{"rendered":"<p>Palagina propose une gamme de produits tr\u00e8s large capable de r\u00e9pondre aux exigences de chaque client final. Les mod\u00e8les de base comme la M91&nbsp;Verticale ou la Lat\u00e9rale avec rail rond&nbsp;sont les produits historiques de la PALAGINA qui sont encore fort demand\u00e9s par de nombreux clients. Toutefois, au cours des 10 derni\u00e8res ann\u00e9es, la gamme s&#8217;est [&hellip;]<\/p>\n","protected":false},"author":1867,"featured_media":10917,"parent":0,"menu_order":0,"comment_status":"closed","ping_status":"closed","template":"","meta":[],"acf":[],"yoast_head":"<!-- This site is optimized with the Yoast SEO plugin v19.8 - https:\/\/yoast.com\/wordpress\/plugins\/seo\/ -->\n<title>Savoir conseiller la moustiquaire ou le store technique adapt\u00e9 - PALAGINA<\/title>\n<meta name=\"description\" content=\"Palagina a, dans sa gamme de produits, la moustiquaire adapt\u00e9e pour r\u00e9poindre \u00e0 toutes les exigences du client final\" \/>\n<meta name=\"robots\" content=\"noindex, follow, max-snippet:-1, max-image-preview:large, max-video-preview:-1\" \/>\n<meta property=\"og:locale\" content=\"fr_FR\" \/>\n<meta property=\"og:type\" content=\"article\" \/>\n<meta property=\"og:title\" content=\"Savoir conseiller la moustiquaire ou le store technique adapt\u00e9 - PALAGINA\" \/>\n<meta property=\"og:description\" content=\"Palagina a, dans sa gamme de produits, la moustiquaire adapt\u00e9e pour r\u00e9poindre \u00e0 toutes les exigences du client final\" \/>\n<meta property=\"og:url\" content=\"https:\/\/www2.palagina.eu\/fr\/savoir-conseiller-la-moustiquaire-ou-le-store-technique\/\" \/>\n<meta property=\"og:site_name\" content=\"PALAGINA\" \/>\n<meta property=\"article:publisher\" content=\"https:\/\/www.facebook.com\/palaginazanzariere\/\" \/>\n<meta property=\"article:modified_time\" content=\"2022-10-17T09:32:48+00:00\" \/>\n<meta property=\"og:image\" content=\"https:\/\/www2.palagina.eu\/wp-content\/uploads\/2018\/12\/SaperConsigliare.jpg\" \/>\n\t<meta property=\"og:image:width\" content=\"1200\" \/>\n\t<meta property=\"og:image:height\" content=\"1200\" \/>\n\t<meta property=\"og:image:type\" content=\"image\/jpeg\" \/>\n<meta name=\"twitter:card\" content=\"summary_large_image\" \/>\n<meta name=\"twitter:label1\" content=\"Dur\u00e9e de lecture estim\u00e9e\" \/>\n\t<meta name=\"twitter:data1\" content=\"2 minutes\" \/>\n<script type=\"application\/ld+json\" class=\"yoast-schema-graph\">{\"@context\":\"https:\/\/schema.org\",\"@graph\":[{\"@type\":\"WebPage\",\"@id\":\"https:\/\/www2.palagina.eu\/fr\/savoir-conseiller-la-moustiquaire-ou-le-store-technique\/\",\"url\":\"https:\/\/www2.palagina.eu\/fr\/savoir-conseiller-la-moustiquaire-ou-le-store-technique\/\",\"name\":\"Savoir conseiller la moustiquaire ou le store technique adapt\u00e9 - PALAGINA\",\"isPartOf\":{\"@id\":\"https:\/\/www2.palagina.eu\/#website\"},\"datePublished\":\"2019-05-08T19:08:34+00:00\",\"dateModified\":\"2022-10-17T09:32:48+00:00\",\"description\":\"Palagina a, dans sa gamme de produits, la moustiquaire adapt\u00e9e pour r\u00e9poindre \u00e0 toutes les exigences du client final\",\"breadcrumb\":{\"@id\":\"https:\/\/www2.palagina.eu\/fr\/savoir-conseiller-la-moustiquaire-ou-le-store-technique\/#breadcrumb\"},\"inLanguage\":\"fr-FR\",\"potentialAction\":[{\"@type\":\"ReadAction\",\"target\":[\"https:\/\/www2.palagina.eu\/fr\/savoir-conseiller-la-moustiquaire-ou-le-store-technique\/\"]}]},{\"@type\":\"BreadcrumbList\",\"@id\":\"https:\/\/www2.palagina.eu\/fr\/savoir-conseiller-la-moustiquaire-ou-le-store-technique\/#breadcrumb\",\"itemListElement\":[{\"@type\":\"ListItem\",\"position\":1,\"name\":\"Home\",\"item\":\"https:\/\/www2.palagina.eu\/fr\/\"},{\"@type\":\"ListItem\",\"position\":2,\"name\":\"Savoir conseiller la moustiquaire ou le store technique adapt\u00e9\"}]},{\"@type\":\"WebSite\",\"@id\":\"https:\/\/www2.palagina.eu\/#website\",\"url\":\"https:\/\/www2.palagina.eu\/\",\"name\":\"PALAGINA\",\"description\":\"Il modo migliore di proteggersi\",\"publisher\":{\"@id\":\"https:\/\/www2.palagina.eu\/#organization\"},\"potentialAction\":[{\"@type\":\"SearchAction\",\"target\":{\"@type\":\"EntryPoint\",\"urlTemplate\":\"https:\/\/www2.palagina.eu\/?s={search_term_string}\"},\"query-input\":\"required name=search_term_string\"}],\"inLanguage\":\"fr-FR\"},{\"@type\":\"Organization\",\"@id\":\"https:\/\/www2.palagina.eu\/#organization\",\"name\":\"Palagina\",\"url\":\"https:\/\/www2.palagina.eu\/\",\"sameAs\":[\"https:\/\/www.youtube.com\/user\/PALAGINAZANZARIERE\",\"https:\/\/www.facebook.com\/palaginazanzariere\/\"],\"logo\":{\"@type\":\"ImageObject\",\"inLanguage\":\"fr-FR\",\"@id\":\"https:\/\/www2.palagina.eu\/#\/schema\/logo\/image\/\",\"url\":\"https:\/\/www2.palagina.eu\/wp-content\/uploads\/2019\/02\/SimboloMarchio.jpg\",\"contentUrl\":\"https:\/\/www2.palagina.eu\/wp-content\/uploads\/2019\/02\/SimboloMarchio.jpg\",\"width\":1490,\"height\":270,\"caption\":\"Palagina\"},\"image\":{\"@id\":\"https:\/\/www2.palagina.eu\/#\/schema\/logo\/image\/\"}}]}<\/script>\n<!-- \/ Yoast SEO plugin. -->","yoast_head_json":{"title":"Savoir conseiller la moustiquaire ou le store technique adapt\u00e9 - PALAGINA","description":"Palagina a, dans sa gamme de produits, la moustiquaire adapt\u00e9e pour r\u00e9poindre \u00e0 toutes les exigences du client final","robots":{"index":"noindex","follow":"follow","max-snippet":"max-snippet:-1","max-image-preview":"max-image-preview:large","max-video-preview":"max-video-preview:-1"},"og_locale":"fr_FR","og_type":"article","og_title":"Savoir conseiller la moustiquaire ou le store technique adapt\u00e9 - PALAGINA","og_description":"Palagina a, dans sa gamme de produits, la moustiquaire adapt\u00e9e pour r\u00e9poindre \u00e0 toutes les exigences du client final","og_url":"https:\/\/www2.palagina.eu\/fr\/savoir-conseiller-la-moustiquaire-ou-le-store-technique\/","og_site_name":"PALAGINA","article_publisher":"https:\/\/www.facebook.com\/palaginazanzariere\/","article_modified_time":"2022-10-17T09:32:48+00:00","og_image":[{"width":1200,"height":1200,"url":"https:\/\/www2.palagina.eu\/wp-content\/uploads\/2018\/12\/SaperConsigliare.jpg","type":"image\/jpeg"}],"twitter_card":"summary_large_image","twitter_misc":{"Dur\u00e9e de lecture estim\u00e9e":"2 minutes"},"schema":{"@context":"https:\/\/schema.org","@graph":[{"@type":"WebPage","@id":"https:\/\/www2.palagina.eu\/fr\/savoir-conseiller-la-moustiquaire-ou-le-store-technique\/","url":"https:\/\/www2.palagina.eu\/fr\/savoir-conseiller-la-moustiquaire-ou-le-store-technique\/","name":"Savoir conseiller la moustiquaire ou le store technique adapt\u00e9 - PALAGINA","isPartOf":{"@id":"https:\/\/www2.palagina.eu\/#website"},"datePublished":"2019-05-08T19:08:34+00:00","dateModified":"2022-10-17T09:32:48+00:00","description":"Palagina a, dans sa gamme de produits, la moustiquaire adapt\u00e9e pour r\u00e9poindre \u00e0 toutes les exigences du client final","breadcrumb":{"@id":"https:\/\/www2.palagina.eu\/fr\/savoir-conseiller-la-moustiquaire-ou-le-store-technique\/#breadcrumb"},"inLanguage":"fr-FR","potentialAction":[{"@type":"ReadAction","target":["https:\/\/www2.palagina.eu\/fr\/savoir-conseiller-la-moustiquaire-ou-le-store-technique\/"]}]},{"@type":"BreadcrumbList","@id":"https:\/\/www2.palagina.eu\/fr\/savoir-conseiller-la-moustiquaire-ou-le-store-technique\/#breadcrumb","itemListElement":[{"@type":"ListItem","position":1,"name":"Home","item":"https:\/\/www2.palagina.eu\/fr\/"},{"@type":"ListItem","position":2,"name":"Savoir conseiller la moustiquaire ou le store technique adapt\u00e9"}]},{"@type":"WebSite","@id":"https:\/\/www2.palagina.eu\/#website","url":"https:\/\/www2.palagina.eu\/","name":"PALAGINA","description":"Il modo migliore di proteggersi","publisher":{"@id":"https:\/\/www2.palagina.eu\/#organization"},"potentialAction":[{"@type":"SearchAction","target":{"@type":"EntryPoint","urlTemplate":"https:\/\/www2.palagina.eu\/?s={search_term_string}"},"query-input":"required name=search_term_string"}],"inLanguage":"fr-FR"},{"@type":"Organization","@id":"https:\/\/www2.palagina.eu\/#organization","name":"Palagina","url":"https:\/\/www2.palagina.eu\/","sameAs":["https:\/\/www.youtube.com\/user\/PALAGINAZANZARIERE","https:\/\/www.facebook.com\/palaginazanzariere\/"],"logo":{"@type":"ImageObject","inLanguage":"fr-FR","@id":"https:\/\/www2.palagina.eu\/#\/schema\/logo\/image\/","url":"https:\/\/www2.palagina.eu\/wp-content\/uploads\/2019\/02\/SimboloMarchio.jpg","contentUrl":"https:\/\/www2.palagina.eu\/wp-content\/uploads\/2019\/02\/SimboloMarchio.jpg","width":1490,"height":270,"caption":"Palagina"},"image":{"@id":"https:\/\/www2.palagina.eu\/#\/schema\/logo\/image\/"}}]}},"_links":{"self":[{"href":"https:\/\/www2.palagina.eu\/fr\/wp-json\/wp\/v2\/pages\/18342"}],"collection":[{"href":"https:\/\/www2.palagina.eu\/fr\/wp-json\/wp\/v2\/pages"}],"about":[{"href":"https:\/\/www2.palagina.eu\/fr\/wp-json\/wp\/v2\/types\/page"}],"author":[{"embeddable":true,"href":"https:\/\/www2.palagina.eu\/fr\/wp-json\/wp\/v2\/users\/1867"}],"replies":[{"embeddable":true,"href":"https:\/\/www2.palagina.eu\/fr\/wp-json\/wp\/v2\/comments?post=18342"}],"version-history":[{"count":2,"href":"https:\/\/www2.palagina.eu\/fr\/wp-json\/wp\/v2\/pages\/18342\/revisions"}],"predecessor-version":[{"id":78073,"href":"https:\/\/www2.palagina.eu\/fr\/wp-json\/wp\/v2\/pages\/18342\/revisions\/78073"}],"wp:featuredmedia":[{"embeddable":true,"href":"https:\/\/www2.palagina.eu\/fr\/wp-json\/wp\/v2\/media\/10917"}],"wp:attachment":[{"href":"https:\/\/www2.palagina.eu\/fr\/wp-json\/wp\/v2\/media?parent=18342"}],"curies":[{"name":"wp","href":"https:\/\/api.w.org\/{rel}","templated":true}]}}