{"id":74075,"date":"2022-07-21T15:47:11","date_gmt":"2022-07-21T13:47:11","guid":{"rendered":"https:\/\/www2.palagina.eu\/?page_id=74075"},"modified":"2022-07-21T15:47:13","modified_gmt":"2022-07-21T13:47:13","slug":"conditions-generales-de-vente","status":"publish","type":"page","link":"https:\/\/www2.palagina.eu\/fr\/societe\/conditions-generales-de-vente\/","title":{"rendered":"CONDITIONS G\u00c9N\u00c9RALES DE VENTE"},"content":{"rendered":"\n<p>Les conditions g\u00e9n\u00e9rales font partie int\u00e9grante de nos ventes. Elles s\u2019appliquent \u00e0 tous les achats de produits PALAGINA SRL.<\/p>\n\n\n\n<ol><li>CONCLUSION DU CONTRAT<br>Le contrat de vente s\u2019entend conclus au moment de la confirmation de la commande de la part de PALAGINA SRL. Les commandes s\u2019entendent toujours prises sauf disponibilit\u00e9: PALAGINA SRL ne r\u00e9pond pas d\u2019une non disponibilit\u00e9 temporaire ou d\u00e9finitive du Produit. Dans le cas o\u00f9 la commande ne pourrait \u00eatre effectu\u00e9e dans sa totalit\u00e9 pour quelque raison que ce soit, la commande s\u2019entendra r\u00e9duite \u00e0 la partie qui pourra \u00eatre fournie.<\/li><li>PRIX DES PRODUITS ET PAIEMENTS<br>Les prix indiqu\u00e9s dans la pr\u00e9sente liste s\u2019entendent calcul\u00e9s sans la TVA en vigueur sur tous les produits, sauf indication contraire.<br>Les paiements doivent \u00eatre effectu\u00e9s aupr\u00e8s de l\u2019adresse de notre si\u00e8ge de Fucecchio (FI) dans les d\u00e9lais indiqu\u00e9s sur la facture. Les frais bancaires sont \u00e0 la charge de l\u2019acqu\u00e9reur. Les arrondissements sur le montant de la facture ne seront pas accept\u00e9s. Les ch\u00e8ques \u00e9ventuels, effets \u00e0 payer et\/ou cessions de cr\u00e9dit, si accept\u00e9s par le Vendeur, s\u2019entendront dans tous les cas sous r\u00e9serve de bonne fin et ne constituent jamais une novation dans le rapport contractuel.<br>Les parties s\u2019accordent sur le fait qu\u2019aucune contestation, exception ou action ne pourra permettre \u00e0 l\u2019Acqu\u00e9reur de suspendre le paiement d\u00fb.<br>Tout paiement en retard comportera l\u2019ajout de frais et d\u2019int\u00e9r\u00eats moratoires et la possibilit\u00e9 de suspendre la livraison d\u2019\u00e9ventuelles ult\u00e9rieures marchandises command\u00e9es, m\u00eame correspondant \u00e0 une autre commande. La suspension de la livraison des produits et la r\u00e9solution des ventes ne donnera aucunement le droit \u00e0 l\u2019Acqu\u00e9reur de r\u00e9clamer un quelconque d\u00e9dommagement.<\/li><li>R\u00c9SERVE DE PROPRI\u00c9T\u00c9<br>La propri\u00e9t\u00e9 de la marchandise reste celle de PALAGINA SRL tant que la facture ne sera pas enti\u00e8rement r\u00e9gl\u00e9e et dans le cas o\u00f9 la marchandise serait livr\u00e9e avant le paiement, l\u2019Acqu\u00e9reur devra veiller \u00e0 conserver cette m\u00eame marchandise de mani\u00e8re opportune et avec soin. Dans le cas de non paiement sous un d\u00e9lai de plus de 60 jours \u00e0 compter de la date indiqu\u00e9e sur la facture, PALAGINA SRL aura le droit de proc\u00e9der \u00e0 une demande de restitution de la marchandise livr\u00e9e, m\u00eame en l\u2019absence de proc\u00e9dure judiciaire sp\u00e9cifique, et l\u2019Acqu\u00e9reur sera dans l\u2019obligation de restituer la marchandise demand\u00e9e.<\/li><li>D\u00c9LAIS ET MODALIT\u00c9S DE LIVRAISON<br>Les d\u00e9lais de livraison indiqu\u00e9s sur la commande seront consid\u00e9r\u00e9s purement indicatifs. Ils ne sont pas essentiels conform\u00e9ment \u00e0 l\u2019art. 1457 du Code Civil et , dans tous les cas, ne comprennent pas les temps de transport. L\u2019Acqu\u00e9reur renonce d\u00e8s \u00e0 pr\u00e9sent \u00e0 demander la r\u00e9solution, m\u00eame partielle, du contrat ou un \u00e9ventuel d\u00e9dommagement en cas de livraison au-del\u00e0 de la p\u00e9riode indiqu\u00e9e sur la commande. L\u2019obligation de livraison de la marchandise sera consid\u00e9r\u00e9e accomplie au moment de la livraison au transporteur.<\/li><li>TRANSPORT ET MONTAGE<br>La marchandise est transport\u00e9e aux risques et p\u00e9rils du client, il ne sera donc pas possible d\u2019effectuer la substitution des colis endommag\u00e9s ou perdus pendant le transport.<br>Toute action en vue de recours ou d\u2019indemnisation pour le dommage subi en cas d\u2019avaries, de p\u00e9nuries ou autres devra \u00eatre exerc\u00e9e \u00e0 l\u2019encontre du transporteur.<br>La marchandise, livr\u00e9e en Italie, est transport\u00e9e en port d\u00fb avec d\u00e9bit sur facture.<\/li><li>MODIFICATIONS ET TOL\u00c9RANCES<br>PALAGINA SRL a la facult\u00e9 d\u2019apporter des modifications techniques, esth\u00e9tiques, de finition ou fonctionnelles aux produits pr\u00e9sents dans le catalogue ou dans la liste de prix sans obligation de pr\u00e9avis. Les photos, les caract\u00e9ristiques et les indications des produits report\u00e9s dans les catalogues ou sur la liste de prix doivent \u00eatre consid\u00e9r\u00e9s comme purement indicatifs.<br>Les variations \u00e9ventuelles dans la tonalit\u00e9 des couleurs et des finitions des produits command\u00e9s font partie des caract\u00e9ristiques normales des mat\u00e9riaux utilis\u00e9s. Les lots de marchandises peuvent subir des variations de tonalit\u00e9 de l\u2019un \u00e0 l\u2019autre.<\/li><li>GARANTIE<br>L\u2019acheteur est tenu de v\u00e9rifier l\u2019int\u00e9grit\u00e9 du produit et le nombre exact de<br>colis au moment de la livraison, en communiquant avec le transporteur ou directement au vendeur tout diff\u00e9rend. Par la signature du document de livraison ou le paiement du solde, il reconnait l\u2019int\u00e9grit\u00e9 de la livraison.<br>Les plaintes pour vices et d\u00e9fauts du produit doivent \u00eatre transmises par \u00e9crit \u00e0 PALAGINA SRL dans les 8 jours \u00e0 compter de la r\u00e9ception des marchandises ou de la d\u00e9couverte du d\u00e9faut. La garantie, lorsqu\u2019elle est correctement exerc\u00e9e, est limit\u00e9e au seul droit d\u2019obtenir la r\u00e9paration et\/ou le remplacement des parties endommag\u00e9es ou<br>d\u00e9fectueuses \u00e0 l\u2019exclusion de toute forme d\u2019indemnisation pour les dommages directs ou indirects ou la possibilit\u00e9 de demander la r\u00e9siliation du contrat ou une r\u00e9duction de prix. PALAGINA SRL proc\u00e9dera \u00e0 la r\u00e9paration ou au remplacement des marchandises \u00e0 sa discr\u00e9tion. Dans les relations avec le consommateur final, est exclu le droit de recours du revendeur en vertu de l\u2019art. 131 Dls. 6 septembre 2005 n. 206.<\/li><\/ol>\n\n\n\n<p>7.1 GARANTIES SYST\u00c8MES AVEC ACTIONNEMENT \u00c0 MOTEUR<br>Les pr\u00e9sentes conditions s\u2019appliquent uniquement aux Produits report\u00e9s ci-dessous. Pour tous les autres produits les r\u00e8gles g\u00e9n\u00e9rales qui seront appliqu\u00e9es sont celles pr\u00e9vues par le code civil (articles 1490 et suivants) et l\u2019on s\u2019y r\u00e9f\u00e9rera int\u00e9gralement.<br>PRODUITS ET D\u00c9LAIS<br>Automatismes 5 ANS<br>Syst\u00e8mes \u00e0 moteur 230Vac 5 ANS<br>Syst\u00e8mes \u00e0 moteur 24Vdc 5 ANS<\/p>\n\n\n\n<ol><li>La garantie couvre les d\u00e9fauts de construction du produit pour la p\u00e9riode indiqu\u00e9e ci-dessus \u00e0 compter de la livraison de la marchandise.<\/li><li>Les r\u00e9parations ou substitutions sous garantie sont effectu\u00e9es exclusivement au si\u00e8ge de Fucecchio (FI).<\/li><li>En cas de d\u00e9fauts v\u00e9rifi\u00e9s par PALAGINA SRL pendant la p\u00e9riode de garantie, cette derni\u00e8re effectuera librement la r\u00e9paration ou la substitution des produits reconnus d\u00e9fectueux, sans autres types de frais et sans possibilit\u00e9 de demande de r\u00e9solution du contrat et\/ou demande de d\u00e9dommagement.<\/li><li>La garantie couvre les produits PALAGINA SRL et non le projet dans lequel ils sont \u00e9ventuellement ins\u00e9r\u00e9s.<\/li><li>En aucun cas PALAGINA SRL ne sera retenue responsable pour les dommages directs ou indirects \u00e0 des tiers pour des causes non imputables \u00e0 cette derni\u00e8re.<\/li><\/ol>\n\n\n\n<p>ANNULATION DE LA GARANTIE<br>La garantie s\u2019annule automatiquement en cas de:<br>7.1.1 D\u00e9fauts non pr\u00e9sents au moment de la livraison du bien<br>7.1.2 D\u00e9fauts r\u00e9sultant d\u2019un mauvais assemblage, raccordement et\/ou pose de la part du client ou de tiers<br>7.1.3 Non utilisation de nos instructions<br>7.1.4 Apport de modifications \u00e9lectriques et m\u00e9caniques non autoris\u00e9es<br>7.1.5 Usage impropre des produits ou non observation des instructions d\u2019utilisation et d\u2019entretien des produits<br>7.1.6 Dommages survenus durant le transport<br>7.1.7 Utilisation d\u2019appareillages raccord\u00e9s non d\u00e9sign\u00e9s pour l\u2019usage du produit<br>7.1.8 Installation et maintenance de la part de personnel non sp\u00e9cialis\u00e9<br>7.1.9 Modification des produits ou des pi\u00e8ces de rechange sans accord \u00e9crit pr\u00e9alable<br>L\u2019achat des produits Automatismes et des syst\u00e8mes \u00e0 moteur implique l\u2019acceptation des conditions de garantie.<\/p>\n\n\n\n<ol start=\"8\"><li>EMBALLAGE<br>L\u2019emballage est gratuit dans les cas d\u2019emballage standard et payant selon le type de r\u00e9alisation pour les emballages sp\u00e9ciaux. Le co\u00fbt \u00e9ventuel sera sp\u00e9cifi\u00e9 lors de la conclusion du contrat.<\/li><li>RESTITUTION DE MARCHANDISE<br>Les restitutions de marchandise ne sont pas accept\u00e9es sauf si celles-ci ont \u00e9t\u00e9 pr\u00e9alablement autoris\u00e9es par \u00e9crit de la part de notre Si\u00e8ge.<\/li><li>MONTAGE ET INSTALLATION<br>PALAGINA SRL sera exon\u00e9r\u00e9e de toute responsabilit\u00e9 pour le montage et l\u2019installation de la marchandise \u00e9ventuellement fournie au consommateur final par nos revendeurs.<\/li><li>ANNULATION DES COMMANDES<br>Les annulations de commandes ne sont pas accept\u00e9es sauf celles parvenues par \u00e9crit et transmises sous 24 heures \u00e0 compter de l\u2019envoi des commandes en question \u00e0 PALAGINA SRL.<\/li><li>R\u00c9CLAMATIONS<br>Les r\u00e9clamations de quelque type que ce soit ne sont pas accept\u00e9es sauf celles parvenues par \u00e9crit sous un d\u00e9lai de 8 jours \u00e0 compter de la r\u00e9ception de la marchandise.<\/li><li>DROITS DE PROPRI\u00c9T\u00c9 INTELLECTUELLE<br>PALAGINA SRL est la titulaire exclusive des droits de propri\u00e9t\u00e9 intellectuelle et industrielle. Le client s\u2019engage \u00e0 ne commettre aucun acte incompatible avec la titularit\u00e9 de ce droit. La reproduction, m\u00eame partielle, est notamment interdite, y compris sous forme publicitaire, concernant les textes et les dessins pr\u00e9sents dans le site Internet, les catalogues et les listes de prix, sans l\u2019autorisation \u00e9crite pr\u00e9alable du vendeur. Les contrevenants seront punis conform\u00e9ment \u00e0 la loi en vigueur.<\/li><li>TRIBUNAL COMP\u00c9TENT<br>Pour tout diff\u00e9rend concernant l\u2019interpr\u00e9tation, l\u2019ex\u00e9cution ou la r\u00e9solution du pr\u00e9sent contrat, le Tribunal comp\u00e9tent est exclusivement celui de Florence.<\/li><\/ol>\n","protected":false},"excerpt":{"rendered":"<p>Les conditions g\u00e9n\u00e9rales font partie int\u00e9grante de nos ventes. Elles s\u2019appliquent \u00e0 tous les achats de produits PALAGINA SRL. CONCLUSION DU CONTRATLe contrat de vente s\u2019entend conclus au moment de la confirmation de la commande de la part de PALAGINA SRL. Les commandes s\u2019entendent toujours prises sauf disponibilit\u00e9: PALAGINA SRL ne r\u00e9pond pas d\u2019une non [&hellip;]<\/p>\n","protected":false},"author":981,"featured_media":0,"parent":11240,"menu_order":0,"comment_status":"closed","ping_status":"closed","template":"","meta":[],"acf":[],"yoast_head":"<!-- This site is optimized with the Yoast SEO plugin v19.8 - https:\/\/yoast.com\/wordpress\/plugins\/seo\/ -->\n<title>CONDITIONS G\u00c9N\u00c9RALES DE VENTE - PALAGINA<\/title>\n<meta name=\"robots\" content=\"noindex, follow, max-snippet:-1, max-image-preview:large, max-video-preview:-1\" \/>\n<meta property=\"og:locale\" content=\"fr_FR\" \/>\n<meta property=\"og:type\" content=\"article\" \/>\n<meta property=\"og:title\" content=\"CONDITIONS G\u00c9N\u00c9RALES DE VENTE - PALAGINA\" \/>\n<meta property=\"og:description\" content=\"Les conditions g\u00e9n\u00e9rales font partie int\u00e9grante de nos ventes. Elles s\u2019appliquent \u00e0 tous les achats de produits PALAGINA SRL. CONCLUSION DU CONTRATLe contrat de vente s\u2019entend conclus au moment de la confirmation de la commande de la part de PALAGINA SRL. Les commandes s\u2019entendent toujours prises sauf disponibilit\u00e9: PALAGINA SRL ne r\u00e9pond pas d\u2019une non [&hellip;]\" \/>\n<meta property=\"og:url\" content=\"https:\/\/www2.palagina.eu\/fr\/societe\/conditions-generales-de-vente\/\" \/>\n<meta property=\"og:site_name\" content=\"PALAGINA\" \/>\n<meta property=\"article:publisher\" content=\"https:\/\/www.facebook.com\/palaginazanzariere\/\" \/>\n<meta property=\"article:modified_time\" content=\"2022-07-21T13:47:13+00:00\" \/>\n<meta name=\"twitter:card\" content=\"summary_large_image\" \/>\n<meta name=\"twitter:label1\" content=\"Dur\u00e9e de lecture estim\u00e9e\" \/>\n\t<meta name=\"twitter:data1\" content=\"8 minutes\" \/>\n<script type=\"application\/ld+json\" class=\"yoast-schema-graph\">{\"@context\":\"https:\/\/schema.org\",\"@graph\":[{\"@type\":\"WebPage\",\"@id\":\"https:\/\/www2.palagina.eu\/fr\/societe\/conditions-generales-de-vente\/\",\"url\":\"https:\/\/www2.palagina.eu\/fr\/societe\/conditions-generales-de-vente\/\",\"name\":\"CONDITIONS G\u00c9N\u00c9RALES DE VENTE - PALAGINA\",\"isPartOf\":{\"@id\":\"https:\/\/www2.palagina.eu\/#website\"},\"datePublished\":\"2022-07-21T13:47:11+00:00\",\"dateModified\":\"2022-07-21T13:47:13+00:00\",\"breadcrumb\":{\"@id\":\"https:\/\/www2.palagina.eu\/fr\/societe\/conditions-generales-de-vente\/#breadcrumb\"},\"inLanguage\":\"fr-FR\",\"potentialAction\":[{\"@type\":\"ReadAction\",\"target\":[\"https:\/\/www2.palagina.eu\/fr\/societe\/conditions-generales-de-vente\/\"]}]},{\"@type\":\"BreadcrumbList\",\"@id\":\"https:\/\/www2.palagina.eu\/fr\/societe\/conditions-generales-de-vente\/#breadcrumb\",\"itemListElement\":[{\"@type\":\"ListItem\",\"position\":1,\"name\":\"Home\",\"item\":\"https:\/\/www2.palagina.eu\/fr\/\"},{\"@type\":\"ListItem\",\"position\":2,\"name\":\"Soci\u00e9t\u00e9\",\"item\":\"https:\/\/www2.palagina.eu\/fr\/societe\/\"},{\"@type\":\"ListItem\",\"position\":3,\"name\":\"CONDITIONS G\u00c9N\u00c9RALES DE VENTE\"}]},{\"@type\":\"WebSite\",\"@id\":\"https:\/\/www2.palagina.eu\/#website\",\"url\":\"https:\/\/www2.palagina.eu\/\",\"name\":\"PALAGINA\",\"description\":\"Il modo migliore di proteggersi\",\"publisher\":{\"@id\":\"https:\/\/www2.palagina.eu\/#organization\"},\"potentialAction\":[{\"@type\":\"SearchAction\",\"target\":{\"@type\":\"EntryPoint\",\"urlTemplate\":\"https:\/\/www2.palagina.eu\/?s={search_term_string}\"},\"query-input\":\"required name=search_term_string\"}],\"inLanguage\":\"fr-FR\"},{\"@type\":\"Organization\",\"@id\":\"https:\/\/www2.palagina.eu\/#organization\",\"name\":\"Palagina\",\"url\":\"https:\/\/www2.palagina.eu\/\",\"sameAs\":[\"https:\/\/www.youtube.com\/user\/PALAGINAZANZARIERE\",\"https:\/\/www.facebook.com\/palaginazanzariere\/\"],\"logo\":{\"@type\":\"ImageObject\",\"inLanguage\":\"fr-FR\",\"@id\":\"https:\/\/www2.palagina.eu\/#\/schema\/logo\/image\/\",\"url\":\"https:\/\/www2.palagina.eu\/wp-content\/uploads\/2019\/02\/SimboloMarchio.jpg\",\"contentUrl\":\"https:\/\/www2.palagina.eu\/wp-content\/uploads\/2019\/02\/SimboloMarchio.jpg\",\"width\":1490,\"height\":270,\"caption\":\"Palagina\"},\"image\":{\"@id\":\"https:\/\/www2.palagina.eu\/#\/schema\/logo\/image\/\"}}]}<\/script>\n<!-- \/ Yoast SEO plugin. -->","yoast_head_json":{"title":"CONDITIONS G\u00c9N\u00c9RALES DE VENTE - PALAGINA","robots":{"index":"noindex","follow":"follow","max-snippet":"max-snippet:-1","max-image-preview":"max-image-preview:large","max-video-preview":"max-video-preview:-1"},"og_locale":"fr_FR","og_type":"article","og_title":"CONDITIONS G\u00c9N\u00c9RALES DE VENTE - PALAGINA","og_description":"Les conditions g\u00e9n\u00e9rales font partie int\u00e9grante de nos ventes. Elles s\u2019appliquent \u00e0 tous les achats de produits PALAGINA SRL. CONCLUSION DU CONTRATLe contrat de vente s\u2019entend conclus au moment de la confirmation de la commande de la part de PALAGINA SRL. Les commandes s\u2019entendent toujours prises sauf disponibilit\u00e9: PALAGINA SRL ne r\u00e9pond pas d\u2019une non [&hellip;]","og_url":"https:\/\/www2.palagina.eu\/fr\/societe\/conditions-generales-de-vente\/","og_site_name":"PALAGINA","article_publisher":"https:\/\/www.facebook.com\/palaginazanzariere\/","article_modified_time":"2022-07-21T13:47:13+00:00","twitter_card":"summary_large_image","twitter_misc":{"Dur\u00e9e de lecture estim\u00e9e":"8 minutes"},"schema":{"@context":"https:\/\/schema.org","@graph":[{"@type":"WebPage","@id":"https:\/\/www2.palagina.eu\/fr\/societe\/conditions-generales-de-vente\/","url":"https:\/\/www2.palagina.eu\/fr\/societe\/conditions-generales-de-vente\/","name":"CONDITIONS G\u00c9N\u00c9RALES DE VENTE - PALAGINA","isPartOf":{"@id":"https:\/\/www2.palagina.eu\/#website"},"datePublished":"2022-07-21T13:47:11+00:00","dateModified":"2022-07-21T13:47:13+00:00","breadcrumb":{"@id":"https:\/\/www2.palagina.eu\/fr\/societe\/conditions-generales-de-vente\/#breadcrumb"},"inLanguage":"fr-FR","potentialAction":[{"@type":"ReadAction","target":["https:\/\/www2.palagina.eu\/fr\/societe\/conditions-generales-de-vente\/"]}]},{"@type":"BreadcrumbList","@id":"https:\/\/www2.palagina.eu\/fr\/societe\/conditions-generales-de-vente\/#breadcrumb","itemListElement":[{"@type":"ListItem","position":1,"name":"Home","item":"https:\/\/www2.palagina.eu\/fr\/"},{"@type":"ListItem","position":2,"name":"Soci\u00e9t\u00e9","item":"https:\/\/www2.palagina.eu\/fr\/societe\/"},{"@type":"ListItem","position":3,"name":"CONDITIONS G\u00c9N\u00c9RALES DE VENTE"}]},{"@type":"WebSite","@id":"https:\/\/www2.palagina.eu\/#website","url":"https:\/\/www2.palagina.eu\/","name":"PALAGINA","description":"Il modo migliore di proteggersi","publisher":{"@id":"https:\/\/www2.palagina.eu\/#organization"},"potentialAction":[{"@type":"SearchAction","target":{"@type":"EntryPoint","urlTemplate":"https:\/\/www2.palagina.eu\/?s={search_term_string}"},"query-input":"required name=search_term_string"}],"inLanguage":"fr-FR"},{"@type":"Organization","@id":"https:\/\/www2.palagina.eu\/#organization","name":"Palagina","url":"https:\/\/www2.palagina.eu\/","sameAs":["https:\/\/www.youtube.com\/user\/PALAGINAZANZARIERE","https:\/\/www.facebook.com\/palaginazanzariere\/"],"logo":{"@type":"ImageObject","inLanguage":"fr-FR","@id":"https:\/\/www2.palagina.eu\/#\/schema\/logo\/image\/","url":"https:\/\/www2.palagina.eu\/wp-content\/uploads\/2019\/02\/SimboloMarchio.jpg","contentUrl":"https:\/\/www2.palagina.eu\/wp-content\/uploads\/2019\/02\/SimboloMarchio.jpg","width":1490,"height":270,"caption":"Palagina"},"image":{"@id":"https:\/\/www2.palagina.eu\/#\/schema\/logo\/image\/"}}]}},"_links":{"self":[{"href":"https:\/\/www2.palagina.eu\/fr\/wp-json\/wp\/v2\/pages\/74075"}],"collection":[{"href":"https:\/\/www2.palagina.eu\/fr\/wp-json\/wp\/v2\/pages"}],"about":[{"href":"https:\/\/www2.palagina.eu\/fr\/wp-json\/wp\/v2\/types\/page"}],"author":[{"embeddable":true,"href":"https:\/\/www2.palagina.eu\/fr\/wp-json\/wp\/v2\/users\/981"}],"replies":[{"embeddable":true,"href":"https:\/\/www2.palagina.eu\/fr\/wp-json\/wp\/v2\/comments?post=74075"}],"version-history":[{"count":1,"href":"https:\/\/www2.palagina.eu\/fr\/wp-json\/wp\/v2\/pages\/74075\/revisions"}],"predecessor-version":[{"id":74080,"href":"https:\/\/www2.palagina.eu\/fr\/wp-json\/wp\/v2\/pages\/74075\/revisions\/74080"}],"up":[{"embeddable":true,"href":"https:\/\/www2.palagina.eu\/fr\/wp-json\/wp\/v2\/pages\/11240"}],"wp:attachment":[{"href":"https:\/\/www2.palagina.eu\/fr\/wp-json\/wp\/v2\/media?parent=74075"}],"curies":[{"name":"wp","href":"https:\/\/api.w.org\/{rel}","templated":true}]}}