{"id":30605,"date":"2020-05-28T00:19:59","date_gmt":"2020-05-27T22:19:59","guid":{"rendered":"https:\/\/www2.palagina.eu\/prodotto\/centrale-rail-au-sol-rond\/"},"modified":"2020-05-28T00:20:08","modified_gmt":"2020-05-27T22:20:08","slug":"centrale-rail-au-sol-rond","status":"publish","type":"product","link":"https:\/\/www2.palagina.eu\/fr\/prodotto\/centrale-rail-au-sol-rond\/","title":{"rendered":"Centrale rail au sol rond"},"content":{"rendered":"","protected":false},"excerpt":{"rendered":"<p>Moustiquaire centrale avec opercules<br \/>\nToile en fibre de verre grise<br \/>\nRail de guidage au sol arrondi, amovible<br \/>\nBarre de manoeuvre Extra Forte avec poign\u00e9e standard externe<br \/>\nCoulisse t\u00e9lescopique<br \/>\nJoint PVC sur coffre, anti-introduction d&#8217;insectes coloris Blanc, Noir, Marron, Bronze  <\/p>\n<hr \/>\n<h5><strong><i class=\"fas fa-inbox\"><\/i> Produits:<\/strong> <\/h5>\n<hr \/>\n<h5><strong><i class=\"fas fa-window-maximize\"><\/i> Id\u00e9ale pour:<\/strong>\u00a0<\/h5>\n<hr \/>\n<h5><strong><i class=\"fas fa-arrows-h\"><\/i> Epaisseur:<\/strong> <\/h5>\n<hr \/>\n<h5><strong><i class=\"fas fa-arrows\"><\/i> D\u00e9placement:<\/strong> <\/h5>\n<hr \/>\n<h5><strong><i class=\"fas fa-compress\"><\/i> Manoeuvre:<\/strong> <\/h5>\n<hr \/>\n<h5><strong><i class=\"fas fa-wrench\"><\/i>\u00a0 Installation:<\/strong> <\/h5>\n<hr \/>\n<h5><strong><i class=\"fas fa-cubes\"><\/i> Technologie:<\/strong> <\/h5>\n<hr \/>\n","protected":false},"featured_media":28553,"template":"","meta":[],"product_cat":[1434],"product_tag":[],"acf":[],"yoast_head":"<!-- This site is optimized with the Yoast SEO plugin v19.8 - https:\/\/yoast.com\/wordpress\/plugins\/seo\/ -->\n<title>Centrale rail au sol rond - PALAGINA<\/title>\n<meta name=\"robots\" content=\"noindex, follow, max-snippet:-1, max-image-preview:large, max-video-preview:-1\" \/>\n<meta property=\"og:locale\" content=\"fr_FR\" \/>\n<meta property=\"og:type\" content=\"article\" \/>\n<meta property=\"og:title\" content=\"Centrale rail au sol rond - PALAGINA\" \/>\n<meta property=\"og:description\" content=\"Moustiquaire centrale avec opercules Toile en fibre de verre grise Rail de guidage au sol arrondi, amovible Barre de manoeuvre Extra Forte avec poign\u00e9e standard externe Coulisse t\u00e9lescopique Joint PVC sur coffre, anti-introduction d&#039;insectes coloris Blanc, Noir, Marron, Bronze   Produits:   Id\u00e9ale pour:\u00a0   Epaisseur:   D\u00e9placement:   Manoeuvre:   \u00a0 Installation:   Technologie:\" \/>\n<meta property=\"og:url\" content=\"https:\/\/www2.palagina.eu\/fr\/prodotto\/centrale-rail-au-sol-rond\/\" \/>\n<meta property=\"og:site_name\" content=\"PALAGINA\" \/>\n<meta property=\"article:publisher\" content=\"https:\/\/www.facebook.com\/palaginazanzariere\/\" \/>\n<meta property=\"article:modified_time\" content=\"2020-05-27T22:20:08+00:00\" \/>\n<meta property=\"og:image\" content=\"https:\/\/www2.palagina.eu\/wp-content\/uploads\/2020\/05\/CENTRALE_GUIDA_TONDA.jpg\" \/>\n\t<meta property=\"og:image:width\" content=\"1125\" \/>\n\t<meta property=\"og:image:height\" content=\"1500\" \/>\n\t<meta property=\"og:image:type\" content=\"image\/jpeg\" \/>\n<meta name=\"twitter:card\" content=\"summary_large_image\" \/>\n<script type=\"application\/ld+json\" class=\"yoast-schema-graph\">{\"@context\":\"https:\/\/schema.org\",\"@graph\":[{\"@type\":\"WebPage\",\"@id\":\"https:\/\/www2.palagina.eu\/fr\/prodotto\/centrale-rail-au-sol-rond\/\",\"url\":\"https:\/\/www2.palagina.eu\/fr\/prodotto\/centrale-rail-au-sol-rond\/\",\"name\":\"Centrale rail au sol rond - PALAGINA\",\"isPartOf\":{\"@id\":\"https:\/\/www2.palagina.eu\/#website\"},\"datePublished\":\"2020-05-27T22:19:59+00:00\",\"dateModified\":\"2020-05-27T22:20:08+00:00\",\"breadcrumb\":{\"@id\":\"https:\/\/www2.palagina.eu\/fr\/prodotto\/centrale-rail-au-sol-rond\/#breadcrumb\"},\"inLanguage\":\"fr-FR\",\"potentialAction\":[{\"@type\":\"ReadAction\",\"target\":[\"https:\/\/www2.palagina.eu\/fr\/prodotto\/centrale-rail-au-sol-rond\/\"]}]},{\"@type\":\"BreadcrumbList\",\"@id\":\"https:\/\/www2.palagina.eu\/fr\/prodotto\/centrale-rail-au-sol-rond\/#breadcrumb\",\"itemListElement\":[{\"@type\":\"ListItem\",\"position\":1,\"name\":\"Home\",\"item\":\"https:\/\/www2.palagina.eu\/fr\/\"},{\"@type\":\"ListItem\",\"position\":2,\"name\":\"Catalogo\",\"item\":\"https:\/\/www2.palagina.eu\/catalogo\/\"},{\"@type\":\"ListItem\",\"position\":3,\"name\":\"Centrale rail au sol rond\"}]},{\"@type\":\"WebSite\",\"@id\":\"https:\/\/www2.palagina.eu\/#website\",\"url\":\"https:\/\/www2.palagina.eu\/\",\"name\":\"PALAGINA\",\"description\":\"Il modo migliore di proteggersi\",\"publisher\":{\"@id\":\"https:\/\/www2.palagina.eu\/#organization\"},\"potentialAction\":[{\"@type\":\"SearchAction\",\"target\":{\"@type\":\"EntryPoint\",\"urlTemplate\":\"https:\/\/www2.palagina.eu\/?s={search_term_string}\"},\"query-input\":\"required name=search_term_string\"}],\"inLanguage\":\"fr-FR\"},{\"@type\":\"Organization\",\"@id\":\"https:\/\/www2.palagina.eu\/#organization\",\"name\":\"Palagina\",\"url\":\"https:\/\/www2.palagina.eu\/\",\"sameAs\":[\"https:\/\/www.youtube.com\/user\/PALAGINAZANZARIERE\",\"https:\/\/www.facebook.com\/palaginazanzariere\/\"],\"logo\":{\"@type\":\"ImageObject\",\"inLanguage\":\"fr-FR\",\"@id\":\"https:\/\/www2.palagina.eu\/#\/schema\/logo\/image\/\",\"url\":\"https:\/\/www2.palagina.eu\/wp-content\/uploads\/2019\/02\/SimboloMarchio.jpg\",\"contentUrl\":\"https:\/\/www2.palagina.eu\/wp-content\/uploads\/2019\/02\/SimboloMarchio.jpg\",\"width\":1490,\"height\":270,\"caption\":\"Palagina\"},\"image\":{\"@id\":\"https:\/\/www2.palagina.eu\/#\/schema\/logo\/image\/\"}}]}<\/script>\n<!-- \/ Yoast SEO plugin. -->","yoast_head_json":{"title":"Centrale rail au sol rond - PALAGINA","robots":{"index":"noindex","follow":"follow","max-snippet":"max-snippet:-1","max-image-preview":"max-image-preview:large","max-video-preview":"max-video-preview:-1"},"og_locale":"fr_FR","og_type":"article","og_title":"Centrale rail au sol rond - PALAGINA","og_description":"Moustiquaire centrale avec opercules Toile en fibre de verre grise Rail de guidage au sol arrondi, amovible Barre de manoeuvre Extra Forte avec poign\u00e9e standard externe Coulisse t\u00e9lescopique Joint PVC sur coffre, anti-introduction d'insectes coloris Blanc, Noir, Marron, Bronze   Produits:   Id\u00e9ale pour:\u00a0   Epaisseur:   D\u00e9placement:   Manoeuvre:   \u00a0 Installation:   Technologie:","og_url":"https:\/\/www2.palagina.eu\/fr\/prodotto\/centrale-rail-au-sol-rond\/","og_site_name":"PALAGINA","article_publisher":"https:\/\/www.facebook.com\/palaginazanzariere\/","article_modified_time":"2020-05-27T22:20:08+00:00","og_image":[{"width":1125,"height":1500,"url":"https:\/\/www2.palagina.eu\/wp-content\/uploads\/2020\/05\/CENTRALE_GUIDA_TONDA.jpg","type":"image\/jpeg"}],"twitter_card":"summary_large_image","schema":{"@context":"https:\/\/schema.org","@graph":[{"@type":"WebPage","@id":"https:\/\/www2.palagina.eu\/fr\/prodotto\/centrale-rail-au-sol-rond\/","url":"https:\/\/www2.palagina.eu\/fr\/prodotto\/centrale-rail-au-sol-rond\/","name":"Centrale rail au sol rond - PALAGINA","isPartOf":{"@id":"https:\/\/www2.palagina.eu\/#website"},"datePublished":"2020-05-27T22:19:59+00:00","dateModified":"2020-05-27T22:20:08+00:00","breadcrumb":{"@id":"https:\/\/www2.palagina.eu\/fr\/prodotto\/centrale-rail-au-sol-rond\/#breadcrumb"},"inLanguage":"fr-FR","potentialAction":[{"@type":"ReadAction","target":["https:\/\/www2.palagina.eu\/fr\/prodotto\/centrale-rail-au-sol-rond\/"]}]},{"@type":"BreadcrumbList","@id":"https:\/\/www2.palagina.eu\/fr\/prodotto\/centrale-rail-au-sol-rond\/#breadcrumb","itemListElement":[{"@type":"ListItem","position":1,"name":"Home","item":"https:\/\/www2.palagina.eu\/fr\/"},{"@type":"ListItem","position":2,"name":"Catalogo","item":"https:\/\/www2.palagina.eu\/catalogo\/"},{"@type":"ListItem","position":3,"name":"Centrale rail au sol rond"}]},{"@type":"WebSite","@id":"https:\/\/www2.palagina.eu\/#website","url":"https:\/\/www2.palagina.eu\/","name":"PALAGINA","description":"Il modo migliore di proteggersi","publisher":{"@id":"https:\/\/www2.palagina.eu\/#organization"},"potentialAction":[{"@type":"SearchAction","target":{"@type":"EntryPoint","urlTemplate":"https:\/\/www2.palagina.eu\/?s={search_term_string}"},"query-input":"required name=search_term_string"}],"inLanguage":"fr-FR"},{"@type":"Organization","@id":"https:\/\/www2.palagina.eu\/#organization","name":"Palagina","url":"https:\/\/www2.palagina.eu\/","sameAs":["https:\/\/www.youtube.com\/user\/PALAGINAZANZARIERE","https:\/\/www.facebook.com\/palaginazanzariere\/"],"logo":{"@type":"ImageObject","inLanguage":"fr-FR","@id":"https:\/\/www2.palagina.eu\/#\/schema\/logo\/image\/","url":"https:\/\/www2.palagina.eu\/wp-content\/uploads\/2019\/02\/SimboloMarchio.jpg","contentUrl":"https:\/\/www2.palagina.eu\/wp-content\/uploads\/2019\/02\/SimboloMarchio.jpg","width":1490,"height":270,"caption":"Palagina"},"image":{"@id":"https:\/\/www2.palagina.eu\/#\/schema\/logo\/image\/"}}]}},"_links":{"self":[{"href":"https:\/\/www2.palagina.eu\/fr\/wp-json\/wp\/v2\/product\/30605"}],"collection":[{"href":"https:\/\/www2.palagina.eu\/fr\/wp-json\/wp\/v2\/product"}],"about":[{"href":"https:\/\/www2.palagina.eu\/fr\/wp-json\/wp\/v2\/types\/product"}],"wp:featuredmedia":[{"embeddable":true,"href":"https:\/\/www2.palagina.eu\/fr\/wp-json\/wp\/v2\/media\/28553"}],"wp:attachment":[{"href":"https:\/\/www2.palagina.eu\/fr\/wp-json\/wp\/v2\/media?parent=30605"}],"wp:term":[{"taxonomy":"product_cat","embeddable":true,"href":"https:\/\/www2.palagina.eu\/fr\/wp-json\/wp\/v2\/product_cat?post=30605"},{"taxonomy":"product_tag","embeddable":true,"href":"https:\/\/www2.palagina.eu\/fr\/wp-json\/wp\/v2\/product_tag?post=30605"}],"curies":[{"name":"wp","href":"https:\/\/api.w.org\/{rel}","templated":true}]}}