{"id":30666,"date":"2020-05-28T00:21:05","date_gmt":"2020-05-27T22:21:05","guid":{"rendered":"https:\/\/www2.palagina.eu\/prodotto\/sintesi-centrale-2\/"},"modified":"2020-05-28T00:21:12","modified_gmt":"2020-05-27T22:21:12","slug":"sintesi-centrale-2","status":"publish","type":"product","link":"https:\/\/www2.palagina.eu\/fr\/prodotto\/sintesi-centrale-2\/","title":{"rendered":"Sintesi centrale"},"content":{"rendered":"","protected":false},"excerpt":{"rendered":"<p>Moustiquaire lat\u00e9rale avec toile tendue<br \/>\nToile HC Haut Contraste coloris noir en fibre de verre<br \/>\nMontage facile<br \/>\nRessort de retour de la toile r\u00e9glable en externe<br \/>\ncl\u00e9 de blocage chenille en partie haute et de r\u00e9glage du ressortd\u2019\u00e9paisseur<br \/>\nCl\u00e9 de blocage de la chenille en partie haute et de r\u00e9glage du ressort de rappel  <\/p>\n<hr \/>\n<h5><strong><i class=\"fas fa-inbox\"><\/i> Produits:<\/strong> <\/h5>\n<hr \/>\n<h5><strong><i class=\"fas fa-window-maximize\"><\/i> Id\u00e9ale pour:<\/strong>\u00a0<\/h5>\n<hr \/>\n<h5><strong><i class=\"fas fa-arrows-h\"><\/i> Epaisseur:<\/strong> <\/h5>\n<hr \/>\n<h5><strong><i class=\"fas fa-arrows\"><\/i> D\u00e9placement:<\/strong> <\/h5>\n<hr \/>\n<h5><strong><i class=\"fas fa-compress\"><\/i> Manoeuvre:<\/strong> <\/h5>\n<hr \/>\n<h5><strong><i class=\"fas fa-wrench\"><\/i>\u00a0 Installation:<\/strong> <\/h5>\n<hr \/>\n<h5><strong><i class=\"fas fa-cubes\"><\/i> Technologie:<\/strong> <\/h5>\n<hr \/>\n","protected":false},"featured_media":28837,"template":"","meta":[],"product_cat":[],"product_tag":[],"acf":[],"yoast_head":"<!-- This site is optimized with the Yoast SEO plugin v19.8 - https:\/\/yoast.com\/wordpress\/plugins\/seo\/ -->\n<title>Sintesi centrale - PALAGINA<\/title>\n<meta name=\"robots\" content=\"noindex, follow, max-snippet:-1, max-image-preview:large, max-video-preview:-1\" \/>\n<meta property=\"og:locale\" content=\"fr_FR\" \/>\n<meta property=\"og:type\" content=\"article\" \/>\n<meta property=\"og:title\" content=\"Sintesi centrale - PALAGINA\" \/>\n<meta property=\"og:description\" content=\"Moustiquaire lat\u00e9rale avec toile tendue Toile HC Haut Contraste coloris noir en fibre de verre Montage facile Ressort de retour de la toile r\u00e9glable en externe cl\u00e9 de blocage chenille en partie haute et de r\u00e9glage du ressortd\u2019\u00e9paisseur Cl\u00e9 de blocage de la chenille en partie haute et de r\u00e9glage du ressort de rappel   Produits:   Id\u00e9ale pour:\u00a0   Epaisseur:   D\u00e9placement:   Manoeuvre:   \u00a0 Installation:   Technologie:\" \/>\n<meta property=\"og:url\" content=\"https:\/\/www2.palagina.eu\/fr\/prodotto\/sintesi-centrale-2\/\" \/>\n<meta property=\"og:site_name\" content=\"PALAGINA\" \/>\n<meta property=\"article:publisher\" content=\"https:\/\/www.facebook.com\/palaginazanzariere\/\" \/>\n<meta property=\"article:modified_time\" content=\"2020-05-27T22:21:12+00:00\" \/>\n<meta property=\"og:image\" content=\"https:\/\/www2.palagina.eu\/wp-content\/uploads\/2020\/05\/SINTESI_CENTRALE_INCASSO.jpg\" \/>\n\t<meta property=\"og:image:width\" content=\"1125\" \/>\n\t<meta property=\"og:image:height\" content=\"1500\" \/>\n\t<meta property=\"og:image:type\" content=\"image\/jpeg\" \/>\n<meta name=\"twitter:card\" content=\"summary_large_image\" \/>\n<script type=\"application\/ld+json\" class=\"yoast-schema-graph\">{\"@context\":\"https:\/\/schema.org\",\"@graph\":[{\"@type\":\"WebPage\",\"@id\":\"https:\/\/www2.palagina.eu\/fr\/prodotto\/sintesi-centrale-2\/\",\"url\":\"https:\/\/www2.palagina.eu\/fr\/prodotto\/sintesi-centrale-2\/\",\"name\":\"Sintesi centrale - PALAGINA\",\"isPartOf\":{\"@id\":\"https:\/\/www2.palagina.eu\/#website\"},\"datePublished\":\"2020-05-27T22:21:05+00:00\",\"dateModified\":\"2020-05-27T22:21:12+00:00\",\"breadcrumb\":{\"@id\":\"https:\/\/www2.palagina.eu\/fr\/prodotto\/sintesi-centrale-2\/#breadcrumb\"},\"inLanguage\":\"fr-FR\",\"potentialAction\":[{\"@type\":\"ReadAction\",\"target\":[\"https:\/\/www2.palagina.eu\/fr\/prodotto\/sintesi-centrale-2\/\"]}]},{\"@type\":\"BreadcrumbList\",\"@id\":\"https:\/\/www2.palagina.eu\/fr\/prodotto\/sintesi-centrale-2\/#breadcrumb\",\"itemListElement\":[{\"@type\":\"ListItem\",\"position\":1,\"name\":\"Home\",\"item\":\"https:\/\/www2.palagina.eu\/fr\/\"},{\"@type\":\"ListItem\",\"position\":2,\"name\":\"Catalogo\",\"item\":\"https:\/\/www2.palagina.eu\/catalogo\/\"},{\"@type\":\"ListItem\",\"position\":3,\"name\":\"Sintesi centrale\"}]},{\"@type\":\"WebSite\",\"@id\":\"https:\/\/www2.palagina.eu\/#website\",\"url\":\"https:\/\/www2.palagina.eu\/\",\"name\":\"PALAGINA\",\"description\":\"Il modo migliore di proteggersi\",\"publisher\":{\"@id\":\"https:\/\/www2.palagina.eu\/#organization\"},\"potentialAction\":[{\"@type\":\"SearchAction\",\"target\":{\"@type\":\"EntryPoint\",\"urlTemplate\":\"https:\/\/www2.palagina.eu\/?s={search_term_string}\"},\"query-input\":\"required name=search_term_string\"}],\"inLanguage\":\"fr-FR\"},{\"@type\":\"Organization\",\"@id\":\"https:\/\/www2.palagina.eu\/#organization\",\"name\":\"Palagina\",\"url\":\"https:\/\/www2.palagina.eu\/\",\"sameAs\":[\"https:\/\/www.youtube.com\/user\/PALAGINAZANZARIERE\",\"https:\/\/www.facebook.com\/palaginazanzariere\/\"],\"logo\":{\"@type\":\"ImageObject\",\"inLanguage\":\"fr-FR\",\"@id\":\"https:\/\/www2.palagina.eu\/#\/schema\/logo\/image\/\",\"url\":\"https:\/\/www2.palagina.eu\/wp-content\/uploads\/2019\/02\/SimboloMarchio.jpg\",\"contentUrl\":\"https:\/\/www2.palagina.eu\/wp-content\/uploads\/2019\/02\/SimboloMarchio.jpg\",\"width\":1490,\"height\":270,\"caption\":\"Palagina\"},\"image\":{\"@id\":\"https:\/\/www2.palagina.eu\/#\/schema\/logo\/image\/\"}}]}<\/script>\n<!-- \/ Yoast SEO plugin. -->","yoast_head_json":{"title":"Sintesi centrale - PALAGINA","robots":{"index":"noindex","follow":"follow","max-snippet":"max-snippet:-1","max-image-preview":"max-image-preview:large","max-video-preview":"max-video-preview:-1"},"og_locale":"fr_FR","og_type":"article","og_title":"Sintesi centrale - PALAGINA","og_description":"Moustiquaire lat\u00e9rale avec toile tendue Toile HC Haut Contraste coloris noir en fibre de verre Montage facile Ressort de retour de la toile r\u00e9glable en externe cl\u00e9 de blocage chenille en partie haute et de r\u00e9glage du ressortd\u2019\u00e9paisseur Cl\u00e9 de blocage de la chenille en partie haute et de r\u00e9glage du ressort de rappel   Produits:   Id\u00e9ale pour:\u00a0   Epaisseur:   D\u00e9placement:   Manoeuvre:   \u00a0 Installation:   Technologie:","og_url":"https:\/\/www2.palagina.eu\/fr\/prodotto\/sintesi-centrale-2\/","og_site_name":"PALAGINA","article_publisher":"https:\/\/www.facebook.com\/palaginazanzariere\/","article_modified_time":"2020-05-27T22:21:12+00:00","og_image":[{"width":1125,"height":1500,"url":"https:\/\/www2.palagina.eu\/wp-content\/uploads\/2020\/05\/SINTESI_CENTRALE_INCASSO.jpg","type":"image\/jpeg"}],"twitter_card":"summary_large_image","schema":{"@context":"https:\/\/schema.org","@graph":[{"@type":"WebPage","@id":"https:\/\/www2.palagina.eu\/fr\/prodotto\/sintesi-centrale-2\/","url":"https:\/\/www2.palagina.eu\/fr\/prodotto\/sintesi-centrale-2\/","name":"Sintesi centrale - PALAGINA","isPartOf":{"@id":"https:\/\/www2.palagina.eu\/#website"},"datePublished":"2020-05-27T22:21:05+00:00","dateModified":"2020-05-27T22:21:12+00:00","breadcrumb":{"@id":"https:\/\/www2.palagina.eu\/fr\/prodotto\/sintesi-centrale-2\/#breadcrumb"},"inLanguage":"fr-FR","potentialAction":[{"@type":"ReadAction","target":["https:\/\/www2.palagina.eu\/fr\/prodotto\/sintesi-centrale-2\/"]}]},{"@type":"BreadcrumbList","@id":"https:\/\/www2.palagina.eu\/fr\/prodotto\/sintesi-centrale-2\/#breadcrumb","itemListElement":[{"@type":"ListItem","position":1,"name":"Home","item":"https:\/\/www2.palagina.eu\/fr\/"},{"@type":"ListItem","position":2,"name":"Catalogo","item":"https:\/\/www2.palagina.eu\/catalogo\/"},{"@type":"ListItem","position":3,"name":"Sintesi centrale"}]},{"@type":"WebSite","@id":"https:\/\/www2.palagina.eu\/#website","url":"https:\/\/www2.palagina.eu\/","name":"PALAGINA","description":"Il modo migliore di proteggersi","publisher":{"@id":"https:\/\/www2.palagina.eu\/#organization"},"potentialAction":[{"@type":"SearchAction","target":{"@type":"EntryPoint","urlTemplate":"https:\/\/www2.palagina.eu\/?s={search_term_string}"},"query-input":"required name=search_term_string"}],"inLanguage":"fr-FR"},{"@type":"Organization","@id":"https:\/\/www2.palagina.eu\/#organization","name":"Palagina","url":"https:\/\/www2.palagina.eu\/","sameAs":["https:\/\/www.youtube.com\/user\/PALAGINAZANZARIERE","https:\/\/www.facebook.com\/palaginazanzariere\/"],"logo":{"@type":"ImageObject","inLanguage":"fr-FR","@id":"https:\/\/www2.palagina.eu\/#\/schema\/logo\/image\/","url":"https:\/\/www2.palagina.eu\/wp-content\/uploads\/2019\/02\/SimboloMarchio.jpg","contentUrl":"https:\/\/www2.palagina.eu\/wp-content\/uploads\/2019\/02\/SimboloMarchio.jpg","width":1490,"height":270,"caption":"Palagina"},"image":{"@id":"https:\/\/www2.palagina.eu\/#\/schema\/logo\/image\/"}}]}},"_links":{"self":[{"href":"https:\/\/www2.palagina.eu\/fr\/wp-json\/wp\/v2\/product\/30666"}],"collection":[{"href":"https:\/\/www2.palagina.eu\/fr\/wp-json\/wp\/v2\/product"}],"about":[{"href":"https:\/\/www2.palagina.eu\/fr\/wp-json\/wp\/v2\/types\/product"}],"wp:featuredmedia":[{"embeddable":true,"href":"https:\/\/www2.palagina.eu\/fr\/wp-json\/wp\/v2\/media\/28837"}],"wp:attachment":[{"href":"https:\/\/www2.palagina.eu\/fr\/wp-json\/wp\/v2\/media?parent=30666"}],"wp:term":[{"taxonomy":"product_cat","embeddable":true,"href":"https:\/\/www2.palagina.eu\/fr\/wp-json\/wp\/v2\/product_cat?post=30666"},{"taxonomy":"product_tag","embeddable":true,"href":"https:\/\/www2.palagina.eu\/fr\/wp-json\/wp\/v2\/product_tag?post=30666"}],"curies":[{"name":"wp","href":"https:\/\/api.w.org\/{rel}","templated":true}]}}